{"id":10298,"date":"2021-07-28T08:57:48","date_gmt":"2021-07-28T08:57:48","guid":{"rendered":"https:\/\/www.thegreenbow.com\/?page_id=10298"},"modified":"2021-08-18T10:13:18","modified_gmt":"2021-08-18T10:13:18","slug":"gestion-des-licences","status":"publish","type":"page","link":"https:\/\/www.thegreenbow.com\/fr\/support\/gestion-des-licences\/","title":{"rendered":"Gestion des licences"},"content":{"rendered":"\n<section  class=\"wp-block-acf-news-page-banner  post\" >\n  \n    <div class=\"section-content section-banner has-white-color img-align-center img-align-center\"  data-interchange=\"[https:\/\/www.thegreenbow.com\/wp-content\/uploads\/2021\/07\/jonatan-pie-EvKBHBGgaUo-unsplash-589x307.png, small], [https:\/\/www.thegreenbow.com\/wp-content\/uploads\/2021\/07\/jonatan-pie-EvKBHBGgaUo-unsplash-307x307.png, medium], [https:\/\/www.thegreenbow.com\/wp-content\/uploads\/2021\/07\/jonatan-pie-EvKBHBGgaUo-unsplash-1366x218.png, large], [https:\/\/www.thegreenbow.com\/wp-content\/uploads\/2021\/07\/jonatan-pie-EvKBHBGgaUo-unsplash.png, xlarge], [https:\/\/www.thegreenbow.com\/wp-content\/uploads\/2021\/07\/jonatan-pie-EvKBHBGgaUo-unsplash-589x307.png, retina], [https:\/\/www.thegreenbow.com\/wp-content\/uploads\/2021\/07\/jonatan-pie-EvKBHBGgaUo-unsplash-307x307.png, medium_retina], [https:\/\/www.thegreenbow.com\/wp-content\/uploads\/2021\/07\/jonatan-pie-EvKBHBGgaUo-unsplash.png, large_retina]\" data-interchange-sizes=\"{&quot;small&quot;:{&quot;w&quot;:589,&quot;h&quot;:307},&quot;medium&quot;:{&quot;w&quot;:307,&quot;h&quot;:307},&quot;large&quot;:{&quot;w&quot;:1366,&quot;h&quot;:218},&quot;xlarge&quot;:{&quot;w&quot;:1920,&quot;h&quot;:307},&quot;retina&quot;:{&quot;w&quot;:589,&quot;h&quot;:307},&quot;medium_retina&quot;:{&quot;w&quot;:307,&quot;h&quot;:307},&quot;large_retina&quot;:{&quot;w&quot;:1920,&quot;h&quot;:307},&quot;xlarge_retina&quot;:{&quot;w&quot;:1920,&quot;h&quot;:307}}\" >\n\n              <h1 class=\"page-title\">Gestion des licences<\/h1>\n      \n    <\/div>\n\n  \n  \n  \n<\/section>\n\n\n<section  class=\"wp-block-acf-introduction is-style-variation-section-introduction section-content section-introduction\" itemprop=\"hasPart\" itemscope itemtype=\"https:\/\/schema.org\/WebPageElement\">\n  <div class=\"grid-container\">\n    <div class=\"grid-x grid-padding-x align-center\">\n      <div class=\"cell large-10\">\n        \n\n<p class=\"has-text-align-center\">Vous avez besoin d\u2019aide pour activer votre licence\u00a0 ou bien pour la g\u00e9rer ?<\/p>\n\n\n\n<p class=\"has-text-align-center\">Cette page est faite pour vous\u00a0!<\/p>\n\n      <\/div>\n    <\/div>\n  <\/div>\n<\/section>\n\n\n<section class=\"block-grid-wrapper block-grid-for-core-heading\">\n      <div class=\"default-editor-content grid-for-core-heading grid-container\">\n        <div class=\"grid-x grid-padding-x align-center\">\n          <div class=\"cell\">\n            \n<h2 class=\"wp-block-heading\"><strong>Comment entrer ma licence\u00a0?<\/strong><\/h2>\n          <\/div>\n        <\/div>\n      <\/div>\n\n      <\/section>\n\n<section class=\"block-grid-wrapper block-grid-for-core-paragraph\">\n      <div class=\"default-editor-content grid-for-core-paragraph grid-container\">\n        <div class=\"grid-x grid-padding-x align-center\">\n          <div class=\"cell\">\n            \n<p>Votre licence contient 20 ou 24 caract\u00e8res. Elle est donc du type \u00ab\u00a00123456789ABCDEF0123\u00a0\u00bb ou\u00a0\u00ab\u00a0123456-123456-123456-123456\u00a0\u00bb. Pour entrer votre licence, suivez les instructions ci-dessous :<\/p>\n          <\/div>\n        <\/div>\n      <\/div>\n\n      <\/section>\n\n<section class=\"block-grid-wrapper block-grid-for-core-paragraph\">\n      <div class=\"default-editor-content grid-for-core-paragraph grid-container\">\n        <div class=\"grid-x grid-padding-x align-center\">\n          <div class=\"cell\">\n            \n<p><br><strong>Pour une licence de 20 caract\u00e8res<\/strong><\/p>\n          <\/div>\n        <\/div>\n      <\/div>\n\n      <\/section>\n\n<section class=\"block-grid-wrapper block-grid-for-core-list\">\n      <div class=\"default-editor-content grid-for-core-list grid-container\">\n        <div class=\"grid-x grid-padding-x align-center\">\n          <div class=\"cell\">\n            \n<ul class=\"wp-block-list\"><li>Lancez le logiciel TheGreenBow<\/li><li>Cliquez sur \u00ab\u00a0Activer\u00a0\u00bb<\/li><li>Si l&rsquo;\u00e9cran pr\u00e9sente le champ \u00ab\u00a0Num\u00e9ro de Licence\u00a0\u00bb sous la forme de quatre champs de saisie, cliquez sur \u00ab\u00a0Cliquer ici pour entrer une licence de 20 caract\u00e8res\u00a0\u00bb<\/li><li>Entrez votre licence de 20 caract\u00e8res dans le champ de \u00ab\u00a0Num\u00e9ro de licence\u00a0\u00bb<br>Vous pouvez aussi la copier\/coller dans ce champ.<\/li><li>Entrez votre adresse email<\/li><li>Cliquez sur \u00ab\u00a0Suivant\u00a0\u00bb<\/li><\/ul>\n          <\/div>\n        <\/div>\n      <\/div>\n\n      <\/section>\n\n<section class=\"block-grid-wrapper block-grid-for-core-paragraph\">\n      <div class=\"default-editor-content grid-for-core-paragraph grid-container\">\n        <div class=\"grid-x grid-padding-x align-center\">\n          <div class=\"cell\">\n            \n<p><strong>Pour une licence 24 caract\u00e8res<\/strong><\/p>\n          <\/div>\n        <\/div>\n      <\/div>\n\n      <\/section>\n\n<section class=\"block-grid-wrapper block-grid-for-core-list\">\n      <div class=\"default-editor-content grid-for-core-list grid-container\">\n        <div class=\"grid-x grid-padding-x align-center\">\n          <div class=\"cell\">\n            \n<ul class=\"wp-block-list\"><li>Lancez le logiciel TheGreenBow<\/li><li>Cliquez sur \u00ab\u00a0Activer\u00a0\u00bb<\/li><li>Entrez votre licence de 24 caract\u00e8res dans les 4 champs de \u00ab\u00a0Num\u00e9ro de licence\u00a0\u00bb<\/li><li>Entrez votre adresse email<\/li><li>Cliquez sur \u00ab\u00a0Suivant\u00a0\u00bb<\/li><\/ul>\n          <\/div>\n        <\/div>\n      <\/div>\n\n      <\/section>\n\n<section class=\"block-grid-wrapper block-grid-for-core-heading\">\n      <div class=\"default-editor-content grid-for-core-heading grid-container\">\n        <div class=\"grid-x grid-padding-x align-center\">\n          <div class=\"cell\">\n            \n<h2 class=\"wp-block-heading\"><strong>Comment activer manuellement ma licence\u00a0?<\/strong><\/h2>\n          <\/div>\n        <\/div>\n      <\/div>\n\n      <\/section>\n\n<section class=\"block-grid-wrapper block-grid-for-core-paragraph\">\n      <div class=\"default-editor-content grid-for-core-paragraph grid-container\">\n        <div class=\"grid-x grid-padding-x align-center\">\n          <div class=\"cell\">\n            \n<p>Vous n\u2019avez pas de serveur d\u2019activation ou  vous rencontrez des probl\u00e8mes de connexion internet. Vous pouvez activer manuellement votre licence sans connexion internet\u00a0en suivant la proc\u00e9dure ci-dessous.<\/p>\n          <\/div>\n        <\/div>\n      <\/div>\n\n      <\/section>\n\n<section class=\"block-grid-wrapper block-grid-for-core-heading\">\n      <div class=\"default-editor-content grid-for-core-heading grid-container\">\n        <div class=\"grid-x grid-padding-x align-center\">\n          <div class=\"cell\">\n            \n<h2 class=\"wp-block-heading\"><strong>Comment mettre \u00e0 jour ma version\u00a0?<\/strong><\/h2>\n          <\/div>\n        <\/div>\n      <\/div>\n\n      <\/section>\n\n<section class=\"block-grid-wrapper block-grid-for-core-paragraph\">\n      <div class=\"default-editor-content grid-for-core-paragraph grid-container\">\n        <div class=\"grid-x grid-padding-x align-center\">\n          <div class=\"cell\">\n            \n<p>Pour v\u00e9rifier la maintenance \u00e0 laquelle vous avez droit, ainsi que l\u2019abonnement et les mises \u00e0 jour associ\u00e9es \u00e0 votre licence, veuillez renseigner votre cl\u00e9 de licence en suivant la proc\u00e9dure ci-dessous.<\/p>\n          <\/div>\n        <\/div>\n      <\/div>\n\n      <\/section>\n\n<section class=\"block-grid-wrapper block-grid-for-core-paragraph\">\n      <div class=\"default-editor-content grid-for-core-paragraph grid-container\">\n        <div class=\"grid-x grid-padding-x align-center\">\n          <div class=\"cell\">\n            \n<p><\/p>\n          <\/div>\n        <\/div>\n      <\/div>\n\n      <\/section>\n\n<section  class=\"wp-block-acf-license-check-picker  section-content section-license-check-picker\" itemprop=\"hasPart\" itemscope itemtype=\"https:\/\/schema.org\/WebPageElement\">\n  <div class=\"grid-container\">\n    <div class=\"grid-x grid-padding-x align-center\">\n      <div class=\"cell large-7\">\n        <div class=\"grid-container\">\n          <div class=\"grid-x grid-padding-x\">\n            <div class=\"cell medium-6 mb-30 mb-lg-0\">\n              <a href=\"https:\/\/www.thegreenbow.com\/fr\/support\/gestion-des-licences\/activation-manuelle-dune-licence\/\" class=\"picker\">\n                <div class=\"icon\">\n                  <svg xmlns=\"http:\/\/www.w3.org\/2000\/svg\" width=\"340\" height=\"220\"><defs><linearGradient id=\"a\" x1=\"-.023\" y1=\"1.018\" x2=\"1\" gradientUnits=\"objectBoundingBox\"><stop offset=\"0\" stop-color=\"#b8de39\"\/><stop offset=\"1\" stop-color=\"#7fc824\"\/><\/linearGradient><clipPath id=\"b\"><rect width=\"340\" height=\"220\" rx=\"3\" transform=\"translate(8 128)\" fill=\"url(#a)\"\/><\/clipPath><style>.icon-activation-e{fill:none}.icon-activation-f{fill:#3b4f5f}<\/style><\/defs><rect width=\"340\" height=\"220\" rx=\"3\" fill=\"#f5f5f5\"\/><g transform=\"translate(-8 -128)\" clip-path=\"url(#b)\"><g transform=\"translate(213 213)\" stroke=\"#7fc824\" stroke-width=\"2\" opacity=\".295\" fill=\"none\"><circle cx=\"155\" cy=\"155\" r=\"155\" stroke=\"none\"\/><circle class=\"icon-activation-e\" cx=\"155\" cy=\"155\" r=\"154\"\/><\/g><\/g><path class=\"icon-activation-e\" d=\"M152.89 88.381a16.433 16.433 0 0 1 7.813-14 1.651 1.651 0 0 1 1.736 2.81 13.138 13.138 0 0 0 1.449 23.143 5.812 5.812 0 0 1 4.363-4.338 5.687 5.687 0 0 1 1.154-.119 5.676 5.676 0 0 1 5.516 4.39 13.155 13.155 0 0 0 7.548-11.887 14.091 14.091 0 0 0-1.575-6.589 12.034 12.034 0 0 0-4.369-4.65 1.652 1.652 0 1 1 1.715-2.823 16.166 16.166 0 0 1 7.531 14.061 16.47 16.47 0 0 1-10.7 15.407v8.561a24.832 24.832 0 1 0-11.335.034v-8.539a16.47 16.47 0 0 1-10.846-15.461zm14.791-15.826a1.651 1.651 0 0 1 3.3 0v16.407a1.651 1.651 0 1 1-3.3 0z\"\/><path class=\"icon-activation-f\" d=\"M175.071 103.788a16.47 16.47 0 0 0 10.7-15.407 16.166 16.166 0 0 0-7.531-14.061 1.652 1.652 0 1 0-1.715 2.823 12.034 12.034 0 0 1 4.369 4.65 14.09 14.09 0 0 1 1.575 6.589 13.155 13.155 0 0 1-7.548 11.887 5.658 5.658 0 0 1 .147 1.281zm-5.738-13.174a1.652 1.652 0 0 0 1.651-1.652V72.554a1.651 1.651 0 0 0-3.3 0v16.407a1.652 1.652 0 0 0 1.649 1.653z\"\/><path class=\"icon-activation-f\" d=\"M193.158 118.315h-.022a5.549 5.549 0 0 0-2.745.722 5.677 5.677 0 0 0-5.15-3.361h-.023a5.547 5.547 0 0 0-2.745.722 5.661 5.661 0 0 0-1.986-2.372 28.157 28.157 0 1 0-16.75 1.736v15.551l-2.933-3.352a6.984 6.984 0 0 0-9.587-.851l-.919.735a4.235 4.235 0 0 0-1.016 5.58l9.4 15.166A22.048 22.048 0 0 0 177.321 160a21.527 21.527 0 0 0 21.5-21.5v-14.518a5.674 5.674 0 0 0-5.663-5.667zm-41.4-12.582a24.835 24.835 0 1 1 23.314 6.616V101.55a5.673 5.673 0 0 0-5.663-5.671 5.687 5.687 0 0 0-1.154.119 5.812 5.812 0 0 0-4.363 4.338 13.138 13.138 0 0 1-1.449-23.143 1.651 1.651 0 0 0-1.736-2.81 16.444 16.444 0 0 0 3.034 29.46v8.541a24.691 24.691 0 0 1-11.983-6.652zm43.646 32.767a18.1 18.1 0 0 1-18.072 18.085 18.627 18.627 0 0 1-15.7-9.719l-9.391-15.27a.842.842 0 0 1 .187-1.08l.922-.737a3.569 3.569 0 0 1 4.889.439l5.926 6.771a1.709 1.709 0 0 0 2.99-1.128v-34.132a2.38 2.38 0 0 1 .015-.39 2.422 2.422 0 0 1 1.771-2.05 2.271 2.271 0 0 1 2.706 2.024 2.273 2.273 0 0 1 .009.236v26.392a1.709 1.709 0 0 0 3.417 0V118.7a2.25 2.25 0 0 1 4.5 0v9.237a1.709 1.709 0 0 0 3.417 0v-6.6a2.25 2.25 0 1 1 4.5 0v6.6a1.709 1.709 0 0 0 3.417 0v-3.955a2.25 2.25 0 0 1 4.5 0z\"\/><\/svg>                <\/div>\n                <div class=\"text\">ACTIVATION MANUELLE D\u2019UNE LICENCE<\/div>\n                <div class=\"bar-wrapper\"><div class=\"bar\"><\/div><\/div>\n              <\/a>\n            <\/div>\n            <div class=\"cell medium-6 mb-30 mb-lg-0\">\n              <a href=\"https:\/\/www.thegreenbow.com\/fr\/support\/gestion-des-licences\/verification-dune-licence\/\" class=\"picker\">\n                <div class=\"icon\">\n                  <svg xmlns=\"http:\/\/www.w3.org\/2000\/svg\" width=\"340\" height=\"220\"><defs><linearGradient id=\"a\" x1=\"-.023\" y1=\"1.018\" x2=\"1\" gradientUnits=\"objectBoundingBox\"><stop offset=\"0\" stop-color=\"#b8de39\"\/><stop offset=\"1\" stop-color=\"#7fc824\"\/><\/linearGradient><clipPath id=\"b\"><rect width=\"340\" height=\"220\" rx=\"3\" transform=\"translate(8 128)\" fill=\"url(#a)\"\/><\/clipPath><style>.icon-verification-f{fill:none}.icon-verification-e{fill:#3b4f5f}<\/style><\/defs><rect width=\"340\" height=\"220\" rx=\"3\" fill=\"#f5f5f5\"\/><g transform=\"translate(-8 -128)\" clip-path=\"url(#b)\"><g transform=\"translate(213 213)\" stroke=\"#7fc824\" stroke-width=\"2\" opacity=\".295\" fill=\"none\"><circle cx=\"155\" cy=\"155\" r=\"155\" stroke=\"none\"\/><circle class=\"icon-verification-f\" cx=\"155\" cy=\"155\" r=\"154\"\/><\/g><\/g><path class=\"icon-verification-e\" d=\"M148.152 104.321a1.625 1.625 0 0 0-2.8-.4l-9.024 11.49-1.48-1.48a1.625 1.625 0 0 0-2.29 2.307l2.774 2.774a1.612 1.612 0 0 0 1.136.465h.1a1.626 1.626 0 0 0 1.18-.618l10.152-12.914a1.627 1.627 0 0 0 .252-1.624zm0 21.996a1.625 1.625 0 0 0-2.8-.4l-9.024 11.49-1.48-1.48a1.625 1.625 0 0 0-2.29 2.307l2.775 2.775a1.613 1.613 0 0 0 1.136.465h.1a1.626 1.626 0 0 0 1.18-.618l10.148-12.916a1.626 1.626 0 0 0 .255-1.623zm-.001-44.22a1.625 1.625 0 0 0-2.8-.4l-9.023 11.491-1.48-1.48a1.625 1.625 0 0 0-2.29 2.307l2.775 2.774a1.612 1.612 0 0 0 1.135.465h.1a1.627 1.627 0 0 0 1.18-.618l10.148-12.916a1.627 1.627 0 0 0 .255-1.623z\"\/><path class=\"icon-verification-f\" d=\"M153.087 137.954a1.672 1.672 0 1 1 0-3.344h10.495a28.594 28.594 0 0 1-.146-2.893 28.147 28.147 0 0 1 4.533-15.361h-14.882a1.672 1.672 0 1 1 0-3.344h17.42a28.311 28.311 0 0 1 12.323-8.151v-31.7h-12.364v4.215a1.716 1.716 0 0 1-1.672 1.672H137.38a1.716 1.716 0 0 1-1.673-1.672v-4.215h-12.363v73.23h44.191a28.11 28.11 0 0 1-3.408-8.437zm0-46.539h21.6a1.672 1.672 0 1 1 0 3.344h-21.6a1.672 1.672 0 1 1 0-3.344z\"\/><path class=\"icon-verification-f\" d=\"M167.123 69.234h-6.428a1.693 1.693 0 0 1-1.619-1.254 6.186 6.186 0 0 0-11.977 0 1.694 1.694 0 0 1-1.619 1.255h-6.428v6.473h28.071z\"\/><path class=\"icon-verification-e\" d=\"M153.087 94.759h21.6a1.672 1.672 0 1 0 0-3.344h-21.6a1.672 1.672 0 1 0 0 3.344z\"\/><path class=\"icon-verification-e\" d=\"M191.718 103.436a28.407 28.407 0 0 0-5.544.545V71.489a1.716 1.716 0 0 0-1.674-1.672h-14.034v-2.255a1.716 1.716 0 0 0-1.672-1.672h-6.981a9.408 9.408 0 0 0-17.452 0h-6.982a1.716 1.716 0 0 0-1.672 1.672v2.255h-14.045A1.688 1.688 0 0 0 120 71.489v76.574a1.717 1.717 0 0 0 1.672 1.672h48.245a28.282 28.282 0 1 0 21.8-46.3zm-52.667-34.202h6.428a1.694 1.694 0 0 0 1.621-1.255 6.186 6.186 0 0 1 11.977 0 1.693 1.693 0 0 0 1.619 1.254h6.428v6.473h-28.073zm-15.707 77.157v-73.23h12.363v4.219a1.716 1.716 0 0 0 1.672 1.672h31.416a1.716 1.716 0 0 0 1.672-1.672v-4.219h12.363v31.7a28.311 28.311 0 0 0-12.323 8.151h-17.42a1.672 1.672 0 1 0 0 3.344h14.881a28.147 28.147 0 0 0-4.533 15.361 28.594 28.594 0 0 0 .146 2.893h-10.494a1.672 1.672 0 1 0 0 3.344h11.04a28.11 28.11 0 0 0 3.408 8.437zm86.025 2.978a24.961 24.961 0 0 1-34.926.366 25.953 25.953 0 0 1-.375-.366 25.3 25.3 0 0 1-2.548-2.978 24.71 24.71 0 0 1-4.6-11.781 25.37 25.37 0 0 1-.166-2.893 24.772 24.772 0 0 1 5.282-15.361 25.361 25.361 0 0 1 2.029-2.29q.515-.515 1.055-.994a24.722 24.722 0 0 1 11.052-5.7 25.167 25.167 0 0 1 5.544-.615 24.962 24.962 0 0 1 17.653 42.612z\"\/><path d=\"m202.052 119.027-17.177 21.869-3.668-3.668a1.667 1.667 0 0 0-2.357 2.357l5 5a1.668 1.668 0 0 0 1.174.477h.1a1.666 1.666 0 0 0 1.21-.633l18.338-23.339a1.667 1.667 0 1 0-2.62-2.06z\" fill-rule=\"evenodd\" fill=\"#3b4f5f\"\/><\/svg>                <\/div>\n                <div class=\"text\">V\u00e9RIFICATION D\u2019UNE LICENCE<\/div>\n                <div class=\"bar-wrapper\"><div class=\"bar\"><\/div><\/div>\n              <\/a>\n            <\/div>\n          <\/div>\n        <\/div>\n      <\/div>\n    <\/div>\n  <\/div>\n<\/section>\n","protected":false},"excerpt":{"rendered":"<p>Comment entrer ma licence\u00a0? Votre licence contient 20 ou 24 caract\u00e8res. Elle est donc du type \u00ab\u00a00123456789ABCDEF0123\u00a0\u00bb ou\u00a0\u00ab\u00a0123456-123456-123456-123456\u00a0\u00bb. Pour entrer votre licence, suivez les instructions ci-dessous : Pour une licence de 20 caract\u00e8res Lancez le logiciel TheGreenBow Cliquez sur \u00ab\u00a0Activer\u00a0\u00bb Si l&rsquo;\u00e9cran pr\u00e9sente le champ \u00ab\u00a0Num\u00e9ro de Licence\u00a0\u00bb sous la forme de quatre champs de [&hellip;]<\/p>\n","protected":false},"author":1,"featured_media":0,"parent":45,"menu_order":0,"comment_status":"closed","ping_status":"closed","template":"","meta":{"_acf_changed":false,"resource_type":"internal","footnotes":""},"class_list":["post-10298","page","type-page","status-publish","hentry"],"acf":[],"yoast_head":"<!-- This site is optimized with the Yoast SEO plugin v27.3 - https:\/\/yoast.com\/product\/yoast-seo-wordpress\/ -->\n<title>Gestion des licences - activation et v\u00e9rification - TheGreenBow<\/title>\n<meta name=\"description\" content=\"TheGreenBow met \u00e0 votre disposition un outil afin de v\u00e9rifier les information de vos licences ou activer manuellement vos licences.\" \/>\n<meta name=\"robots\" content=\"index, follow, max-snippet:-1, max-image-preview:large, max-video-preview:-1\" \/>\n<link rel=\"canonical\" href=\"https:\/\/www.thegreenbow.com\/fr\/support\/gestion-des-licences\/\" \/>\n<meta property=\"og:locale\" content=\"fr_FR\" \/>\n<meta property=\"og:type\" content=\"article\" \/>\n<meta property=\"og:title\" content=\"Gestion des licences - activation et v\u00e9rification - TheGreenBow\" \/>\n<meta property=\"og:description\" content=\"TheGreenBow met \u00e0 votre disposition un outil afin de v\u00e9rifier les information de vos licences ou activer manuellement vos licences.\" \/>\n<meta property=\"og:url\" content=\"https:\/\/www.thegreenbow.com\/fr\/support\/gestion-des-licences\/\" \/>\n<meta property=\"og:site_name\" content=\"TheGreenBow\" \/>\n<meta property=\"article:modified_time\" content=\"2021-08-18T10:13:18+00:00\" \/>\n<meta property=\"og:image\" content=\"https:\/\/www.thegreenbow.com\/wp-content\/uploads\/2021\/08\/TGB-social-image-1.jpg\" \/>\n\t<meta property=\"og:image:width\" content=\"683\" \/>\n\t<meta property=\"og:image:height\" content=\"384\" \/>\n\t<meta property=\"og:image:type\" content=\"image\/jpeg\" \/>\n<meta name=\"twitter:card\" content=\"summary_large_image\" \/>\n<meta name=\"twitter:site\" content=\"@thegreenbow\" \/>\n<meta name=\"twitter:label1\" content=\"Dur\u00e9e de lecture estim\u00e9e\" \/>\n\t<meta name=\"twitter:data1\" content=\"1 minute\" \/>\n<script type=\"application\/ld+json\" class=\"yoast-schema-graph\">{\"@context\":\"https:\\\/\\\/schema.org\",\"@graph\":[{\"@type\":\"WebPage\",\"@id\":\"https:\\\/\\\/www.thegreenbow.com\\\/fr\\\/support\\\/gestion-des-licences\\\/\",\"url\":\"https:\\\/\\\/www.thegreenbow.com\\\/fr\\\/support\\\/gestion-des-licences\\\/\",\"name\":\"Gestion des licences - activation et v\u00e9rification - TheGreenBow\",\"isPartOf\":{\"@id\":\"https:\\\/\\\/www.thegreenbow.com\\\/fr\\\/#website\"},\"datePublished\":\"2021-07-28T08:57:48+00:00\",\"dateModified\":\"2021-08-18T10:13:18+00:00\",\"description\":\"TheGreenBow met \u00e0 votre disposition un outil afin de v\u00e9rifier les information de vos licences ou activer manuellement vos licences.\",\"breadcrumb\":{\"@id\":\"https:\\\/\\\/www.thegreenbow.com\\\/fr\\\/support\\\/gestion-des-licences\\\/#breadcrumb\"},\"inLanguage\":\"fr-FR\",\"potentialAction\":[{\"@type\":\"ReadAction\",\"target\":[\"https:\\\/\\\/www.thegreenbow.com\\\/fr\\\/support\\\/gestion-des-licences\\\/\"]}]},{\"@type\":\"BreadcrumbList\",\"@id\":\"https:\\\/\\\/www.thegreenbow.com\\\/fr\\\/support\\\/gestion-des-licences\\\/#breadcrumb\",\"itemListElement\":[{\"@type\":\"ListItem\",\"position\":1,\"name\":\"Accueil\",\"item\":\"https:\\\/\\\/www.thegreenbow.com\\\/fr\\\/\"},{\"@type\":\"ListItem\",\"position\":2,\"name\":\"Support\",\"item\":\"https:\\\/\\\/www.thegreenbow.com\\\/fr\\\/support\\\/assistance\\\/\"},{\"@type\":\"ListItem\",\"position\":3,\"name\":\"Gestion des licences\"}]},{\"@type\":\"WebSite\",\"@id\":\"https:\\\/\\\/www.thegreenbow.com\\\/fr\\\/#website\",\"url\":\"https:\\\/\\\/www.thegreenbow.com\\\/fr\\\/\",\"name\":\"TheGreenBow\",\"description\":\"\",\"publisher\":{\"@id\":\"https:\\\/\\\/www.thegreenbow.com\\\/fr\\\/#organization\"},\"potentialAction\":[{\"@type\":\"SearchAction\",\"target\":{\"@type\":\"EntryPoint\",\"urlTemplate\":\"https:\\\/\\\/www.thegreenbow.com\\\/fr\\\/?s={search_term_string}\"},\"query-input\":{\"@type\":\"PropertyValueSpecification\",\"valueRequired\":true,\"valueName\":\"search_term_string\"}}],\"inLanguage\":\"fr-FR\"},{\"@type\":\"Organization\",\"@id\":\"https:\\\/\\\/www.thegreenbow.com\\\/fr\\\/#organization\",\"name\":\"TheGreenBow\",\"url\":\"https:\\\/\\\/www.thegreenbow.com\\\/fr\\\/\",\"logo\":{\"@type\":\"ImageObject\",\"inLanguage\":\"fr-FR\",\"@id\":\"https:\\\/\\\/www.thegreenbow.com\\\/fr\\\/#\\\/schema\\\/logo\\\/image\\\/\",\"url\":\"https:\\\/\\\/www.thegreenbow.com\\\/wp-content\\\/uploads\\\/2021\\\/04\\\/Logotype@2x-min.png\",\"contentUrl\":\"https:\\\/\\\/www.thegreenbow.com\\\/wp-content\\\/uploads\\\/2021\\\/04\\\/Logotype@2x-min.png\",\"width\":422,\"height\":84,\"caption\":\"TheGreenBow\"},\"image\":{\"@id\":\"https:\\\/\\\/www.thegreenbow.com\\\/fr\\\/#\\\/schema\\\/logo\\\/image\\\/\"},\"sameAs\":[\"https:\\\/\\\/x.com\\\/thegreenbow\",\"https:\\\/\\\/fr.linkedin.com\\\/company\\\/thegreenbow\",\"https:\\\/\\\/www.youtube.com\\\/channel\\\/UCZKtI7_fmgFcmovgGSy8AnQ\"]}]}<\/script>\n<!-- \/ Yoast SEO plugin. -->","yoast_head_json":{"title":"Gestion des licences - activation et v\u00e9rification - TheGreenBow","description":"TheGreenBow met \u00e0 votre disposition un outil afin de v\u00e9rifier les information de vos licences ou activer manuellement vos licences.","robots":{"index":"index","follow":"follow","max-snippet":"max-snippet:-1","max-image-preview":"max-image-preview:large","max-video-preview":"max-video-preview:-1"},"canonical":"https:\/\/www.thegreenbow.com\/fr\/support\/gestion-des-licences\/","og_locale":"fr_FR","og_type":"article","og_title":"Gestion des licences - activation et v\u00e9rification - TheGreenBow","og_description":"TheGreenBow met \u00e0 votre disposition un outil afin de v\u00e9rifier les information de vos licences ou activer manuellement vos licences.","og_url":"https:\/\/www.thegreenbow.com\/fr\/support\/gestion-des-licences\/","og_site_name":"TheGreenBow","article_modified_time":"2021-08-18T10:13:18+00:00","og_image":[{"width":683,"height":384,"url":"https:\/\/www.thegreenbow.com\/wp-content\/uploads\/2021\/08\/TGB-social-image-1.jpg","type":"image\/jpeg"}],"twitter_card":"summary_large_image","twitter_site":"@thegreenbow","twitter_misc":{"Dur\u00e9e de lecture estim\u00e9e":"1 minute"},"schema":{"@context":"https:\/\/schema.org","@graph":[{"@type":"WebPage","@id":"https:\/\/www.thegreenbow.com\/fr\/support\/gestion-des-licences\/","url":"https:\/\/www.thegreenbow.com\/fr\/support\/gestion-des-licences\/","name":"Gestion des licences - activation et v\u00e9rification - TheGreenBow","isPartOf":{"@id":"https:\/\/www.thegreenbow.com\/fr\/#website"},"datePublished":"2021-07-28T08:57:48+00:00","dateModified":"2021-08-18T10:13:18+00:00","description":"TheGreenBow met \u00e0 votre disposition un outil afin de v\u00e9rifier les information de vos licences ou activer manuellement vos licences.","breadcrumb":{"@id":"https:\/\/www.thegreenbow.com\/fr\/support\/gestion-des-licences\/#breadcrumb"},"inLanguage":"fr-FR","potentialAction":[{"@type":"ReadAction","target":["https:\/\/www.thegreenbow.com\/fr\/support\/gestion-des-licences\/"]}]},{"@type":"BreadcrumbList","@id":"https:\/\/www.thegreenbow.com\/fr\/support\/gestion-des-licences\/#breadcrumb","itemListElement":[{"@type":"ListItem","position":1,"name":"Accueil","item":"https:\/\/www.thegreenbow.com\/fr\/"},{"@type":"ListItem","position":2,"name":"Support","item":"https:\/\/www.thegreenbow.com\/fr\/support\/assistance\/"},{"@type":"ListItem","position":3,"name":"Gestion des licences"}]},{"@type":"WebSite","@id":"https:\/\/www.thegreenbow.com\/fr\/#website","url":"https:\/\/www.thegreenbow.com\/fr\/","name":"TheGreenBow","description":"","publisher":{"@id":"https:\/\/www.thegreenbow.com\/fr\/#organization"},"potentialAction":[{"@type":"SearchAction","target":{"@type":"EntryPoint","urlTemplate":"https:\/\/www.thegreenbow.com\/fr\/?s={search_term_string}"},"query-input":{"@type":"PropertyValueSpecification","valueRequired":true,"valueName":"search_term_string"}}],"inLanguage":"fr-FR"},{"@type":"Organization","@id":"https:\/\/www.thegreenbow.com\/fr\/#organization","name":"TheGreenBow","url":"https:\/\/www.thegreenbow.com\/fr\/","logo":{"@type":"ImageObject","inLanguage":"fr-FR","@id":"https:\/\/www.thegreenbow.com\/fr\/#\/schema\/logo\/image\/","url":"https:\/\/www.thegreenbow.com\/wp-content\/uploads\/2021\/04\/Logotype@2x-min.png","contentUrl":"https:\/\/www.thegreenbow.com\/wp-content\/uploads\/2021\/04\/Logotype@2x-min.png","width":422,"height":84,"caption":"TheGreenBow"},"image":{"@id":"https:\/\/www.thegreenbow.com\/fr\/#\/schema\/logo\/image\/"},"sameAs":["https:\/\/x.com\/thegreenbow","https:\/\/fr.linkedin.com\/company\/thegreenbow","https:\/\/www.youtube.com\/channel\/UCZKtI7_fmgFcmovgGSy8AnQ"]}]}},"_links":{"self":[{"href":"https:\/\/www.thegreenbow.com\/fr\/wp-json\/wp\/v2\/pages\/10298","targetHints":{"allow":["GET"]}}],"collection":[{"href":"https:\/\/www.thegreenbow.com\/fr\/wp-json\/wp\/v2\/pages"}],"about":[{"href":"https:\/\/www.thegreenbow.com\/fr\/wp-json\/wp\/v2\/types\/page"}],"author":[{"embeddable":true,"href":"https:\/\/www.thegreenbow.com\/fr\/wp-json\/wp\/v2\/users\/1"}],"replies":[{"embeddable":true,"href":"https:\/\/www.thegreenbow.com\/fr\/wp-json\/wp\/v2\/comments?post=10298"}],"version-history":[{"count":19,"href":"https:\/\/www.thegreenbow.com\/fr\/wp-json\/wp\/v2\/pages\/10298\/revisions"}],"predecessor-version":[{"id":10485,"href":"https:\/\/www.thegreenbow.com\/fr\/wp-json\/wp\/v2\/pages\/10298\/revisions\/10485"}],"up":[{"embeddable":true,"href":"https:\/\/www.thegreenbow.com\/fr\/wp-json\/wp\/v2\/pages\/45"}],"wp:attachment":[{"href":"https:\/\/www.thegreenbow.com\/fr\/wp-json\/wp\/v2\/media?parent=10298"}],"curies":[{"name":"wp","href":"https:\/\/api.w.org\/{rel}","templated":true}]}}