{"id":10317,"date":"2021-07-28T10:41:39","date_gmt":"2021-07-28T10:41:39","guid":{"rendered":"https:\/\/www.thegreenbow.com\/?page_id=10317"},"modified":"2021-08-18T07:18:39","modified_gmt":"2021-08-18T07:18:39","slug":"verification-dune-licence","status":"publish","type":"page","link":"https:\/\/www.thegreenbow.com\/fr\/support\/gestion-des-licences\/verification-dune-licence\/","title":{"rendered":"V\u00e9rification d\u2019une licence"},"content":{"rendered":"\n<section  class=\"wp-block-acf-news-page-banner  post\" >\n  \n    <div class=\"section-content section-banner has-white-color img-align-center img-align-center\"  data-interchange=\"[https:\/\/www.thegreenbow.com\/wp-content\/uploads\/2021\/07\/jonatan-pie-EvKBHBGgaUo-unsplash-589x307.png, small], [https:\/\/www.thegreenbow.com\/wp-content\/uploads\/2021\/07\/jonatan-pie-EvKBHBGgaUo-unsplash-307x307.png, medium], [https:\/\/www.thegreenbow.com\/wp-content\/uploads\/2021\/07\/jonatan-pie-EvKBHBGgaUo-unsplash-1366x218.png, large], [https:\/\/www.thegreenbow.com\/wp-content\/uploads\/2021\/07\/jonatan-pie-EvKBHBGgaUo-unsplash.png, xlarge], [https:\/\/www.thegreenbow.com\/wp-content\/uploads\/2021\/07\/jonatan-pie-EvKBHBGgaUo-unsplash-589x307.png, retina], [https:\/\/www.thegreenbow.com\/wp-content\/uploads\/2021\/07\/jonatan-pie-EvKBHBGgaUo-unsplash-307x307.png, medium_retina], [https:\/\/www.thegreenbow.com\/wp-content\/uploads\/2021\/07\/jonatan-pie-EvKBHBGgaUo-unsplash.png, large_retina]\" data-interchange-sizes=\"{&quot;small&quot;:{&quot;w&quot;:589,&quot;h&quot;:307},&quot;medium&quot;:{&quot;w&quot;:307,&quot;h&quot;:307},&quot;large&quot;:{&quot;w&quot;:1366,&quot;h&quot;:218},&quot;xlarge&quot;:{&quot;w&quot;:1920,&quot;h&quot;:307},&quot;retina&quot;:{&quot;w&quot;:589,&quot;h&quot;:307},&quot;medium_retina&quot;:{&quot;w&quot;:307,&quot;h&quot;:307},&quot;large_retina&quot;:{&quot;w&quot;:1920,&quot;h&quot;:307},&quot;xlarge_retina&quot;:{&quot;w&quot;:1920,&quot;h&quot;:307}}\" >\n\n              <h1 class=\"page-title\">V\u00e9rification d\u2019une licence<\/h1>\n      \n    <\/div>\n\n  \n  \n  \n<\/section>\n\n\n\n\n<section  class=\"wp-block-acf-license-verification  section-content section-license-verification\" itemprop=\"hasPart\" itemscope itemtype=\"https:\/\/schema.org\/WebPageElement\">\n  <div class=\"grid-container\">\n    <div class=\"grid-x grid-padding-x align-center\">\n      <div class=\"cell large-9\">\n        <h2>V\u00e9rifier les informations d\u2019une licence<\/h2>\n                <p>Saisissez votre num\u00e9ro de licence pour v\u00e9rifier les informations sur la maintenance, l\u2019abonnement ou les mises \u00e0 jour associ\u00e9es \u00e0 votre licence.<\/p>\n        <form class=\"license-validation-form\" method=\"post\">\n          <input type=\"hidden\" name=\"submit_license\" value=\"1\">\n          <input type=\"text\" name=\"license_number\" placeholder=\"Num\u00e9ro de licence\">\n          <div class=\"wp-block-buttons\">\n            <div class=\"wp-block-button\">\n              <button class=\"wp-block-button__link\" type=\"submit\">\n                Envoyer              <\/button>\n            <\/div>\n          <\/div>\n        <\/form>\n              <\/div>\n    <\/div>\n  <\/div>\n<\/section>\n","protected":false},"excerpt":{"rendered":"","protected":false},"author":1,"featured_media":0,"parent":10298,"menu_order":0,"comment_status":"closed","ping_status":"closed","template":"p-license-verification.php","meta":{"_acf_changed":false,"resource_type":"internal","footnotes":""},"class_list":["post-10317","page","type-page","status-publish","hentry"],"acf":[],"yoast_head":"<!-- This site is optimized with the Yoast SEO plugin v27.3 - https:\/\/yoast.com\/product\/yoast-seo-wordpress\/ -->\n<title>V\u00e9rification d\u2019une licence - Gestion des licences - TheGreenBow<\/title>\n<meta name=\"description\" content=\"TheGreenBow met \u00e0 votre disposition un outil de v\u00e9rification des num\u00e9ros de licence afin de connaitre \u00e0 tout moment le statut de vos licences\" \/>\n<meta name=\"robots\" content=\"index, follow, max-snippet:-1, max-image-preview:large, max-video-preview:-1\" \/>\n<link rel=\"canonical\" href=\"https:\/\/www.thegreenbow.com\/fr\/support\/gestion-des-licences\/verification-dune-licence\/\" \/>\n<meta property=\"og:locale\" content=\"fr_FR\" \/>\n<meta property=\"og:type\" content=\"article\" \/>\n<meta property=\"og:title\" content=\"V\u00e9rification d\u2019une licence - Gestion des licences - TheGreenBow\" \/>\n<meta property=\"og:description\" content=\"TheGreenBow met \u00e0 votre disposition un outil de v\u00e9rification des num\u00e9ros de licence afin de connaitre \u00e0 tout moment le statut de vos licences\" \/>\n<meta property=\"og:url\" content=\"https:\/\/www.thegreenbow.com\/fr\/support\/gestion-des-licences\/verification-dune-licence\/\" \/>\n<meta property=\"og:site_name\" content=\"TheGreenBow\" \/>\n<meta property=\"article:modified_time\" content=\"2021-08-18T07:18:39+00:00\" \/>\n<meta property=\"og:image\" content=\"https:\/\/www.thegreenbow.com\/wp-content\/uploads\/2021\/08\/TGB-social-image-1.jpg\" \/>\n\t<meta property=\"og:image:width\" content=\"683\" \/>\n\t<meta property=\"og:image:height\" content=\"384\" \/>\n\t<meta property=\"og:image:type\" content=\"image\/jpeg\" \/>\n<meta name=\"twitter:card\" content=\"summary_large_image\" \/>\n<meta name=\"twitter:site\" content=\"@thegreenbow\" \/>\n<script type=\"application\/ld+json\" class=\"yoast-schema-graph\">{\"@context\":\"https:\\\/\\\/schema.org\",\"@graph\":[{\"@type\":\"WebPage\",\"@id\":\"https:\\\/\\\/www.thegreenbow.com\\\/fr\\\/support\\\/gestion-des-licences\\\/verification-dune-licence\\\/\",\"url\":\"https:\\\/\\\/www.thegreenbow.com\\\/fr\\\/support\\\/gestion-des-licences\\\/verification-dune-licence\\\/\",\"name\":\"V\u00e9rification d\u2019une licence - Gestion des licences - TheGreenBow\",\"isPartOf\":{\"@id\":\"https:\\\/\\\/www.thegreenbow.com\\\/fr\\\/#website\"},\"datePublished\":\"2021-07-28T10:41:39+00:00\",\"dateModified\":\"2021-08-18T07:18:39+00:00\",\"description\":\"TheGreenBow met \u00e0 votre disposition un outil de v\u00e9rification des num\u00e9ros de licence afin de connaitre \u00e0 tout moment le statut de vos licences\",\"breadcrumb\":{\"@id\":\"https:\\\/\\\/www.thegreenbow.com\\\/fr\\\/support\\\/gestion-des-licences\\\/verification-dune-licence\\\/#breadcrumb\"},\"inLanguage\":\"fr-FR\",\"potentialAction\":[{\"@type\":\"ReadAction\",\"target\":[\"https:\\\/\\\/www.thegreenbow.com\\\/fr\\\/support\\\/gestion-des-licences\\\/verification-dune-licence\\\/\"]}]},{\"@type\":\"BreadcrumbList\",\"@id\":\"https:\\\/\\\/www.thegreenbow.com\\\/fr\\\/support\\\/gestion-des-licences\\\/verification-dune-licence\\\/#breadcrumb\",\"itemListElement\":[{\"@type\":\"ListItem\",\"position\":1,\"name\":\"Accueil\",\"item\":\"https:\\\/\\\/www.thegreenbow.com\\\/fr\\\/\"},{\"@type\":\"ListItem\",\"position\":2,\"name\":\"Support\",\"item\":\"https:\\\/\\\/www.thegreenbow.com\\\/fr\\\/support\\\/assistance\\\/\"},{\"@type\":\"ListItem\",\"position\":3,\"name\":\"Gestion des licences\",\"item\":\"https:\\\/\\\/www.thegreenbow.com\\\/fr\\\/support\\\/gestion-des-licences\\\/\"},{\"@type\":\"ListItem\",\"position\":4,\"name\":\"V\u00e9rification d\u2019une licence\"}]},{\"@type\":\"WebSite\",\"@id\":\"https:\\\/\\\/www.thegreenbow.com\\\/fr\\\/#website\",\"url\":\"https:\\\/\\\/www.thegreenbow.com\\\/fr\\\/\",\"name\":\"TheGreenBow\",\"description\":\"\",\"publisher\":{\"@id\":\"https:\\\/\\\/www.thegreenbow.com\\\/fr\\\/#organization\"},\"potentialAction\":[{\"@type\":\"SearchAction\",\"target\":{\"@type\":\"EntryPoint\",\"urlTemplate\":\"https:\\\/\\\/www.thegreenbow.com\\\/fr\\\/?s={search_term_string}\"},\"query-input\":{\"@type\":\"PropertyValueSpecification\",\"valueRequired\":true,\"valueName\":\"search_term_string\"}}],\"inLanguage\":\"fr-FR\"},{\"@type\":\"Organization\",\"@id\":\"https:\\\/\\\/www.thegreenbow.com\\\/fr\\\/#organization\",\"name\":\"TheGreenBow\",\"url\":\"https:\\\/\\\/www.thegreenbow.com\\\/fr\\\/\",\"logo\":{\"@type\":\"ImageObject\",\"inLanguage\":\"fr-FR\",\"@id\":\"https:\\\/\\\/www.thegreenbow.com\\\/fr\\\/#\\\/schema\\\/logo\\\/image\\\/\",\"url\":\"https:\\\/\\\/www.thegreenbow.com\\\/wp-content\\\/uploads\\\/2021\\\/04\\\/Logotype@2x-min.png\",\"contentUrl\":\"https:\\\/\\\/www.thegreenbow.com\\\/wp-content\\\/uploads\\\/2021\\\/04\\\/Logotype@2x-min.png\",\"width\":422,\"height\":84,\"caption\":\"TheGreenBow\"},\"image\":{\"@id\":\"https:\\\/\\\/www.thegreenbow.com\\\/fr\\\/#\\\/schema\\\/logo\\\/image\\\/\"},\"sameAs\":[\"https:\\\/\\\/x.com\\\/thegreenbow\",\"https:\\\/\\\/fr.linkedin.com\\\/company\\\/thegreenbow\",\"https:\\\/\\\/www.youtube.com\\\/channel\\\/UCZKtI7_fmgFcmovgGSy8AnQ\"]}]}<\/script>\n<!-- \/ Yoast SEO plugin. -->","yoast_head_json":{"title":"V\u00e9rification d\u2019une licence - Gestion des licences - TheGreenBow","description":"TheGreenBow met \u00e0 votre disposition un outil de v\u00e9rification des num\u00e9ros de licence afin de connaitre \u00e0 tout moment le statut de vos licences","robots":{"index":"index","follow":"follow","max-snippet":"max-snippet:-1","max-image-preview":"max-image-preview:large","max-video-preview":"max-video-preview:-1"},"canonical":"https:\/\/www.thegreenbow.com\/fr\/support\/gestion-des-licences\/verification-dune-licence\/","og_locale":"fr_FR","og_type":"article","og_title":"V\u00e9rification d\u2019une licence - Gestion des licences - TheGreenBow","og_description":"TheGreenBow met \u00e0 votre disposition un outil de v\u00e9rification des num\u00e9ros de licence afin de connaitre \u00e0 tout moment le statut de vos licences","og_url":"https:\/\/www.thegreenbow.com\/fr\/support\/gestion-des-licences\/verification-dune-licence\/","og_site_name":"TheGreenBow","article_modified_time":"2021-08-18T07:18:39+00:00","og_image":[{"width":683,"height":384,"url":"https:\/\/www.thegreenbow.com\/wp-content\/uploads\/2021\/08\/TGB-social-image-1.jpg","type":"image\/jpeg"}],"twitter_card":"summary_large_image","twitter_site":"@thegreenbow","schema":{"@context":"https:\/\/schema.org","@graph":[{"@type":"WebPage","@id":"https:\/\/www.thegreenbow.com\/fr\/support\/gestion-des-licences\/verification-dune-licence\/","url":"https:\/\/www.thegreenbow.com\/fr\/support\/gestion-des-licences\/verification-dune-licence\/","name":"V\u00e9rification d\u2019une licence - Gestion des licences - TheGreenBow","isPartOf":{"@id":"https:\/\/www.thegreenbow.com\/fr\/#website"},"datePublished":"2021-07-28T10:41:39+00:00","dateModified":"2021-08-18T07:18:39+00:00","description":"TheGreenBow met \u00e0 votre disposition un outil de v\u00e9rification des num\u00e9ros de licence afin de connaitre \u00e0 tout moment le statut de vos licences","breadcrumb":{"@id":"https:\/\/www.thegreenbow.com\/fr\/support\/gestion-des-licences\/verification-dune-licence\/#breadcrumb"},"inLanguage":"fr-FR","potentialAction":[{"@type":"ReadAction","target":["https:\/\/www.thegreenbow.com\/fr\/support\/gestion-des-licences\/verification-dune-licence\/"]}]},{"@type":"BreadcrumbList","@id":"https:\/\/www.thegreenbow.com\/fr\/support\/gestion-des-licences\/verification-dune-licence\/#breadcrumb","itemListElement":[{"@type":"ListItem","position":1,"name":"Accueil","item":"https:\/\/www.thegreenbow.com\/fr\/"},{"@type":"ListItem","position":2,"name":"Support","item":"https:\/\/www.thegreenbow.com\/fr\/support\/assistance\/"},{"@type":"ListItem","position":3,"name":"Gestion des licences","item":"https:\/\/www.thegreenbow.com\/fr\/support\/gestion-des-licences\/"},{"@type":"ListItem","position":4,"name":"V\u00e9rification d\u2019une licence"}]},{"@type":"WebSite","@id":"https:\/\/www.thegreenbow.com\/fr\/#website","url":"https:\/\/www.thegreenbow.com\/fr\/","name":"TheGreenBow","description":"","publisher":{"@id":"https:\/\/www.thegreenbow.com\/fr\/#organization"},"potentialAction":[{"@type":"SearchAction","target":{"@type":"EntryPoint","urlTemplate":"https:\/\/www.thegreenbow.com\/fr\/?s={search_term_string}"},"query-input":{"@type":"PropertyValueSpecification","valueRequired":true,"valueName":"search_term_string"}}],"inLanguage":"fr-FR"},{"@type":"Organization","@id":"https:\/\/www.thegreenbow.com\/fr\/#organization","name":"TheGreenBow","url":"https:\/\/www.thegreenbow.com\/fr\/","logo":{"@type":"ImageObject","inLanguage":"fr-FR","@id":"https:\/\/www.thegreenbow.com\/fr\/#\/schema\/logo\/image\/","url":"https:\/\/www.thegreenbow.com\/wp-content\/uploads\/2021\/04\/Logotype@2x-min.png","contentUrl":"https:\/\/www.thegreenbow.com\/wp-content\/uploads\/2021\/04\/Logotype@2x-min.png","width":422,"height":84,"caption":"TheGreenBow"},"image":{"@id":"https:\/\/www.thegreenbow.com\/fr\/#\/schema\/logo\/image\/"},"sameAs":["https:\/\/x.com\/thegreenbow","https:\/\/fr.linkedin.com\/company\/thegreenbow","https:\/\/www.youtube.com\/channel\/UCZKtI7_fmgFcmovgGSy8AnQ"]}]}},"_links":{"self":[{"href":"https:\/\/www.thegreenbow.com\/fr\/wp-json\/wp\/v2\/pages\/10317","targetHints":{"allow":["GET"]}}],"collection":[{"href":"https:\/\/www.thegreenbow.com\/fr\/wp-json\/wp\/v2\/pages"}],"about":[{"href":"https:\/\/www.thegreenbow.com\/fr\/wp-json\/wp\/v2\/types\/page"}],"author":[{"embeddable":true,"href":"https:\/\/www.thegreenbow.com\/fr\/wp-json\/wp\/v2\/users\/1"}],"replies":[{"embeddable":true,"href":"https:\/\/www.thegreenbow.com\/fr\/wp-json\/wp\/v2\/comments?post=10317"}],"version-history":[{"count":5,"href":"https:\/\/www.thegreenbow.com\/fr\/wp-json\/wp\/v2\/pages\/10317\/revisions"}],"predecessor-version":[{"id":11017,"href":"https:\/\/www.thegreenbow.com\/fr\/wp-json\/wp\/v2\/pages\/10317\/revisions\/11017"}],"up":[{"embeddable":true,"href":"https:\/\/www.thegreenbow.com\/fr\/wp-json\/wp\/v2\/pages\/10298"}],"wp:attachment":[{"href":"https:\/\/www.thegreenbow.com\/fr\/wp-json\/wp\/v2\/media?parent=10317"}],"curies":[{"name":"wp","href":"https:\/\/api.w.org\/{rel}","templated":true}]}}