{"id":10326,"date":"2021-07-29T15:45:05","date_gmt":"2021-07-29T15:45:05","guid":{"rendered":"https:\/\/www.thegreenbow.com\/?page_id=10326"},"modified":"2021-08-18T07:17:04","modified_gmt":"2021-08-18T07:17:04","slug":"activation-manuelle-dune-licence","status":"publish","type":"page","link":"https:\/\/www.thegreenbow.com\/fr\/support\/gestion-des-licences\/activation-manuelle-dune-licence\/","title":{"rendered":"Activation manuelle d\u2019une licence"},"content":{"rendered":"\n<section  class=\"wp-block-acf-news-page-banner  post\" >\n  \n    <div class=\"section-content section-banner has-white-color img-align-center img-align-center\"  data-interchange=\"[https:\/\/www.thegreenbow.com\/wp-content\/uploads\/2021\/07\/jonatan-pie-EvKBHBGgaUo-unsplash-589x307.png, small], [https:\/\/www.thegreenbow.com\/wp-content\/uploads\/2021\/07\/jonatan-pie-EvKBHBGgaUo-unsplash-307x307.png, medium], [https:\/\/www.thegreenbow.com\/wp-content\/uploads\/2021\/07\/jonatan-pie-EvKBHBGgaUo-unsplash-1366x218.png, large], [https:\/\/www.thegreenbow.com\/wp-content\/uploads\/2021\/07\/jonatan-pie-EvKBHBGgaUo-unsplash.png, xlarge], [https:\/\/www.thegreenbow.com\/wp-content\/uploads\/2021\/07\/jonatan-pie-EvKBHBGgaUo-unsplash-589x307.png, retina], [https:\/\/www.thegreenbow.com\/wp-content\/uploads\/2021\/07\/jonatan-pie-EvKBHBGgaUo-unsplash-307x307.png, medium_retina], [https:\/\/www.thegreenbow.com\/wp-content\/uploads\/2021\/07\/jonatan-pie-EvKBHBGgaUo-unsplash.png, large_retina]\" data-interchange-sizes=\"{&quot;small&quot;:{&quot;w&quot;:589,&quot;h&quot;:307},&quot;medium&quot;:{&quot;w&quot;:307,&quot;h&quot;:307},&quot;large&quot;:{&quot;w&quot;:1366,&quot;h&quot;:218},&quot;xlarge&quot;:{&quot;w&quot;:1920,&quot;h&quot;:307},&quot;retina&quot;:{&quot;w&quot;:589,&quot;h&quot;:307},&quot;medium_retina&quot;:{&quot;w&quot;:307,&quot;h&quot;:307},&quot;large_retina&quot;:{&quot;w&quot;:1920,&quot;h&quot;:307},&quot;xlarge_retina&quot;:{&quot;w&quot;:1920,&quot;h&quot;:307}}\" >\n\n              <h1 class=\"page-title\">Activation manuelle d\u2019une licence<\/h1>\n      \n    <\/div>\n\n  \n  \n  \n<\/section>\n\n\n\n<section  class=\"wp-block-acf-manual-license-activation  section-content section-manual-license-activation\" itemprop=\"hasPart\" itemscope\n                                                                                          itemtype=\"https:\/\/schema.org\/WebPageElement\">\n  <div class=\"grid-container\">\n    <div class=\"grid-x grid-padding-x align-center\">\n      <div class=\"cell large-10\">\n        <h2>Activer manuellement une licence<\/h2>\n        <p\n          class=\"main-paragraph\">Le formulaire ci-dessous permet d\u2019activer \u00ab\u00a0Offline\u00a0\u00bb les logiciels TheGreenBow lorsque l\u2019activation en ligne propos\u00e9e dans le logiciel pr\u00e9sente des probl\u00e8mes (Serveur d\u2019activation injoignable, probl\u00e8me de connexion internet, etc\u2026).<\/p>\n        <div class=\"activation-steps\">\n          <div class=\"activation-step step-1 active\">\n            <h3>\u00c9tape 1 &#8211; Envoi du fichier prodact.dat<\/h3>\n            <div class=\"step-content\">\n              <p>Pour effectuer une activation manuelle, vous aurez besoin du fichier d\u2019activation \u00ab prodact.dat \u00bb.<\/p>\n              <a class=\"activation-tip how-to-find-product-dat\" href=\"#find-popup\">\n                <div class=\"icon\">\n                  <svg xmlns=\"http:\/\/www.w3.org\/2000\/svg\" width=\"26\" height=\"26\" viewBox=\"0 0 26 26\"><g style=\"stroke:#7fc824;fill:none\"><circle cx=\"13\" cy=\"13\" r=\"13\" style=\"stroke:none\"\/><circle cx=\"13\" cy=\"13\" r=\"12.5\" style=\"fill:none\"\/><\/g><circle cx=\"9\" cy=\"9\" r=\"9\" transform=\"translate(4 4)\" style=\"fill:#7fc824\"\/><text transform=\"translate(11 19)\" style=\"fill:#fff;font-size:14px;font-family:Lato-Bold,Lato;font-weight:700;opacity:.998\"><tspan x=\"0\" y=\"0\">i<\/tspan><\/text><\/svg>                <\/div>\n                <div class=\"text\">\n                  O\u00f9 se trouve le fichier \u00ab prodact.dat \u00bb sur mon ordinateur ?                <\/div>\n              <\/a>\n              <div class=\"file-upload\">\n                <input id=\"file-picker-input\" type=\"file\" data-styled=\"false\" style=\"display:none;\">\n                <div class=\"text\">Pi\u00e8ce-jointe<\/div>\n                <div class=\"file-picker\">\n                  <div class=\"file-preview\">\n                    <span class=\"fp-filename\"><\/span>\n                    <svg xmlns=\"http:\/\/www.w3.org\/2000\/svg\" width=\"15.005\" height=\"15.005\" viewBox=\"0 0 15.005 15.005\"><defs><style>.croix-a{fill:#2a3339}<\/style><\/defs><path class=\"croix-a\" d=\"m1.414 0 13.59 13.59-1.414 1.415L0 1.415z\"\/><path class=\"croix-a\" d=\"M0 13.591 13.59.001l1.415 1.414-13.59 13.59z\"\/><\/svg>                  <\/div>\n                  <a class=\"cbtn upload-button\"\n                     href=\"#\"\n                     data-attach-msg=\"Ajouter un fichier\"\n                     data-send-msg=\"Envoyer\">\n                    Ajouter un fichier                  <\/a>\n                <\/div>\n              <\/div>\n              <p>Les fichiers d\u2019image doivent \u00eatre de format .DAT et doivent \u00eatre de taille inf\u00e9rieure \u00e0 5Mo.<\/p>\n            <\/div>\n          <\/div>\n          <div class=\"activation-step step-2\">\n            <h3>\u00c9tape 2 &#8211; Analyse<\/h3>\n            <div class=\"step-content\">\n              <p>Votre fichier d\u2019activation manuelle \u00ab product.dat \u00bb a \u00e9t\u00e9 correctement analys\u00e9.<br>Veuillez cliquer sur \u00ab Soumettre \u00bb pour obtenir votre code d\u2019activation (cela peut prendre quelques secondes).<\/p>\n              <div class=\"wp-block-buttons\">\n                <div class=\"wp-block-button mb-0\">\n                  <a class=\"wp-block-button__link mb-0 activate-button\" href=\"#\">Soumettre<\/a>\n                <\/div>\n              <\/div>\n            <\/div>\n          <\/div>\n          <div class=\"activation-step step-3\">\n            <h3>\u00c9tape 3 &#8211; Activation<\/h3>\n            <div class=\"step-content\">\n              <div class=\"show-if-success\" style=\"display:none;\">\n                <div class=\"activation-tip\">\n                  <div class=\"icon\">\n                    <svg xmlns=\"http:\/\/www.w3.org\/2000\/svg\" width=\"22\" height=\"22\" viewBox=\"0 0 22 22\"><circle cx=\"11\" cy=\"11\" r=\"11\" style=\"fill:#7fc824\"\/><path d=\"M28.123 17.934a.935.935 0 0 0-.667-.291.963.963 0 0 0-.681.267l-4.356 4.36-2.26-2.827a.938.938 0 0 0-.636-.351.921.921 0 0 0-.7.2.956.956 0 0 0-.148 1.337l2.925 3.657a.97.97 0 0 0 .7.357h.039a.945.945 0 0 0 .661-.272l5.117-5.119a.942.942 0 0 0 .006-1.318zm-5.782 6.488z\" transform=\"translate(-12.47 -10.143)\" style=\"fill:#fff\"\/><\/svg>                  <\/div>\n                  <div class=\"text\">\n                    Votre code d\u2019activation est correctement g\u00e9n\u00e9r\u00e9.                  <\/div>\n                <\/div>\n                <p>Pour activer votre logiciel :<\/p>\n                <ul>\n                  <li>T\u00e9l\u00e9charger votre fichier d\u2019activation ci-dessous via un clic-droit puis \u00ab Enregistrer la cible du lien sous\u2026 \u00bb<\/li>\n                  <li>Copiez-le dans le dossier \u2018Documents\u2019 o\u00f9 se trouve le fichier \u00ab prodact.dat \u00bb<\/li>\n                  <li>Quittez et red\u00e9marrez votre logiciel<\/li>\n                <\/ul>\n                <div>\n                  <a class=\"cbtn download-activation-file\" href=\"#\">\n                    T\u00e9l\u00e9charger le fichier .dat                  <\/a>\n                <\/div>\n              <\/div>\n              <div class=\"show-if-error\" style=\"display:none;\">\n                <div class=\"activation-tip\">\n                  <div class=\"icon\">\n                    <div class=\"error-icon\">\n                      <svg xmlns=\"http:\/\/www.w3.org\/2000\/svg\" width=\"15.005\" height=\"15.005\" viewBox=\"0 0 15.005 15.005\"><defs><style>.croix-a{fill:#2a3339}<\/style><\/defs><path class=\"croix-a\" d=\"m1.414 0 13.59 13.59-1.414 1.415L0 1.415z\"\/><path class=\"croix-a\" d=\"M0 13.591 13.59.001l1.415 1.414-13.59 13.59z\"\/><\/svg>                    <\/div>\n                  <\/div>\n                  <div class=\"text\">\n                    Le num\u00e9ro de licence est introuvable.                  <\/div>\n                <\/div>\n                <p>Pour activer votre logiciel : Veuillez v\u00e9rifier le num\u00e9ro de licence que vous avez entr\u00e9 et r\u00e9essayer une activation. Si vous rencontrez toujours une erreur d\u2019activation, r\u00e9essayer cette activation manuelle.<\/p>\n              <\/div>\n            <\/div>\n          <\/div>\n        <\/div>\n      <\/div>\n    <\/div>\n  <\/div>\n  <div id=\"find-popup\" class=\"mfp-hide\">\n    <a class=\"close\" href=\"#\"><svg xmlns=\"http:\/\/www.w3.org\/2000\/svg\" width=\"15.005\" height=\"15.005\" viewBox=\"0 0 15.005 15.005\"><defs><style>.croix-a{fill:#2a3339}<\/style><\/defs><path class=\"croix-a\" d=\"m1.414 0 13.59 13.59-1.414 1.415L0 1.415z\"\/><path class=\"croix-a\" d=\"M0 13.591 13.59.001l1.415 1.414-13.59 13.59z\"\/><\/svg><\/a>\n    <div class=\"activation-tip\">\n      <div class=\"icon\">\n        <svg xmlns=\"http:\/\/www.w3.org\/2000\/svg\" width=\"26\" height=\"26\" viewBox=\"0 0 26 26\"><g style=\"stroke:#7fc824;fill:none\"><circle cx=\"13\" cy=\"13\" r=\"13\" style=\"stroke:none\"\/><circle cx=\"13\" cy=\"13\" r=\"12.5\" style=\"fill:none\"\/><\/g><circle cx=\"9\" cy=\"9\" r=\"9\" transform=\"translate(4 4)\" style=\"fill:#7fc824\"\/><text transform=\"translate(11 19)\" style=\"fill:#fff;font-size:14px;font-family:Lato-Bold,Lato;font-weight:700;opacity:.998\"><tspan x=\"0\" y=\"0\">i<\/tspan><\/text><\/svg>      <\/div>\n      <div class=\"text\">\n        O\u00f9 se trouve le fichier \u00ab prodact.dat \u00bb sur mon ordinateur ?      <\/div>\n    <\/div>\n    <div class=\"grid-container\">\n      <div class=\"grid-x grid-padding-x\">\n        <div class=\"cell medium-7\">\n          <p><strong>Fichier d&rsquo;Activation : &lsquo;prodact.dat&rsquo;<\/strong><\/p>\n<p>Le fichier d\u2019activation \u00ab prodact.dat \u00bb contient les param\u00e8tres d\u2019activation.<\/p>\n<p>Il est cr\u00e9\u00e9 automatiquement\u00a0<b>\u00e0 chaque fois qu\u2019une activation \u00e9choue<\/b>.<br \/>\nIl est cr\u00e9\u00e9 dans le dossier \u00ab Documents \u00bb de l\u2019ordinateur concern\u00e9.<\/p>\n<p>Pour trouver le fichier &lsquo;prodact.dat&rsquo; sur :<\/p>\n<ul>\n<li>Windows Vista: Ouvrir le dossier &lsquo;Documents&rsquo;<\/li>\n<li>Windows XP: Ouvrir le dossier &lsquo;Mes Documents&rsquo;.<\/li>\n<li>Windows 7 et suivants: Ouvrir le dossier &lsquo;Documents&rsquo;.<\/li>\n<\/ul>\n        <\/div>\n        <div class=\"cell medium-5\">\n          <img decoding=\"async\" alt=\"O\u00f9 se trouve le fichier \u00ab prodact.dat \u00bb sur mon ordinateur ?\" src=\"https:\/\/www.thegreenbow.com\/wp-content\/uploads\/2021\/06\/Prestataire-scaled.jpeg\">\n        <\/div>\n      <\/div>\n    <\/div>\n  <\/div>\n<\/section>\n","protected":false},"excerpt":{"rendered":"","protected":false},"author":1,"featured_media":0,"parent":10298,"menu_order":0,"comment_status":"closed","ping_status":"closed","template":"p-manual-license-activation.php","meta":{"_acf_changed":false,"resource_type":"internal","footnotes":""},"class_list":["post-10326","page","type-page","status-publish","hentry"],"acf":[],"yoast_head":"<!-- This site is optimized with the Yoast SEO plugin v27.4 - https:\/\/yoast.com\/product\/yoast-seo-wordpress\/ -->\n<title>Activation manuelle d\u2019une licence - Gestion des licences - TheGreenBow<\/title>\n<meta name=\"description\" content=\"TheGreenBow met \u00e0 votre disposition l&#039;activation manuelle pour vos licences sans que le poste a activer ne dispose d&#039;une connexion internet.\" \/>\n<meta name=\"robots\" content=\"index, follow, max-snippet:-1, max-image-preview:large, max-video-preview:-1\" \/>\n<link rel=\"canonical\" href=\"https:\/\/www.thegreenbow.com\/fr\/support\/gestion-des-licences\/activation-manuelle-dune-licence\/\" \/>\n<meta property=\"og:locale\" content=\"fr_FR\" \/>\n<meta property=\"og:type\" content=\"article\" \/>\n<meta property=\"og:title\" content=\"Activation manuelle d\u2019une licence - Gestion des licences - TheGreenBow\" \/>\n<meta property=\"og:description\" content=\"TheGreenBow met \u00e0 votre disposition l&#039;activation manuelle pour vos licences sans que le poste a activer ne dispose d&#039;une connexion internet.\" \/>\n<meta property=\"og:url\" content=\"https:\/\/www.thegreenbow.com\/fr\/support\/gestion-des-licences\/activation-manuelle-dune-licence\/\" \/>\n<meta property=\"og:site_name\" content=\"TheGreenBow\" \/>\n<meta property=\"article:modified_time\" content=\"2021-08-18T07:17:04+00:00\" \/>\n<meta property=\"og:image\" content=\"https:\/\/www.thegreenbow.com\/wp-content\/uploads\/2021\/08\/TGB-social-image-1.jpg\" \/>\n\t<meta property=\"og:image:width\" content=\"683\" \/>\n\t<meta property=\"og:image:height\" content=\"384\" \/>\n\t<meta property=\"og:image:type\" content=\"image\/jpeg\" \/>\n<meta name=\"twitter:card\" content=\"summary_large_image\" \/>\n<meta name=\"twitter:site\" content=\"@thegreenbow\" \/>\n<script type=\"application\/ld+json\" class=\"yoast-schema-graph\">{\"@context\":\"https:\\\/\\\/schema.org\",\"@graph\":[{\"@type\":\"WebPage\",\"@id\":\"https:\\\/\\\/www.thegreenbow.com\\\/fr\\\/support\\\/gestion-des-licences\\\/activation-manuelle-dune-licence\\\/\",\"url\":\"https:\\\/\\\/www.thegreenbow.com\\\/fr\\\/support\\\/gestion-des-licences\\\/activation-manuelle-dune-licence\\\/\",\"name\":\"Activation manuelle d\u2019une licence - Gestion des licences - TheGreenBow\",\"isPartOf\":{\"@id\":\"https:\\\/\\\/www.thegreenbow.com\\\/fr\\\/#website\"},\"datePublished\":\"2021-07-29T15:45:05+00:00\",\"dateModified\":\"2021-08-18T07:17:04+00:00\",\"description\":\"TheGreenBow met \u00e0 votre disposition l'activation manuelle pour vos licences sans que le poste a activer ne dispose d'une connexion internet.\",\"breadcrumb\":{\"@id\":\"https:\\\/\\\/www.thegreenbow.com\\\/fr\\\/support\\\/gestion-des-licences\\\/activation-manuelle-dune-licence\\\/#breadcrumb\"},\"inLanguage\":\"fr-FR\",\"potentialAction\":[{\"@type\":\"ReadAction\",\"target\":[\"https:\\\/\\\/www.thegreenbow.com\\\/fr\\\/support\\\/gestion-des-licences\\\/activation-manuelle-dune-licence\\\/\"]}]},{\"@type\":\"BreadcrumbList\",\"@id\":\"https:\\\/\\\/www.thegreenbow.com\\\/fr\\\/support\\\/gestion-des-licences\\\/activation-manuelle-dune-licence\\\/#breadcrumb\",\"itemListElement\":[{\"@type\":\"ListItem\",\"position\":1,\"name\":\"Accueil\",\"item\":\"https:\\\/\\\/www.thegreenbow.com\\\/fr\\\/\"},{\"@type\":\"ListItem\",\"position\":2,\"name\":\"Support\",\"item\":\"https:\\\/\\\/www.thegreenbow.com\\\/fr\\\/support\\\/assistance\\\/\"},{\"@type\":\"ListItem\",\"position\":3,\"name\":\"Gestion des licences\",\"item\":\"https:\\\/\\\/www.thegreenbow.com\\\/fr\\\/support\\\/gestion-des-licences\\\/\"},{\"@type\":\"ListItem\",\"position\":4,\"name\":\"Activation manuelle d\u2019une licence\"}]},{\"@type\":\"WebSite\",\"@id\":\"https:\\\/\\\/www.thegreenbow.com\\\/fr\\\/#website\",\"url\":\"https:\\\/\\\/www.thegreenbow.com\\\/fr\\\/\",\"name\":\"TheGreenBow\",\"description\":\"\",\"publisher\":{\"@id\":\"https:\\\/\\\/www.thegreenbow.com\\\/fr\\\/#organization\"},\"potentialAction\":[{\"@type\":\"SearchAction\",\"target\":{\"@type\":\"EntryPoint\",\"urlTemplate\":\"https:\\\/\\\/www.thegreenbow.com\\\/fr\\\/?s={search_term_string}\"},\"query-input\":{\"@type\":\"PropertyValueSpecification\",\"valueRequired\":true,\"valueName\":\"search_term_string\"}}],\"inLanguage\":\"fr-FR\"},{\"@type\":\"Organization\",\"@id\":\"https:\\\/\\\/www.thegreenbow.com\\\/fr\\\/#organization\",\"name\":\"TheGreenBow\",\"url\":\"https:\\\/\\\/www.thegreenbow.com\\\/fr\\\/\",\"logo\":{\"@type\":\"ImageObject\",\"inLanguage\":\"fr-FR\",\"@id\":\"https:\\\/\\\/www.thegreenbow.com\\\/fr\\\/#\\\/schema\\\/logo\\\/image\\\/\",\"url\":\"https:\\\/\\\/www.thegreenbow.com\\\/wp-content\\\/uploads\\\/2021\\\/04\\\/Logotype@2x-min.png\",\"contentUrl\":\"https:\\\/\\\/www.thegreenbow.com\\\/wp-content\\\/uploads\\\/2021\\\/04\\\/Logotype@2x-min.png\",\"width\":422,\"height\":84,\"caption\":\"TheGreenBow\"},\"image\":{\"@id\":\"https:\\\/\\\/www.thegreenbow.com\\\/fr\\\/#\\\/schema\\\/logo\\\/image\\\/\"},\"sameAs\":[\"https:\\\/\\\/x.com\\\/thegreenbow\",\"https:\\\/\\\/fr.linkedin.com\\\/company\\\/thegreenbow\",\"https:\\\/\\\/www.youtube.com\\\/channel\\\/UCZKtI7_fmgFcmovgGSy8AnQ\"]}]}<\/script>\n<!-- \/ Yoast SEO plugin. -->","yoast_head_json":{"title":"Activation manuelle d\u2019une licence - Gestion des licences - TheGreenBow","description":"TheGreenBow met \u00e0 votre disposition l'activation manuelle pour vos licences sans que le poste a activer ne dispose d'une connexion internet.","robots":{"index":"index","follow":"follow","max-snippet":"max-snippet:-1","max-image-preview":"max-image-preview:large","max-video-preview":"max-video-preview:-1"},"canonical":"https:\/\/www.thegreenbow.com\/fr\/support\/gestion-des-licences\/activation-manuelle-dune-licence\/","og_locale":"fr_FR","og_type":"article","og_title":"Activation manuelle d\u2019une licence - Gestion des licences - TheGreenBow","og_description":"TheGreenBow met \u00e0 votre disposition l'activation manuelle pour vos licences sans que le poste a activer ne dispose d'une connexion internet.","og_url":"https:\/\/www.thegreenbow.com\/fr\/support\/gestion-des-licences\/activation-manuelle-dune-licence\/","og_site_name":"TheGreenBow","article_modified_time":"2021-08-18T07:17:04+00:00","og_image":[{"width":683,"height":384,"url":"https:\/\/www.thegreenbow.com\/wp-content\/uploads\/2021\/08\/TGB-social-image-1.jpg","type":"image\/jpeg"}],"twitter_card":"summary_large_image","twitter_site":"@thegreenbow","schema":{"@context":"https:\/\/schema.org","@graph":[{"@type":"WebPage","@id":"https:\/\/www.thegreenbow.com\/fr\/support\/gestion-des-licences\/activation-manuelle-dune-licence\/","url":"https:\/\/www.thegreenbow.com\/fr\/support\/gestion-des-licences\/activation-manuelle-dune-licence\/","name":"Activation manuelle d\u2019une licence - Gestion des licences - TheGreenBow","isPartOf":{"@id":"https:\/\/www.thegreenbow.com\/fr\/#website"},"datePublished":"2021-07-29T15:45:05+00:00","dateModified":"2021-08-18T07:17:04+00:00","description":"TheGreenBow met \u00e0 votre disposition l'activation manuelle pour vos licences sans que le poste a activer ne dispose d'une connexion internet.","breadcrumb":{"@id":"https:\/\/www.thegreenbow.com\/fr\/support\/gestion-des-licences\/activation-manuelle-dune-licence\/#breadcrumb"},"inLanguage":"fr-FR","potentialAction":[{"@type":"ReadAction","target":["https:\/\/www.thegreenbow.com\/fr\/support\/gestion-des-licences\/activation-manuelle-dune-licence\/"]}]},{"@type":"BreadcrumbList","@id":"https:\/\/www.thegreenbow.com\/fr\/support\/gestion-des-licences\/activation-manuelle-dune-licence\/#breadcrumb","itemListElement":[{"@type":"ListItem","position":1,"name":"Accueil","item":"https:\/\/www.thegreenbow.com\/fr\/"},{"@type":"ListItem","position":2,"name":"Support","item":"https:\/\/www.thegreenbow.com\/fr\/support\/assistance\/"},{"@type":"ListItem","position":3,"name":"Gestion des licences","item":"https:\/\/www.thegreenbow.com\/fr\/support\/gestion-des-licences\/"},{"@type":"ListItem","position":4,"name":"Activation manuelle d\u2019une licence"}]},{"@type":"WebSite","@id":"https:\/\/www.thegreenbow.com\/fr\/#website","url":"https:\/\/www.thegreenbow.com\/fr\/","name":"TheGreenBow","description":"","publisher":{"@id":"https:\/\/www.thegreenbow.com\/fr\/#organization"},"potentialAction":[{"@type":"SearchAction","target":{"@type":"EntryPoint","urlTemplate":"https:\/\/www.thegreenbow.com\/fr\/?s={search_term_string}"},"query-input":{"@type":"PropertyValueSpecification","valueRequired":true,"valueName":"search_term_string"}}],"inLanguage":"fr-FR"},{"@type":"Organization","@id":"https:\/\/www.thegreenbow.com\/fr\/#organization","name":"TheGreenBow","url":"https:\/\/www.thegreenbow.com\/fr\/","logo":{"@type":"ImageObject","inLanguage":"fr-FR","@id":"https:\/\/www.thegreenbow.com\/fr\/#\/schema\/logo\/image\/","url":"https:\/\/www.thegreenbow.com\/wp-content\/uploads\/2021\/04\/Logotype@2x-min.png","contentUrl":"https:\/\/www.thegreenbow.com\/wp-content\/uploads\/2021\/04\/Logotype@2x-min.png","width":422,"height":84,"caption":"TheGreenBow"},"image":{"@id":"https:\/\/www.thegreenbow.com\/fr\/#\/schema\/logo\/image\/"},"sameAs":["https:\/\/x.com\/thegreenbow","https:\/\/fr.linkedin.com\/company\/thegreenbow","https:\/\/www.youtube.com\/channel\/UCZKtI7_fmgFcmovgGSy8AnQ"]}]}},"_links":{"self":[{"href":"https:\/\/www.thegreenbow.com\/fr\/wp-json\/wp\/v2\/pages\/10326","targetHints":{"allow":["GET"]}}],"collection":[{"href":"https:\/\/www.thegreenbow.com\/fr\/wp-json\/wp\/v2\/pages"}],"about":[{"href":"https:\/\/www.thegreenbow.com\/fr\/wp-json\/wp\/v2\/types\/page"}],"author":[{"embeddable":true,"href":"https:\/\/www.thegreenbow.com\/fr\/wp-json\/wp\/v2\/users\/1"}],"replies":[{"embeddable":true,"href":"https:\/\/www.thegreenbow.com\/fr\/wp-json\/wp\/v2\/comments?post=10326"}],"version-history":[{"count":20,"href":"https:\/\/www.thegreenbow.com\/fr\/wp-json\/wp\/v2\/pages\/10326\/revisions"}],"predecessor-version":[{"id":10418,"href":"https:\/\/www.thegreenbow.com\/fr\/wp-json\/wp\/v2\/pages\/10326\/revisions\/10418"}],"up":[{"embeddable":true,"href":"https:\/\/www.thegreenbow.com\/fr\/wp-json\/wp\/v2\/pages\/10298"}],"wp:attachment":[{"href":"https:\/\/www.thegreenbow.com\/fr\/wp-json\/wp\/v2\/media?parent=10326"}],"curies":[{"name":"wp","href":"https:\/\/api.w.org\/{rel}","templated":true}]}}