{"id":107,"date":"2021-03-26T14:11:10","date_gmt":"2021-03-26T14:11:10","guid":{"rendered":"https:\/\/www.thegreenbow.com\/?page_id=107"},"modified":"2026-03-27T10:18:49","modified_gmt":"2026-03-27T08:18:49","slug":"vision-et-mission","status":"publish","type":"page","link":"https:\/\/www.thegreenbow.com\/fr\/societe\/vision-et-mission\/","title":{"rendered":"Vision et mission"},"content":{"rendered":"\n<section  class=\"wp-block-acf-news-page-banner  post\" >\n  \n    <div class=\"section-content section-banner has-white-color img-align-center img-align-center\"  data-interchange=\"[https:\/\/www.thegreenbow.com\/wp-content\/uploads\/2021\/05\/thegreenbow-header-societe-min-768x400.jpg, small], [https:\/\/www.thegreenbow.com\/wp-content\/uploads\/2021\/05\/thegreenbow-header-societe-min-1024x1024.jpg, medium], [https:\/\/www.thegreenbow.com\/wp-content\/uploads\/2021\/05\/thegreenbow-header-societe-min-1366x218.jpg, large], [https:\/\/www.thegreenbow.com\/wp-content\/uploads\/2021\/05\/thegreenbow-header-societe-min.jpg, xlarge], [https:\/\/www.thegreenbow.com\/wp-content\/uploads\/2021\/05\/thegreenbow-header-societe-min-1366x712.jpg, retina], [https:\/\/www.thegreenbow.com\/wp-content\/uploads\/2021\/05\/thegreenbow-header-societe-min-1366x1366.jpg, medium_retina], [https:\/\/www.thegreenbow.com\/wp-content\/uploads\/2021\/05\/thegreenbow-header-societe-min.jpg, large_retina]\" data-interchange-sizes=\"{&quot;small&quot;:{&quot;w&quot;:768,&quot;h&quot;:400},&quot;medium&quot;:{&quot;w&quot;:1024,&quot;h&quot;:1024},&quot;large&quot;:{&quot;w&quot;:1366,&quot;h&quot;:218},&quot;xlarge&quot;:{&quot;w&quot;:1920,&quot;h&quot;:307},&quot;retina&quot;:{&quot;w&quot;:1366,&quot;h&quot;:712},&quot;medium_retina&quot;:{&quot;w&quot;:1366,&quot;h&quot;:1366},&quot;large_retina&quot;:{&quot;w&quot;:1920,&quot;h&quot;:307},&quot;xlarge_retina&quot;:{&quot;w&quot;:1920,&quot;h&quot;:307}}\" >\n\n              <h1 class=\"page-title\">Vision et mission<\/h1>\n      \n    <\/div>\n\n  \n  \n  \n<\/section>\n\n\n<section class=\"block-grid-wrapper block-grid-for-core-heading\">\n      <div class=\"default-editor-content grid-for-core-heading grid-container\">\n        <div class=\"grid-x grid-padding-x align-center\">\n          <div class=\"cell\">\n            \n<h2 class=\"wp-block-heading\">Notre vision<\/h2>\n          <\/div>\n        <\/div>\n      <\/div>\n\n      <\/section>\n\n<section class=\"block-grid-wrapper block-grid-for-core-paragraph\">\n      <div class=\"default-editor-content grid-for-core-paragraph grid-container\">\n        <div class=\"grid-x grid-padding-x align-center\">\n          <div class=\"cell\">\n            \n<p>Nous vivons dans un monde o\u00f9 les Hommes et les machines sont de plus en plus connect\u00e9s. Le nombre et la vari\u00e9t\u00e9 des cyberattaques ne cessent de cro\u00eetre.<\/p>\n          <\/div>\n        <\/div>\n      <\/div>\n\n      <\/section>\n\n<section class=\"block-grid-wrapper block-grid-for-core-paragraph\">\n      <div class=\"default-editor-content grid-for-core-paragraph grid-container\">\n        <div class=\"grid-x grid-padding-x align-center\">\n          <div class=\"cell\">\n            \n<p><strong>Assurer la protection des communications et des donn\u00e9es doit \u00eatre un geste naturel pour tous<\/strong>. Pourtant 60% des cyberattaques sont rendue possibles par des comportements humains. Chez TheGreenBow, nous pensons que l\u2019efficacit\u00e9 de la cybers\u00e9curit\u00e9 passe avant tout par<strong> la simplicit\u00e9 <\/strong>de mise en \u0153uvre des technologies et la <strong>responsabilit\u00e9<\/strong> de chacun.<\/p>\n          <\/div>\n        <\/div>\n      <\/div>\n\n      <\/section>\n\n<section class=\"block-grid-wrapper block-grid-for-core-file\">\n      <div class=\"default-editor-content grid-for-core-file grid-container\">\n        <div class=\"grid-x grid-padding-x align-center\">\n          <div class=\"cell\">\n            \n<div class=\"wp-block-file aligncenter\"><a id=\"wp-block-file--media-663f8b04-1cc8-4218-a486-c00d35062ac5\" href=\"https:\/\/www.thegreenbow.com\/wp-content\/uploads\/2023\/10\/TheGreenBow-Brochure_Corpo_A5_FR_Nov-2024.pdf\" target=\"_blank\" rel=\"noreferrer noopener\">TheGreenBow-Brochure_Corpo_A5_FR_Nov-2024<\/a><a href=\"https:\/\/www.thegreenbow.com\/wp-content\/uploads\/2023\/10\/TheGreenBow-Brochure_Corpo_A5_FR_Nov-2024.pdf\" class=\"wp-block-file__button wp-element-button\" download aria-describedby=\"wp-block-file--media-663f8b04-1cc8-4218-a486-c00d35062ac5\">T\u00e9l\u00e9charger la brochure TheGreenBow<\/a><\/div>\n          <\/div>\n        <\/div>\n      <\/div>\n\n      <\/section>\n\n<section class=\"valorisation-contenu-section\" style=\"background-color:#f5f5f5\" itemprop=\"hasPart\" itemscope itemtype=\"https:\/\/schema.org\/WebPageElement\">\n  <div class=\"wp-block-valorisation-contenu-section\">\n    <div class=\"grid-container\">\n      <div class=\"grid-x grid-padding-x align-center\">\n        <div class=\"cell large-10 text-center\">\n          \n\n<h2 class=\"wp-block-heading has-text-align-left\">Nos origines<\/h2>\n\n\n\n<p class=\"has-text-align-left is-style-default\">C\u2019est en participant au d\u00e9veloppement du premier bo\u00eetier de chiffrement de trafic IP en temps r\u00e9el que Roger Simon et J\u00e9r\u00f4me Chappe se sont forg\u00e9s cette conviction. Pour la mettre en \u0153uvre, ils cr\u00e9ent la soci\u00e9t\u00e9 TheGreenBow en 1998.<\/p>\n\n\n\n<p class=\"has-text-align-left\">Ils choisissent comme nom TheGreenBow, l\u2019 \u00ab arc vert \u00bb, pour symboliser les forces de leur entreprise : c\u00f4t\u00e9 produit, la s\u00e9curit\u00e9 comme une sorte de bouclier de protection, et c\u00f4t\u00e9 humain, le lien, la relation forte avec les utilisateurs. La couleur verte souligne cette dimension humaine essentielle que se doivent d\u2019avoir les nouvelles technologies, en repr\u00e9sentant l\u2019\u00e9quilibre entre le partage, la confiance et le d\u00e9veloppement.<\/p>\n\n        <\/div>\n      <\/div>\n    <\/div>\n  <\/div>\n<\/section>\n\n\n<section class=\"block-grid-wrapper block-grid-for-core-image\">\n      <div class=\"default-editor-content grid-for-core-image grid-container\">\n        <div class=\"grid-x grid-padding-x align-center\">\n          <div class=\"cell\">\n            \n<figure class=\"wp-block-image size-full\"><img loading=\"lazy\" decoding=\"async\" width=\"960\" height=\"402\" src=\"https:\/\/www.thegreenbow.com\/wp-content\/uploads\/2026\/02\/20250819-TGB_Frise_Chronologique.png\" alt=\"\" class=\"wp-image-18316\" srcset=\"https:\/\/www.thegreenbow.com\/wp-content\/uploads\/2026\/02\/20250819-TGB_Frise_Chronologique.png 960w, https:\/\/www.thegreenbow.com\/wp-content\/uploads\/2026\/02\/20250819-TGB_Frise_Chronologique-300x126.png 300w, https:\/\/www.thegreenbow.com\/wp-content\/uploads\/2026\/02\/20250819-TGB_Frise_Chronologique-768x322.png 768w, https:\/\/www.thegreenbow.com\/wp-content\/uploads\/2026\/02\/20250819-TGB_Frise_Chronologique-100x42.png 100w\" sizes=\"auto, (max-width: 960px) 100vw, 960px\" \/><\/figure>\n          <\/div>\n        <\/div>\n      <\/div>\n\n      <\/section>\n\n<section class=\"block-grid-wrapper block-grid-for-core-heading\">\n      <div class=\"default-editor-content grid-for-core-heading grid-container\">\n        <div class=\"grid-x grid-padding-x align-center\">\n          <div class=\"cell\">\n            \n<h2 class=\"wp-block-heading\">Notre mission<\/h2>\n          <\/div>\n        <\/div>\n      <\/div>\n\n      <\/section>\n\n<section class=\"block-grid-wrapper block-grid-for-core-paragraph\">\n      <div class=\"default-editor-content grid-for-core-paragraph grid-container\">\n        <div class=\"grid-x grid-padding-x align-center\">\n          <div class=\"cell\">\n            \n<p>TheGreenBow est un \u00e9diteur de logiciels VPN de confiance. Nous aidons les organisations et les individus \u00e0 devenir <strong>cyber-responsables<\/strong>. Pour cela, nous concevons et d\u00e9veloppons des solutions <strong>fiables <\/strong>et <strong>faciles d\u2019utilisation<\/strong>.<\/p>\n          <\/div>\n        <\/div>\n      <\/div>\n\n      <\/section>\n\n<section class=\"block-grid-wrapper block-grid-for-core-paragraph\">\n      <div class=\"default-editor-content grid-for-core-paragraph grid-container\">\n        <div class=\"grid-x grid-padding-x align-center\">\n          <div class=\"cell\">\n            \n<p>Nous prot\u00e9geons <strong>les acc\u00e8s<\/strong> et les <strong>connexions \u00e0 votre syst\u00e8me d\u2019information<\/strong> et assurons l\u2019int\u00e9grit\u00e9 et la confidentialit\u00e9 des donn\u00e9es \u00e9chang\u00e9es&nbsp;en toutes circonstances : que ce soit entre des organisations, des collaborateurs nomades, des t\u00e9l\u00e9travailleurs ou des objets connect\u00e9s.<\/p>\n          <\/div>\n        <\/div>\n      <\/div>\n\n      <\/section>\n\n<section class=\"block-grid-wrapper block-grid-for-core-paragraph\">\n      <div class=\"default-editor-content grid-for-core-paragraph grid-container\">\n        <div class=\"grid-x grid-padding-x align-center\">\n          <div class=\"cell\">\n            \n<p>Avec plus de deux millions de licences distribu\u00e9es dans plus de 70 pays et l\u2019obtention de plusieurs Visas de S\u00e9curit\u00e9 ANSSI, les logiciels TheGreenBow s\u2019adressent \u00e0 tous les types d\u2019organisation : TPE\/PMEs, grands comptes, Op\u00e9rateurs d\u2019Importance Vitale (OIV), Entit\u00e9s Essentielles (EE) ou Entit\u00e9s Importantes (EI), ou encore administrations et collectivit\u00e9s territoriales.<\/p>\n          <\/div>\n        <\/div>\n      <\/div>\n\n      <\/section>\n\n<section class=\"block-grid-wrapper block-grid-for-core-paragraph\">\n      <div class=\"default-editor-content grid-for-core-paragraph grid-container\">\n        <div class=\"grid-x grid-padding-x align-center\">\n          <div class=\"cell\">\n            \n<p><\/p>\n          <\/div>\n        <\/div>\n      <\/div>\n\n      <\/section>\n\n\n  <section class=\"linked-page-section\" itemprop=\"hasPart\" itemscope itemtype=\"https:\/\/schema.org\/WebPageElement\">\n    <div class=\"grid-container\">\n      <div class=\"grid-x grid-padding-x align-center\">\n        <div class=\"cell large-6 text-center\">\n          <div class=\"bkg-wrapper\">\n            <a href=\"https:\/\/www.thegreenbow.com\/fr\/societe\/engagements-certification-continue\/\" target=\"_self\">\n                              <figure class=\"page-image-1\">\n                  <img decoding=\"async\"  data-fade-in loading=\"lazy\" src=\"data:image\/png;base64,R0lGODlhAQABAAD\/ACwAAAAAAQABAAACADs=\" data-lazy-interchange=\"[https:\/\/www.thegreenbow.com\/wp-content\/uploads\/2021\/05\/thegreenbow-header-societe-min-335x125.jpg, small], [https:\/\/www.thegreenbow.com\/wp-content\/uploads\/2021\/05\/thegreenbow-header-societe-min-536x200.jpg, xlarge], [https:\/\/www.thegreenbow.com\/wp-content\/uploads\/2021\/05\/thegreenbow-header-societe-min-670x250.jpg, retina], [https:\/\/www.thegreenbow.com\/wp-content\/uploads\/2021\/05\/thegreenbow-header-societe-min-1072x400.jpg, medium_retina]\" data-interchange-sizes=\"{&quot;small&quot;:{&quot;w&quot;:335,&quot;h&quot;:125},&quot;xlarge&quot;:{&quot;w&quot;:536,&quot;h&quot;:200},&quot;retina&quot;:{&quot;w&quot;:670,&quot;h&quot;:250},&quot;medium_retina&quot;:{&quot;w&quot;:1072,&quot;h&quot;:400},&quot;xlarge_retina&quot;:{&quot;w&quot;:1072,&quot;h&quot;:400}}\"  alt=\"Vision et mission\" itemprop=\"image\" data-fade-in \/>\n                <\/figure>\n              \n              <h2 itemprop=\"name\">En savoir plus sur nos engagements<\/h2>\n            <\/a>\n          <\/div>\n        <\/div>\n      <\/div>\n    <\/div>\n  <\/section>\n","protected":false},"excerpt":{"rendered":"<p>Notre vision Nous vivons dans un monde o\u00f9 les Hommes et les machines sont de plus en plus connect\u00e9s. Le nombre et la vari\u00e9t\u00e9 des cyberattaques ne cessent de cro\u00eetre. Assurer la protection des communications et des donn\u00e9es doit \u00eatre un geste naturel pour tous. Pourtant 60% des cyberattaques sont rendue possibles par des comportements [&hellip;]<\/p>\n","protected":false},"author":1,"featured_media":0,"parent":105,"menu_order":47,"comment_status":"closed","ping_status":"closed","template":"","meta":{"_acf_changed":false,"resource_type":"internal","footnotes":""},"class_list":["post-107","page","type-page","status-publish","hentry"],"acf":[],"yoast_head":"<!-- This site is optimized with the Yoast SEO plugin v27.3 - https:\/\/yoast.com\/product\/yoast-seo-wordpress\/ -->\n<title>Vision et mission - TheGreenBow<\/title>\n<meta name=\"description\" content=\"TheGreenBow fournit des solutions VPN de confiance qui aident les organisations et les individus \u00e0 devenir cyber-responsables.\" \/>\n<meta name=\"robots\" content=\"index, follow, max-snippet:-1, max-image-preview:large, max-video-preview:-1\" \/>\n<link rel=\"canonical\" href=\"https:\/\/www.thegreenbow.com\/fr\/societe\/vision-et-mission\/\" \/>\n<meta property=\"og:locale\" content=\"fr_FR\" \/>\n<meta property=\"og:type\" content=\"article\" \/>\n<meta property=\"og:title\" content=\"Vision et mission - TheGreenBow\" \/>\n<meta property=\"og:description\" content=\"TheGreenBow fournit des solutions VPN de confiance qui aident les organisations et les individus \u00e0 devenir cyber-responsables.\" \/>\n<meta property=\"og:url\" content=\"https:\/\/www.thegreenbow.com\/fr\/societe\/vision-et-mission\/\" \/>\n<meta property=\"og:site_name\" content=\"TheGreenBow\" \/>\n<meta property=\"article:modified_time\" content=\"2026-03-27T08:18:49+00:00\" \/>\n<meta property=\"og:image\" content=\"https:\/\/www.thegreenbow.com\/wp-content\/uploads\/2026\/02\/20250819-TGB_Frise_Chronologique.png\" \/>\n\t<meta property=\"og:image:width\" content=\"960\" \/>\n\t<meta property=\"og:image:height\" content=\"402\" \/>\n\t<meta property=\"og:image:type\" content=\"image\/png\" \/>\n<meta name=\"twitter:card\" content=\"summary_large_image\" \/>\n<meta name=\"twitter:site\" content=\"@thegreenbow\" \/>\n<meta name=\"twitter:label1\" content=\"Dur\u00e9e de lecture estim\u00e9e\" \/>\n\t<meta name=\"twitter:data1\" content=\"2 minutes\" \/>\n<script type=\"application\/ld+json\" class=\"yoast-schema-graph\">{\"@context\":\"https:\\\/\\\/schema.org\",\"@graph\":[{\"@type\":\"WebPage\",\"@id\":\"https:\\\/\\\/www.thegreenbow.com\\\/fr\\\/societe\\\/vision-et-mission\\\/\",\"url\":\"https:\\\/\\\/www.thegreenbow.com\\\/fr\\\/societe\\\/vision-et-mission\\\/\",\"name\":\"Vision et mission - TheGreenBow\",\"isPartOf\":{\"@id\":\"https:\\\/\\\/www.thegreenbow.com\\\/fr\\\/#website\"},\"primaryImageOfPage\":{\"@id\":\"https:\\\/\\\/www.thegreenbow.com\\\/fr\\\/societe\\\/vision-et-mission\\\/#primaryimage\"},\"image\":{\"@id\":\"https:\\\/\\\/www.thegreenbow.com\\\/fr\\\/societe\\\/vision-et-mission\\\/#primaryimage\"},\"thumbnailUrl\":\"https:\\\/\\\/www.thegreenbow.com\\\/wp-content\\\/uploads\\\/2026\\\/02\\\/20250819-TGB_Frise_Chronologique.png\",\"datePublished\":\"2021-03-26T14:11:10+00:00\",\"dateModified\":\"2026-03-27T08:18:49+00:00\",\"description\":\"TheGreenBow fournit des solutions VPN de confiance qui aident les organisations et les individus \u00e0 devenir cyber-responsables.\",\"breadcrumb\":{\"@id\":\"https:\\\/\\\/www.thegreenbow.com\\\/fr\\\/societe\\\/vision-et-mission\\\/#breadcrumb\"},\"inLanguage\":\"fr-FR\",\"potentialAction\":[{\"@type\":\"ReadAction\",\"target\":[\"https:\\\/\\\/www.thegreenbow.com\\\/fr\\\/societe\\\/vision-et-mission\\\/\"]}]},{\"@type\":\"ImageObject\",\"inLanguage\":\"fr-FR\",\"@id\":\"https:\\\/\\\/www.thegreenbow.com\\\/fr\\\/societe\\\/vision-et-mission\\\/#primaryimage\",\"url\":\"https:\\\/\\\/www.thegreenbow.com\\\/wp-content\\\/uploads\\\/2026\\\/02\\\/20250819-TGB_Frise_Chronologique.png\",\"contentUrl\":\"https:\\\/\\\/www.thegreenbow.com\\\/wp-content\\\/uploads\\\/2026\\\/02\\\/20250819-TGB_Frise_Chronologique.png\"},{\"@type\":\"BreadcrumbList\",\"@id\":\"https:\\\/\\\/www.thegreenbow.com\\\/fr\\\/societe\\\/vision-et-mission\\\/#breadcrumb\",\"itemListElement\":[{\"@type\":\"ListItem\",\"position\":1,\"name\":\"Accueil\",\"item\":\"https:\\\/\\\/www.thegreenbow.com\\\/fr\\\/\"},{\"@type\":\"ListItem\",\"position\":2,\"name\":\"Soci\u00e9t\u00e9\",\"item\":\"https:\\\/\\\/www.thegreenbow.com\\\/fr\\\/societe\\\/vision-et-mission\\\/\"},{\"@type\":\"ListItem\",\"position\":3,\"name\":\"Vision et mission\"}]},{\"@type\":\"WebSite\",\"@id\":\"https:\\\/\\\/www.thegreenbow.com\\\/fr\\\/#website\",\"url\":\"https:\\\/\\\/www.thegreenbow.com\\\/fr\\\/\",\"name\":\"TheGreenBow\",\"description\":\"\",\"publisher\":{\"@id\":\"https:\\\/\\\/www.thegreenbow.com\\\/fr\\\/#organization\"},\"potentialAction\":[{\"@type\":\"SearchAction\",\"target\":{\"@type\":\"EntryPoint\",\"urlTemplate\":\"https:\\\/\\\/www.thegreenbow.com\\\/fr\\\/?s={search_term_string}\"},\"query-input\":{\"@type\":\"PropertyValueSpecification\",\"valueRequired\":true,\"valueName\":\"search_term_string\"}}],\"inLanguage\":\"fr-FR\"},{\"@type\":\"Organization\",\"@id\":\"https:\\\/\\\/www.thegreenbow.com\\\/fr\\\/#organization\",\"name\":\"TheGreenBow\",\"url\":\"https:\\\/\\\/www.thegreenbow.com\\\/fr\\\/\",\"logo\":{\"@type\":\"ImageObject\",\"inLanguage\":\"fr-FR\",\"@id\":\"https:\\\/\\\/www.thegreenbow.com\\\/fr\\\/#\\\/schema\\\/logo\\\/image\\\/\",\"url\":\"https:\\\/\\\/www.thegreenbow.com\\\/wp-content\\\/uploads\\\/2021\\\/04\\\/Logotype@2x-min.png\",\"contentUrl\":\"https:\\\/\\\/www.thegreenbow.com\\\/wp-content\\\/uploads\\\/2021\\\/04\\\/Logotype@2x-min.png\",\"width\":422,\"height\":84,\"caption\":\"TheGreenBow\"},\"image\":{\"@id\":\"https:\\\/\\\/www.thegreenbow.com\\\/fr\\\/#\\\/schema\\\/logo\\\/image\\\/\"},\"sameAs\":[\"https:\\\/\\\/x.com\\\/thegreenbow\",\"https:\\\/\\\/fr.linkedin.com\\\/company\\\/thegreenbow\",\"https:\\\/\\\/www.youtube.com\\\/channel\\\/UCZKtI7_fmgFcmovgGSy8AnQ\"]}]}<\/script>\n<!-- \/ Yoast SEO plugin. -->","yoast_head_json":{"title":"Vision et mission - TheGreenBow","description":"TheGreenBow fournit des solutions VPN de confiance qui aident les organisations et les individus \u00e0 devenir cyber-responsables.","robots":{"index":"index","follow":"follow","max-snippet":"max-snippet:-1","max-image-preview":"max-image-preview:large","max-video-preview":"max-video-preview:-1"},"canonical":"https:\/\/www.thegreenbow.com\/fr\/societe\/vision-et-mission\/","og_locale":"fr_FR","og_type":"article","og_title":"Vision et mission - TheGreenBow","og_description":"TheGreenBow fournit des solutions VPN de confiance qui aident les organisations et les individus \u00e0 devenir cyber-responsables.","og_url":"https:\/\/www.thegreenbow.com\/fr\/societe\/vision-et-mission\/","og_site_name":"TheGreenBow","article_modified_time":"2026-03-27T08:18:49+00:00","og_image":[{"width":960,"height":402,"url":"https:\/\/www.thegreenbow.com\/wp-content\/uploads\/2026\/02\/20250819-TGB_Frise_Chronologique.png","type":"image\/png"}],"twitter_card":"summary_large_image","twitter_site":"@thegreenbow","twitter_misc":{"Dur\u00e9e de lecture estim\u00e9e":"2 minutes"},"schema":{"@context":"https:\/\/schema.org","@graph":[{"@type":"WebPage","@id":"https:\/\/www.thegreenbow.com\/fr\/societe\/vision-et-mission\/","url":"https:\/\/www.thegreenbow.com\/fr\/societe\/vision-et-mission\/","name":"Vision et mission - TheGreenBow","isPartOf":{"@id":"https:\/\/www.thegreenbow.com\/fr\/#website"},"primaryImageOfPage":{"@id":"https:\/\/www.thegreenbow.com\/fr\/societe\/vision-et-mission\/#primaryimage"},"image":{"@id":"https:\/\/www.thegreenbow.com\/fr\/societe\/vision-et-mission\/#primaryimage"},"thumbnailUrl":"https:\/\/www.thegreenbow.com\/wp-content\/uploads\/2026\/02\/20250819-TGB_Frise_Chronologique.png","datePublished":"2021-03-26T14:11:10+00:00","dateModified":"2026-03-27T08:18:49+00:00","description":"TheGreenBow fournit des solutions VPN de confiance qui aident les organisations et les individus \u00e0 devenir cyber-responsables.","breadcrumb":{"@id":"https:\/\/www.thegreenbow.com\/fr\/societe\/vision-et-mission\/#breadcrumb"},"inLanguage":"fr-FR","potentialAction":[{"@type":"ReadAction","target":["https:\/\/www.thegreenbow.com\/fr\/societe\/vision-et-mission\/"]}]},{"@type":"ImageObject","inLanguage":"fr-FR","@id":"https:\/\/www.thegreenbow.com\/fr\/societe\/vision-et-mission\/#primaryimage","url":"https:\/\/www.thegreenbow.com\/wp-content\/uploads\/2026\/02\/20250819-TGB_Frise_Chronologique.png","contentUrl":"https:\/\/www.thegreenbow.com\/wp-content\/uploads\/2026\/02\/20250819-TGB_Frise_Chronologique.png"},{"@type":"BreadcrumbList","@id":"https:\/\/www.thegreenbow.com\/fr\/societe\/vision-et-mission\/#breadcrumb","itemListElement":[{"@type":"ListItem","position":1,"name":"Accueil","item":"https:\/\/www.thegreenbow.com\/fr\/"},{"@type":"ListItem","position":2,"name":"Soci\u00e9t\u00e9","item":"https:\/\/www.thegreenbow.com\/fr\/societe\/vision-et-mission\/"},{"@type":"ListItem","position":3,"name":"Vision et mission"}]},{"@type":"WebSite","@id":"https:\/\/www.thegreenbow.com\/fr\/#website","url":"https:\/\/www.thegreenbow.com\/fr\/","name":"TheGreenBow","description":"","publisher":{"@id":"https:\/\/www.thegreenbow.com\/fr\/#organization"},"potentialAction":[{"@type":"SearchAction","target":{"@type":"EntryPoint","urlTemplate":"https:\/\/www.thegreenbow.com\/fr\/?s={search_term_string}"},"query-input":{"@type":"PropertyValueSpecification","valueRequired":true,"valueName":"search_term_string"}}],"inLanguage":"fr-FR"},{"@type":"Organization","@id":"https:\/\/www.thegreenbow.com\/fr\/#organization","name":"TheGreenBow","url":"https:\/\/www.thegreenbow.com\/fr\/","logo":{"@type":"ImageObject","inLanguage":"fr-FR","@id":"https:\/\/www.thegreenbow.com\/fr\/#\/schema\/logo\/image\/","url":"https:\/\/www.thegreenbow.com\/wp-content\/uploads\/2021\/04\/Logotype@2x-min.png","contentUrl":"https:\/\/www.thegreenbow.com\/wp-content\/uploads\/2021\/04\/Logotype@2x-min.png","width":422,"height":84,"caption":"TheGreenBow"},"image":{"@id":"https:\/\/www.thegreenbow.com\/fr\/#\/schema\/logo\/image\/"},"sameAs":["https:\/\/x.com\/thegreenbow","https:\/\/fr.linkedin.com\/company\/thegreenbow","https:\/\/www.youtube.com\/channel\/UCZKtI7_fmgFcmovgGSy8AnQ"]}]}},"_links":{"self":[{"href":"https:\/\/www.thegreenbow.com\/fr\/wp-json\/wp\/v2\/pages\/107","targetHints":{"allow":["GET"]}}],"collection":[{"href":"https:\/\/www.thegreenbow.com\/fr\/wp-json\/wp\/v2\/pages"}],"about":[{"href":"https:\/\/www.thegreenbow.com\/fr\/wp-json\/wp\/v2\/types\/page"}],"author":[{"embeddable":true,"href":"https:\/\/www.thegreenbow.com\/fr\/wp-json\/wp\/v2\/users\/1"}],"replies":[{"embeddable":true,"href":"https:\/\/www.thegreenbow.com\/fr\/wp-json\/wp\/v2\/comments?post=107"}],"version-history":[{"count":67,"href":"https:\/\/www.thegreenbow.com\/fr\/wp-json\/wp\/v2\/pages\/107\/revisions"}],"predecessor-version":[{"id":18353,"href":"https:\/\/www.thegreenbow.com\/fr\/wp-json\/wp\/v2\/pages\/107\/revisions\/18353"}],"up":[{"embeddable":true,"href":"https:\/\/www.thegreenbow.com\/fr\/wp-json\/wp\/v2\/pages\/105"}],"wp:attachment":[{"href":"https:\/\/www.thegreenbow.com\/fr\/wp-json\/wp\/v2\/media?parent=107"}],"curies":[{"name":"wp","href":"https:\/\/api.w.org\/{rel}","templated":true}]}}