{"id":109,"date":"2021-03-26T14:11:39","date_gmt":"2021-03-26T14:11:39","guid":{"rendered":"https:\/\/www.thegreenbow.com\/?page_id=109"},"modified":"2026-03-27T11:53:04","modified_gmt":"2026-03-27T09:53:04","slug":"engagements-certification-continue","status":"publish","type":"page","link":"https:\/\/www.thegreenbow.com\/fr\/societe\/engagements-certification-continue\/","title":{"rendered":"Engagements"},"content":{"rendered":"\n<section  class=\"wp-block-acf-news-page-banner  post\" >\n  \n    <div class=\"section-content section-banner has-white-color img-align-center img-align-center\"  data-interchange=\"[https:\/\/www.thegreenbow.com\/wp-content\/uploads\/2021\/05\/thegreenbow-header-societe-min-768x400.jpg, small], [https:\/\/www.thegreenbow.com\/wp-content\/uploads\/2021\/05\/thegreenbow-header-societe-min-1024x1024.jpg, medium], [https:\/\/www.thegreenbow.com\/wp-content\/uploads\/2021\/05\/thegreenbow-header-societe-min-1366x218.jpg, large], [https:\/\/www.thegreenbow.com\/wp-content\/uploads\/2021\/05\/thegreenbow-header-societe-min.jpg, xlarge], [https:\/\/www.thegreenbow.com\/wp-content\/uploads\/2021\/05\/thegreenbow-header-societe-min-1366x712.jpg, retina], [https:\/\/www.thegreenbow.com\/wp-content\/uploads\/2021\/05\/thegreenbow-header-societe-min-1366x1366.jpg, medium_retina], [https:\/\/www.thegreenbow.com\/wp-content\/uploads\/2021\/05\/thegreenbow-header-societe-min.jpg, large_retina]\" data-interchange-sizes=\"{&quot;small&quot;:{&quot;w&quot;:768,&quot;h&quot;:400},&quot;medium&quot;:{&quot;w&quot;:1024,&quot;h&quot;:1024},&quot;large&quot;:{&quot;w&quot;:1366,&quot;h&quot;:218},&quot;xlarge&quot;:{&quot;w&quot;:1920,&quot;h&quot;:307},&quot;retina&quot;:{&quot;w&quot;:1366,&quot;h&quot;:712},&quot;medium_retina&quot;:{&quot;w&quot;:1366,&quot;h&quot;:1366},&quot;large_retina&quot;:{&quot;w&quot;:1920,&quot;h&quot;:307},&quot;xlarge_retina&quot;:{&quot;w&quot;:1920,&quot;h&quot;:307}}\" >\n\n              <h1 class=\"page-title\">Engagements<\/h1>\n      \n    <\/div>\n\n  \n  \n  \n<\/section>\n\n\n<section class=\"block-grid-wrapper block-grid-for-core-heading\">\n      <div class=\"default-editor-content grid-for-core-heading grid-container\">\n        <div class=\"grid-x grid-padding-x align-center\">\n          <div class=\"cell\">\n            \n<h2 class=\"wp-block-heading\"><strong>Notre d\u00e9marche de certification continue<\/strong><\/h2>\n          <\/div>\n        <\/div>\n      <\/div>\n\n      <\/section>\n\n<section class=\"block-grid-wrapper block-grid-for-core-paragraph\">\n      <div class=\"default-editor-content grid-for-core-paragraph grid-container\">\n        <div class=\"grid-x grid-padding-x align-center\">\n          <div class=\"cell\">\n            \n<p>Depuis son origine, TheGreenBow aide ses clients \u00e0 r\u00e9soudre des probl\u00e9matiques de confidentialit\u00e9, de souverainet\u00e9 et de s\u00e9curit\u00e9 au plus haut niveau. C\u2019est pourquoi la certification ou la qualification de nos produits est totalement int\u00e9gr\u00e9e dans notre strat\u00e9gie de d\u00e9veloppement. Pour ce faire, nous sommes en constante relation avec les experts de l\u2019ANSSI.<\/p>\n          <\/div>\n        <\/div>\n      <\/div>\n\n      <\/section>\n\n<section class=\"block-grid-wrapper block-grid-for-core-paragraph\">\n      <div class=\"default-editor-content grid-for-core-paragraph grid-container\">\n        <div class=\"grid-x grid-padding-x align-center\">\n          <div class=\"cell\">\n            \n<p>Gr\u00e2ce \u00e0 nos efforts continus, nous sommes le premier fournisseur europ\u00e9en de logiciels VPN \u00e0 avoir obtenu la certification Crit\u00e8res Communs EAL3+ ainsi que l\u2019agr\u00e9ment Diffusion Restreinte OTAN et UE pour notre Client VPN Windows. Fin 2019, ce produit certifi\u00e9 a \u00e9galement obtenu le label \u00ab <em>Utilis\u00e9 par les arm\u00e9es fran\u00e7aises <\/em>\u00bb qui atteste de sa mise en \u0153uvre par les services du Minist\u00e8re des Arm\u00e9es Fran\u00e7aises.<\/p>\n          <\/div>\n        <\/div>\n      <\/div>\n\n      <\/section>\n\n<section class=\"block-grid-wrapper block-grid-for-core-paragraph\">\n      <div class=\"default-editor-content grid-for-core-paragraph grid-container\">\n        <div class=\"grid-x grid-padding-x align-center\">\n          <div class=\"cell\">\n            \n<p>Les produits pour lesquels TheGreenBow a obtenu une certification Crit\u00e8res Commun EAL3+ de l&rsquo;ANSSI sont :<\/p>\n          <\/div>\n        <\/div>\n      <\/div>\n\n      <\/section>\n\n<section class=\"block-grid-wrapper block-grid-for-core-list\">\n      <div class=\"default-editor-content grid-for-core-list grid-container\">\n        <div class=\"grid-x grid-padding-x align-center\">\n          <div class=\"cell\">\n            \n<ul class=\"wp-block-list\">\n<li>VPN TheGreenBow Windows (version 6.52.006) (2019)<\/li>\n\n\n\n<li>VPN TheGreenBow Linux ElinOS (v6.1) <a href=\"https:\/\/www.ssi.gouv.fr\/certification_cc\/thegreenbow-vpn-linux-elinos-v6-1-version-1-5-0\/\" target=\"_blank\" rel=\"noreferrer noopener\">version 1.5.0<\/a> (2020)<\/li>\n\n\n\n<li>VPN TheGreenBow RedHat (v7) <a href=\"https:\/\/www.ssi.gouv.fr\/certification_cc\/thegreenbow-vpn-linux-redhat-v7version-1-5-0\/\">version 1.5.0<\/a> (2020)<\/li>\n<\/ul>\n          <\/div>\n        <\/div>\n      <\/div>\n\n      <\/section>\n\n<section class=\"block-grid-wrapper block-grid-for-core-image\">\n      <div class=\"default-editor-content grid-for-core-image grid-container\">\n        <div class=\"grid-x grid-padding-x align-center\">\n          <div class=\"cell\">\n            \n<figure class=\"wp-block-image aligncenter size-full is-resized\"><img loading=\"lazy\" decoding=\"async\" width=\"502\" height=\"502\" src=\"https:\/\/www.thegreenbow.com\/wp-content\/uploads\/2024\/11\/minarm-label-fr-002.jpg\" alt=\"\" class=\"wp-image-17553\" style=\"width:254px;height:auto\" srcset=\"https:\/\/www.thegreenbow.com\/wp-content\/uploads\/2024\/11\/minarm-label-fr-002.jpg 502w, https:\/\/www.thegreenbow.com\/wp-content\/uploads\/2024\/11\/minarm-label-fr-002-300x300.jpg 300w, https:\/\/www.thegreenbow.com\/wp-content\/uploads\/2024\/11\/minarm-label-fr-002-150x150.jpg 150w, https:\/\/www.thegreenbow.com\/wp-content\/uploads\/2024\/11\/minarm-label-fr-002-100x100.jpg 100w, https:\/\/www.thegreenbow.com\/wp-content\/uploads\/2024\/11\/minarm-label-fr-002-368x368.jpg 368w\" sizes=\"auto, (max-width: 502px) 100vw, 502px\" \/><\/figure>\n          <\/div>\n        <\/div>\n      <\/div>\n\n      <\/section>\n\n<section class=\"block-grid-wrapper block-grid-for-core-paragraph\">\n      <div class=\"default-editor-content grid-for-core-paragraph grid-container\">\n        <div class=\"grid-x grid-padding-x align-center\">\n          <div class=\"cell\">\n            \n<p><\/p>\n          <\/div>\n        <\/div>\n      <\/div>\n\n      <\/section>\n\n<section class=\"block-grid-wrapper block-grid-for-core-heading\">\n      <div class=\"default-editor-content grid-for-core-heading grid-container\">\n        <div class=\"grid-x grid-padding-x align-center\">\n          <div class=\"cell\">\n            \n<h2 class=\"wp-block-heading\"><strong>Nos engagements dans l\u2019\u00e9cosyst\u00e8me cybers\u00e9curit\u00e9<\/strong><\/h2>\n          <\/div>\n        <\/div>\n      <\/div>\n\n      <\/section>\n\n<section class=\"block-grid-wrapper block-grid-for-core-paragraph\">\n      <div class=\"default-editor-content grid-for-core-paragraph grid-container\">\n        <div class=\"grid-x grid-padding-x align-center\">\n          <div class=\"cell\">\n            \n<p>TheGreenBow soutient les d\u00e9marches industrielles visant \u00e0 renforcer la souverainet\u00e9 num\u00e9rique. Notre engagement est de prendre part \u00e0 des plans d\u2019actions concrets impliquant les principales parties prenantes : l\u2019ex\u00e9cutif, le l\u00e9gislateur et les industriels.<\/p>\n          <\/div>\n        <\/div>\n      <\/div>\n\n      <\/section>\n\n<section class=\"block-grid-wrapper block-grid-for-core-paragraph\">\n      <div class=\"default-editor-content grid-for-core-paragraph grid-container\">\n        <div class=\"grid-x grid-padding-x align-center\">\n          <div class=\"cell\">\n            \n<p>Dans cet esprit, TheGreenBow agit en tant que pilote du label \u00ab France Cybersecurity \u00bb (issu de l\u2019initiative gouvernementale \u00ab Nouvelle France industrielle \u00bb en 2013) dont l\u2019objectif est de promouvoir l\u2019offre fran\u00e7aise de cybers\u00e9curit\u00e9 au-del\u00e0 de nos fronti\u00e8res.<\/p>\n          <\/div>\n        <\/div>\n      <\/div>\n\n      <\/section>\n\n<section class=\"block-grid-wrapper block-grid-for-core-paragraph\">\n      <div class=\"default-editor-content grid-for-core-paragraph grid-container\">\n        <div class=\"grid-x grid-padding-x align-center\">\n          <div class=\"cell\">\n            \n<p>Nous sommes \u00e9galement tr\u00e8s impliqu\u00e9s pour la promotion de la cybers\u00e9curit\u00e9 en France et \u00e0 l\u2019international. Nous participons \u00e0 plusieurs groupes de travail au sein des associations les plus influentes de l\u2019\u00e9cosyst\u00e8me cyber :<\/p>\n          <\/div>\n        <\/div>\n      <\/div>\n\n      <\/section>\n\n<section class=\"block-grid-wrapper block-grid-for-core-list\">\n      <div class=\"default-editor-content grid-for-core-list grid-container\">\n        <div class=\"grid-x grid-padding-x align-center\">\n          <div class=\"cell\">\n            \n<ul class=\"wp-block-list\">\n<li>ACN (Alliance pour la Confiance Num\u00e9rique)<\/li>\n\n\n\n<li>Cercle de l\u2019Arbal\u00e8te, partenaire R\u00e9serve \u2013 Entreprise \u2013 D\u00e9fense<\/li>\n\n\n\n<li>Clusif (membre du CA)<\/li>\n\n\n\n<li>Cybertaskforce<\/li>\n\n\n\n<li>ECSO (European Cyber Security Organisation)<\/li>\n\n\n\n<li>HexaTrust (membre fondateur, membre du CA)<\/li>\n\n\n\n<li>PEC (P\u00f4le d&rsquo;Excellence Cyber)<\/li>\n\n\n\n<li>Numeum<\/li>\n\n\n\n<li>P\u00f4le System@tic<\/li>\n<\/ul>\n          <\/div>\n        <\/div>\n      <\/div>\n\n      <\/section>\n\n\n  <section  class=\"wp-block-acf-logos  section-content logos-section\"  itemprop=\"hasPart\" itemscope itemtype=\"https:\/\/schema.org\/WebPageElement\">\n    <div class=\"grid-container\">\n      <div class=\"align-middle grid-x grid-padding-x align-center text-center\">\n\n                  <div class=\"cell medium-4\">\n            <figure>\n              <img decoding=\"async\"  data-fade-in loading=\"lazy\" src=\"data:image\/png;base64,R0lGODlhAQABAAD\/ACwAAAAAAQABAAACADs=\" data-lazy-img data-src=\"https:\/\/www.thegreenbow.com\/wp-content\/uploads\/2021\/04\/Image-1-Logo-Hexatrust.jpg\" data-interchange-sizes=\"{&quot;small&quot;:{&quot;w&quot;:300,&quot;h&quot;:138}}\"  alt=\"Engagements\" itemprop=\"image\" \/>\n            <\/figure>\n\n                      <\/div>\n                  <div class=\"cell medium-4\">\n            <figure>\n              <img decoding=\"async\"  data-fade-in loading=\"lazy\" src=\"data:image\/png;base64,R0lGODlhAQABAAD\/ACwAAAAAAQABAAACADs=\" data-lazy-img data-src=\"https:\/\/www.thegreenbow.com\/wp-content\/uploads\/2020\/11\/thegreenbow-actualite-clusif.jpg\" data-interchange-sizes=\"{&quot;small&quot;:{&quot;w&quot;:370,&quot;h&quot;:260}}\"  alt=\"Engagements\" itemprop=\"image\" \/>\n            <\/figure>\n\n                      <\/div>\n        \n\n         <div class=\"cell text-center\">\n                     <\/div>\n\n      <\/div>\n    <\/div>\n  <\/section>\n\n\n\n  <section  class=\"wp-block-acf-logos  section-content logos-section\"  itemprop=\"hasPart\" itemscope itemtype=\"https:\/\/schema.org\/WebPageElement\">\n    <div class=\"grid-container\">\n      <div class=\"align-middle grid-x grid-padding-x align-center text-center\">\n\n                  <div class=\"cell medium-4\">\n            <figure>\n              <img decoding=\"async\"  data-fade-in loading=\"lazy\" src=\"data:image\/png;base64,R0lGODlhAQABAAD\/ACwAAAAAAQABAAACADs=\" data-lazy-img data-src=\"https:\/\/www.thegreenbow.com\/wp-content\/uploads\/2023\/03\/Logo-PEC-2.png\" data-interchange-sizes=\"{&quot;small&quot;:{&quot;w&quot;:425,&quot;h&quot;:357}}\"  alt=\"Engagements\" itemprop=\"image\" \/>\n            <\/figure>\n\n                      <\/div>\n                  <div class=\"cell medium-4\">\n            <figure>\n              <img decoding=\"async\"  data-fade-in loading=\"lazy\" src=\"data:image\/png;base64,R0lGODlhAQABAAD\/ACwAAAAAAQABAAACADs=\" data-lazy-img data-src=\"https:\/\/www.thegreenbow.com\/wp-content\/uploads\/2021\/04\/Image-10-Logo-Systematic.png\" data-interchange-sizes=\"{&quot;small&quot;:{&quot;w&quot;:380,&quot;h&quot;:133}}\"  alt=\"Engagements\" itemprop=\"image\" \/>\n            <\/figure>\n\n                      <\/div>\n        \n\n         <div class=\"cell text-center\">\n                     <\/div>\n\n      <\/div>\n    <\/div>\n  <\/section>\n\n\n\n  <section class=\"linked-page-section\" itemprop=\"hasPart\" itemscope itemtype=\"https:\/\/schema.org\/WebPageElement\">\n    <div class=\"grid-container\">\n      <div class=\"grid-x grid-padding-x align-center\">\n        <div class=\"cell large-6 text-center\">\n          <div class=\"bkg-wrapper\">\n            <a href=\"https:\/\/www.thegreenbow.com\/fr\/produits-vpn-thegreenbow\/endpoint-secure-connection\/\" target=\"_self\">\n                              <figure class=\"page-image-1\">\n                  <img decoding=\"async\"  data-fade-in loading=\"lazy\" src=\"data:image\/png;base64,R0lGODlhAQABAAD\/ACwAAAAAAQABAAACADs=\" data-lazy-interchange=\"[https:\/\/www.thegreenbow.com\/wp-content\/uploads\/2021\/05\/thegreenbow-header-societe-min-335x125.jpg, small], [https:\/\/www.thegreenbow.com\/wp-content\/uploads\/2021\/05\/thegreenbow-header-societe-min-536x200.jpg, xlarge], [https:\/\/www.thegreenbow.com\/wp-content\/uploads\/2021\/05\/thegreenbow-header-societe-min-670x250.jpg, retina], [https:\/\/www.thegreenbow.com\/wp-content\/uploads\/2021\/05\/thegreenbow-header-societe-min-1072x400.jpg, medium_retina]\" data-interchange-sizes=\"{&quot;small&quot;:{&quot;w&quot;:335,&quot;h&quot;:125},&quot;xlarge&quot;:{&quot;w&quot;:536,&quot;h&quot;:200},&quot;retina&quot;:{&quot;w&quot;:670,&quot;h&quot;:250},&quot;medium_retina&quot;:{&quot;w&quot;:1072,&quot;h&quot;:400},&quot;xlarge_retina&quot;:{&quot;w&quot;:1072,&quot;h&quot;:400}}\"  alt=\"Engagements\" itemprop=\"image\" data-fade-in \/>\n                <\/figure>\n              \n              <h2 itemprop=\"name\">D\u00e9couvrez la gamme clients VPN TheGreenBow<\/h2>\n            <\/a>\n          <\/div>\n        <\/div>\n      <\/div>\n    <\/div>\n  <\/section>\n","protected":false},"excerpt":{"rendered":"<p>Notre d\u00e9marche de certification continue Depuis son origine, TheGreenBow aide ses clients \u00e0 r\u00e9soudre des probl\u00e9matiques de confidentialit\u00e9, de souverainet\u00e9 et de s\u00e9curit\u00e9 au plus haut niveau. C\u2019est pourquoi la certification ou la qualification de nos produits est totalement int\u00e9gr\u00e9e dans notre strat\u00e9gie de d\u00e9veloppement. Pour ce faire, nous sommes en constante relation avec les [&hellip;]<\/p>\n","protected":false},"author":1,"featured_media":0,"parent":105,"menu_order":45,"comment_status":"closed","ping_status":"closed","template":"","meta":{"_acf_changed":false,"resource_type":"internal","footnotes":""},"class_list":["post-109","page","type-page","status-publish","hentry"],"acf":[],"yoast_head":"<!-- This site is optimized with the Yoast SEO plugin v27.4 - https:\/\/yoast.com\/product\/yoast-seo-wordpress\/ -->\n<title>Engagements - TheGreenBow<\/title>\n<meta name=\"description\" content=\"TheGreenBow, premier fournisseur europ\u00e9en de logiciels VPN \u00e0 avoir obtenu la certification Crit\u00e8res Communs EAL3+ pour le Client VPN Windows\" \/>\n<meta name=\"robots\" content=\"index, follow, max-snippet:-1, max-image-preview:large, max-video-preview:-1\" \/>\n<link rel=\"canonical\" href=\"https:\/\/www.thegreenbow.com\/fr\/societe\/engagements-certification-continue\/\" \/>\n<meta property=\"og:locale\" content=\"fr_FR\" \/>\n<meta property=\"og:type\" content=\"article\" \/>\n<meta property=\"og:title\" content=\"Engagements - TheGreenBow\" \/>\n<meta property=\"og:description\" content=\"TheGreenBow, premier fournisseur europ\u00e9en de logiciels VPN \u00e0 avoir obtenu la certification Crit\u00e8res Communs EAL3+ pour le Client VPN Windows\" \/>\n<meta property=\"og:url\" content=\"https:\/\/www.thegreenbow.com\/fr\/societe\/engagements-certification-continue\/\" \/>\n<meta property=\"og:site_name\" content=\"TheGreenBow\" \/>\n<meta property=\"article:modified_time\" content=\"2026-03-27T09:53:04+00:00\" \/>\n<meta property=\"og:image\" content=\"https:\/\/www.thegreenbow.com\/wp-content\/uploads\/2024\/11\/minarm-label-fr-002.jpg\" \/>\n\t<meta property=\"og:image:width\" content=\"502\" \/>\n\t<meta property=\"og:image:height\" content=\"502\" \/>\n\t<meta property=\"og:image:type\" content=\"image\/jpeg\" \/>\n<meta name=\"twitter:card\" content=\"summary_large_image\" \/>\n<meta name=\"twitter:site\" content=\"@thegreenbow\" \/>\n<meta name=\"twitter:label1\" content=\"Dur\u00e9e de lecture estim\u00e9e\" \/>\n\t<meta name=\"twitter:data1\" content=\"2 minutes\" \/>\n<script type=\"application\/ld+json\" class=\"yoast-schema-graph\">{\"@context\":\"https:\\\/\\\/schema.org\",\"@graph\":[{\"@type\":\"WebPage\",\"@id\":\"https:\\\/\\\/www.thegreenbow.com\\\/fr\\\/societe\\\/engagements-certification-continue\\\/\",\"url\":\"https:\\\/\\\/www.thegreenbow.com\\\/fr\\\/societe\\\/engagements-certification-continue\\\/\",\"name\":\"Engagements - TheGreenBow\",\"isPartOf\":{\"@id\":\"https:\\\/\\\/www.thegreenbow.com\\\/fr\\\/#website\"},\"primaryImageOfPage\":{\"@id\":\"https:\\\/\\\/www.thegreenbow.com\\\/fr\\\/societe\\\/engagements-certification-continue\\\/#primaryimage\"},\"image\":{\"@id\":\"https:\\\/\\\/www.thegreenbow.com\\\/fr\\\/societe\\\/engagements-certification-continue\\\/#primaryimage\"},\"thumbnailUrl\":\"https:\\\/\\\/www.thegreenbow.com\\\/wp-content\\\/uploads\\\/2024\\\/11\\\/minarm-label-fr-002.jpg\",\"datePublished\":\"2021-03-26T14:11:39+00:00\",\"dateModified\":\"2026-03-27T09:53:04+00:00\",\"description\":\"TheGreenBow, premier fournisseur europ\u00e9en de logiciels VPN \u00e0 avoir obtenu la certification Crit\u00e8res Communs EAL3+ pour le Client VPN Windows\",\"breadcrumb\":{\"@id\":\"https:\\\/\\\/www.thegreenbow.com\\\/fr\\\/societe\\\/engagements-certification-continue\\\/#breadcrumb\"},\"inLanguage\":\"fr-FR\",\"potentialAction\":[{\"@type\":\"ReadAction\",\"target\":[\"https:\\\/\\\/www.thegreenbow.com\\\/fr\\\/societe\\\/engagements-certification-continue\\\/\"]}]},{\"@type\":\"ImageObject\",\"inLanguage\":\"fr-FR\",\"@id\":\"https:\\\/\\\/www.thegreenbow.com\\\/fr\\\/societe\\\/engagements-certification-continue\\\/#primaryimage\",\"url\":\"https:\\\/\\\/www.thegreenbow.com\\\/wp-content\\\/uploads\\\/2024\\\/11\\\/minarm-label-fr-002.jpg\",\"contentUrl\":\"https:\\\/\\\/www.thegreenbow.com\\\/wp-content\\\/uploads\\\/2024\\\/11\\\/minarm-label-fr-002.jpg\"},{\"@type\":\"BreadcrumbList\",\"@id\":\"https:\\\/\\\/www.thegreenbow.com\\\/fr\\\/societe\\\/engagements-certification-continue\\\/#breadcrumb\",\"itemListElement\":[{\"@type\":\"ListItem\",\"position\":1,\"name\":\"Accueil\",\"item\":\"https:\\\/\\\/www.thegreenbow.com\\\/fr\\\/\"},{\"@type\":\"ListItem\",\"position\":2,\"name\":\"Soci\u00e9t\u00e9\",\"item\":\"https:\\\/\\\/www.thegreenbow.com\\\/fr\\\/societe\\\/vision-et-mission\\\/\"},{\"@type\":\"ListItem\",\"position\":3,\"name\":\"Engagements\"}]},{\"@type\":\"WebSite\",\"@id\":\"https:\\\/\\\/www.thegreenbow.com\\\/fr\\\/#website\",\"url\":\"https:\\\/\\\/www.thegreenbow.com\\\/fr\\\/\",\"name\":\"TheGreenBow\",\"description\":\"\",\"publisher\":{\"@id\":\"https:\\\/\\\/www.thegreenbow.com\\\/fr\\\/#organization\"},\"potentialAction\":[{\"@type\":\"SearchAction\",\"target\":{\"@type\":\"EntryPoint\",\"urlTemplate\":\"https:\\\/\\\/www.thegreenbow.com\\\/fr\\\/?s={search_term_string}\"},\"query-input\":{\"@type\":\"PropertyValueSpecification\",\"valueRequired\":true,\"valueName\":\"search_term_string\"}}],\"inLanguage\":\"fr-FR\"},{\"@type\":\"Organization\",\"@id\":\"https:\\\/\\\/www.thegreenbow.com\\\/fr\\\/#organization\",\"name\":\"TheGreenBow\",\"url\":\"https:\\\/\\\/www.thegreenbow.com\\\/fr\\\/\",\"logo\":{\"@type\":\"ImageObject\",\"inLanguage\":\"fr-FR\",\"@id\":\"https:\\\/\\\/www.thegreenbow.com\\\/fr\\\/#\\\/schema\\\/logo\\\/image\\\/\",\"url\":\"https:\\\/\\\/www.thegreenbow.com\\\/wp-content\\\/uploads\\\/2021\\\/04\\\/Logotype@2x-min.png\",\"contentUrl\":\"https:\\\/\\\/www.thegreenbow.com\\\/wp-content\\\/uploads\\\/2021\\\/04\\\/Logotype@2x-min.png\",\"width\":422,\"height\":84,\"caption\":\"TheGreenBow\"},\"image\":{\"@id\":\"https:\\\/\\\/www.thegreenbow.com\\\/fr\\\/#\\\/schema\\\/logo\\\/image\\\/\"},\"sameAs\":[\"https:\\\/\\\/x.com\\\/thegreenbow\",\"https:\\\/\\\/fr.linkedin.com\\\/company\\\/thegreenbow\",\"https:\\\/\\\/www.youtube.com\\\/channel\\\/UCZKtI7_fmgFcmovgGSy8AnQ\"]}]}<\/script>\n<!-- \/ Yoast SEO plugin. -->","yoast_head_json":{"title":"Engagements - TheGreenBow","description":"TheGreenBow, premier fournisseur europ\u00e9en de logiciels VPN \u00e0 avoir obtenu la certification Crit\u00e8res Communs EAL3+ pour le Client VPN Windows","robots":{"index":"index","follow":"follow","max-snippet":"max-snippet:-1","max-image-preview":"max-image-preview:large","max-video-preview":"max-video-preview:-1"},"canonical":"https:\/\/www.thegreenbow.com\/fr\/societe\/engagements-certification-continue\/","og_locale":"fr_FR","og_type":"article","og_title":"Engagements - TheGreenBow","og_description":"TheGreenBow, premier fournisseur europ\u00e9en de logiciels VPN \u00e0 avoir obtenu la certification Crit\u00e8res Communs EAL3+ pour le Client VPN Windows","og_url":"https:\/\/www.thegreenbow.com\/fr\/societe\/engagements-certification-continue\/","og_site_name":"TheGreenBow","article_modified_time":"2026-03-27T09:53:04+00:00","og_image":[{"width":502,"height":502,"url":"https:\/\/www.thegreenbow.com\/wp-content\/uploads\/2024\/11\/minarm-label-fr-002.jpg","type":"image\/jpeg"}],"twitter_card":"summary_large_image","twitter_site":"@thegreenbow","twitter_misc":{"Dur\u00e9e de lecture estim\u00e9e":"2 minutes"},"schema":{"@context":"https:\/\/schema.org","@graph":[{"@type":"WebPage","@id":"https:\/\/www.thegreenbow.com\/fr\/societe\/engagements-certification-continue\/","url":"https:\/\/www.thegreenbow.com\/fr\/societe\/engagements-certification-continue\/","name":"Engagements - TheGreenBow","isPartOf":{"@id":"https:\/\/www.thegreenbow.com\/fr\/#website"},"primaryImageOfPage":{"@id":"https:\/\/www.thegreenbow.com\/fr\/societe\/engagements-certification-continue\/#primaryimage"},"image":{"@id":"https:\/\/www.thegreenbow.com\/fr\/societe\/engagements-certification-continue\/#primaryimage"},"thumbnailUrl":"https:\/\/www.thegreenbow.com\/wp-content\/uploads\/2024\/11\/minarm-label-fr-002.jpg","datePublished":"2021-03-26T14:11:39+00:00","dateModified":"2026-03-27T09:53:04+00:00","description":"TheGreenBow, premier fournisseur europ\u00e9en de logiciels VPN \u00e0 avoir obtenu la certification Crit\u00e8res Communs EAL3+ pour le Client VPN Windows","breadcrumb":{"@id":"https:\/\/www.thegreenbow.com\/fr\/societe\/engagements-certification-continue\/#breadcrumb"},"inLanguage":"fr-FR","potentialAction":[{"@type":"ReadAction","target":["https:\/\/www.thegreenbow.com\/fr\/societe\/engagements-certification-continue\/"]}]},{"@type":"ImageObject","inLanguage":"fr-FR","@id":"https:\/\/www.thegreenbow.com\/fr\/societe\/engagements-certification-continue\/#primaryimage","url":"https:\/\/www.thegreenbow.com\/wp-content\/uploads\/2024\/11\/minarm-label-fr-002.jpg","contentUrl":"https:\/\/www.thegreenbow.com\/wp-content\/uploads\/2024\/11\/minarm-label-fr-002.jpg"},{"@type":"BreadcrumbList","@id":"https:\/\/www.thegreenbow.com\/fr\/societe\/engagements-certification-continue\/#breadcrumb","itemListElement":[{"@type":"ListItem","position":1,"name":"Accueil","item":"https:\/\/www.thegreenbow.com\/fr\/"},{"@type":"ListItem","position":2,"name":"Soci\u00e9t\u00e9","item":"https:\/\/www.thegreenbow.com\/fr\/societe\/vision-et-mission\/"},{"@type":"ListItem","position":3,"name":"Engagements"}]},{"@type":"WebSite","@id":"https:\/\/www.thegreenbow.com\/fr\/#website","url":"https:\/\/www.thegreenbow.com\/fr\/","name":"TheGreenBow","description":"","publisher":{"@id":"https:\/\/www.thegreenbow.com\/fr\/#organization"},"potentialAction":[{"@type":"SearchAction","target":{"@type":"EntryPoint","urlTemplate":"https:\/\/www.thegreenbow.com\/fr\/?s={search_term_string}"},"query-input":{"@type":"PropertyValueSpecification","valueRequired":true,"valueName":"search_term_string"}}],"inLanguage":"fr-FR"},{"@type":"Organization","@id":"https:\/\/www.thegreenbow.com\/fr\/#organization","name":"TheGreenBow","url":"https:\/\/www.thegreenbow.com\/fr\/","logo":{"@type":"ImageObject","inLanguage":"fr-FR","@id":"https:\/\/www.thegreenbow.com\/fr\/#\/schema\/logo\/image\/","url":"https:\/\/www.thegreenbow.com\/wp-content\/uploads\/2021\/04\/Logotype@2x-min.png","contentUrl":"https:\/\/www.thegreenbow.com\/wp-content\/uploads\/2021\/04\/Logotype@2x-min.png","width":422,"height":84,"caption":"TheGreenBow"},"image":{"@id":"https:\/\/www.thegreenbow.com\/fr\/#\/schema\/logo\/image\/"},"sameAs":["https:\/\/x.com\/thegreenbow","https:\/\/fr.linkedin.com\/company\/thegreenbow","https:\/\/www.youtube.com\/channel\/UCZKtI7_fmgFcmovgGSy8AnQ"]}]}},"_links":{"self":[{"href":"https:\/\/www.thegreenbow.com\/fr\/wp-json\/wp\/v2\/pages\/109","targetHints":{"allow":["GET"]}}],"collection":[{"href":"https:\/\/www.thegreenbow.com\/fr\/wp-json\/wp\/v2\/pages"}],"about":[{"href":"https:\/\/www.thegreenbow.com\/fr\/wp-json\/wp\/v2\/types\/page"}],"author":[{"embeddable":true,"href":"https:\/\/www.thegreenbow.com\/fr\/wp-json\/wp\/v2\/users\/1"}],"replies":[{"embeddable":true,"href":"https:\/\/www.thegreenbow.com\/fr\/wp-json\/wp\/v2\/comments?post=109"}],"version-history":[{"count":134,"href":"https:\/\/www.thegreenbow.com\/fr\/wp-json\/wp\/v2\/pages\/109\/revisions"}],"predecessor-version":[{"id":18372,"href":"https:\/\/www.thegreenbow.com\/fr\/wp-json\/wp\/v2\/pages\/109\/revisions\/18372"}],"up":[{"embeddable":true,"href":"https:\/\/www.thegreenbow.com\/fr\/wp-json\/wp\/v2\/pages\/105"}],"wp:attachment":[{"href":"https:\/\/www.thegreenbow.com\/fr\/wp-json\/wp\/v2\/media?parent=109"}],"curies":[{"name":"wp","href":"https:\/\/api.w.org\/{rel}","templated":true}]}}