{"id":11283,"date":"2021-10-14T14:51:47","date_gmt":"2021-10-14T12:51:47","guid":{"rendered":"https:\/\/www.thegreenbow.com\/?page_id=11283"},"modified":"2021-10-20T10:59:02","modified_gmt":"2021-10-20T08:59:02","slug":"anciennes-versions-du-client-vpn-thegreenbow","status":"publish","type":"page","link":"https:\/\/www.thegreenbow.com\/fr\/faq\/anciennes-versions-du-client-vpn-thegreenbow\/","title":{"rendered":"Anciennes versions du Client VPN TheGreenBow"},"content":{"rendered":"\n<section  class=\"wp-block-acf-news-page-banner  post\" >\n  \n    <div class=\"section-content section-banner has-white-color img-align-center img-align-center\"  data-interchange=\"[https:\/\/www.thegreenbow.com\/wp-content\/uploads\/2021\/05\/thegreenbow-header-support-min-768x400.jpg, small], [https:\/\/www.thegreenbow.com\/wp-content\/uploads\/2021\/05\/thegreenbow-header-support-min-1024x1024.jpg, medium], [https:\/\/www.thegreenbow.com\/wp-content\/uploads\/2021\/05\/thegreenbow-header-support-min-1366x218.jpg, large], [https:\/\/www.thegreenbow.com\/wp-content\/uploads\/2021\/05\/thegreenbow-header-support-min-e1636998247612.jpg, xlarge], [https:\/\/www.thegreenbow.com\/wp-content\/uploads\/2021\/05\/thegreenbow-header-support-min-1366x712.jpg, retina], [https:\/\/www.thegreenbow.com\/wp-content\/uploads\/2021\/05\/thegreenbow-header-support-min-1366x1366.jpg, medium_retina], [https:\/\/www.thegreenbow.com\/wp-content\/uploads\/2021\/05\/thegreenbow-header-support-min-e1636998247612.jpg, large_retina]\" data-interchange-sizes=\"{&quot;small&quot;:{&quot;w&quot;:768,&quot;h&quot;:400},&quot;medium&quot;:{&quot;w&quot;:1024,&quot;h&quot;:1024},&quot;large&quot;:{&quot;w&quot;:1366,&quot;h&quot;:218},&quot;xlarge&quot;:{&quot;w&quot;:1920,&quot;h&quot;:307},&quot;retina&quot;:{&quot;w&quot;:1366,&quot;h&quot;:712},&quot;medium_retina&quot;:{&quot;w&quot;:1366,&quot;h&quot;:1366},&quot;large_retina&quot;:{&quot;w&quot;:1920,&quot;h&quot;:307},&quot;xlarge_retina&quot;:{&quot;w&quot;:1920,&quot;h&quot;:307}}\" >\n\n              <h1 class=\"page-title\">Anciennes versions du Client VPN TheGreenBow<\/h1>\n      \n    <\/div>\n\n  \n  \n  \n<\/section>\n\n\n<section  class=\"wp-block-acf-introduction is-style-variation-section-introduction section-content section-introduction\" itemprop=\"hasPart\" itemscope itemtype=\"https:\/\/schema.org\/WebPageElement\">\n  <div class=\"grid-container\">\n    <div class=\"grid-x grid-padding-x align-center\">\n      <div class=\"cell large-10\">\n        \n\n<p>Vous avez besoin de r\u00e9installer une ancienne version du Client VPN TheGreenBow ? <\/p>\n\n\n\n<p>Nous vous mettons \u00e0 disposition d&rsquo;anciennes versions pour Windows en t\u00e9l\u00e9chargement direct. <\/p>\n\n\n\n<hr class=\"wp-block-separator\"\/>\n\n      <\/div>\n    <\/div>\n  <\/div>\n<\/section>\n\n\n<section class=\"block-grid-wrapper block-grid-for-core-heading\">\n      <div class=\"default-editor-content grid-for-core-heading grid-container\">\n        <div class=\"grid-x grid-padding-x align-center\">\n          <div class=\"cell\">\n            \n<h3 class=\"wp-block-heading\"><strong>Client VPN Premium Windows 6.64.003<\/strong><\/h3>\n          <\/div>\n        <\/div>\n      <\/div>\n\n      <\/section>\n\n<section class=\"block-grid-wrapper block-grid-for-core-paragraph\">\n      <div class=\"default-editor-content grid-for-core-paragraph grid-container\">\n        <div class=\"grid-x grid-padding-x align-center\">\n          <div class=\"cell\">\n            \n<p>Cette version est compatible avec Windows 7 et Windows 8, 32 bits et 64 bits. Cliquez sur le bouton ci-dessous pour la t\u00e9l\u00e9charger.<\/p>\n          <\/div>\n        <\/div>\n      <\/div>\n\n      <\/section>\n\n<section class=\"block-grid-wrapper block-grid-for-core-buttons\">\n      <div class=\"default-editor-content grid-for-core-buttons grid-container\">\n        <div class=\"grid-x grid-padding-x align-center\">\n          <div class=\"cell\">\n            \n<div class=\"wp-block-buttons is-content-justification-left is-layout-flex wp-block-buttons-is-layout-flex\">\n<div class=\"wp-block-button\"><a class=\"wp-block-button__link\" href=\"https:\/\/archive.thegreenbow.com\/TheGreenBow\/TheGreenBow_VPN_PREMIUM.exe\">T\u00e9l\u00e9charger le binaire<\/a><\/div>\n<\/div>\n          <\/div>\n        <\/div>\n      <\/div>\n\n      <\/section>\n\n<section class=\"block-grid-wrapper block-grid-for-core-paragraph\">\n      <div class=\"default-editor-content grid-for-core-paragraph grid-container\">\n        <div class=\"grid-x grid-padding-x align-center\">\n          <div class=\"cell\">\n            \n<p><strong>Documentations disponibles :<\/strong><\/p>\n          <\/div>\n        <\/div>\n      <\/div>\n\n      <\/section>\n\n<section class=\"block-grid-wrapper block-grid-for-core-list\">\n      <div class=\"default-editor-content grid-for-core-list grid-container\">\n        <div class=\"grid-x grid-padding-x align-center\">\n          <div class=\"cell\">\n            \n<ul class=\"wp-block-list\"><li><a href=\"https:\/\/archive.thegreenbow.com\/TheGreenBow\/tgbvpn_ug_VPN662_fr_1.1.pdf\" target=\"_blank\" rel=\"noreferrer noopener\">Guide utilisateur<\/a><\/li><li><a href=\"https:\/\/archive.thegreenbow.com\/TheGreenBow\/tgbvpn_ug_deployment_fr_6.62_1.2.pdf\" target=\"_blank\" rel=\"noreferrer noopener\">Guide de d\u00e9ploiement<\/a><\/li><li><a href=\"https:\/\/archive.thegreenbow.com\/TheGreenBow\/tgbvpn_ug_pki_smartcard_fr_6.63.pdf\" target=\"_blank\" rel=\"noreferrer noopener\">Guide PKI<\/a><\/li><\/ul>\n          <\/div>\n        <\/div>\n      <\/div>\n\n      <\/section>\n\n<section class=\"block-grid-wrapper block-grid-for-core-separator\">\n      <div class=\"default-editor-content grid-for-core-separator grid-container\">\n        <div class=\"grid-x grid-padding-x align-center\">\n          <div class=\"cell\">\n            \n<hr class=\"wp-block-separator\"\/>\n          <\/div>\n        <\/div>\n      <\/div>\n\n      <\/section>\n\n<section class=\"block-grid-wrapper block-grid-for-core-heading\">\n      <div class=\"default-editor-content grid-for-core-heading grid-container\">\n        <div class=\"grid-x grid-padding-x align-center\">\n          <div class=\"cell\">\n            \n<h3 class=\"wp-block-heading\"><strong>Client VPN Standard Windows 6.64.003<\/strong><\/h3>\n          <\/div>\n        <\/div>\n      <\/div>\n\n      <\/section>\n\n<section class=\"block-grid-wrapper block-grid-for-core-paragraph\">\n      <div class=\"default-editor-content grid-for-core-paragraph grid-container\">\n        <div class=\"grid-x grid-padding-x align-center\">\n          <div class=\"cell\">\n            \n<p>Cette version est compatible avec Windows 7 et Windows 8, 32 bits et 64 bits. Cliquez sur le bouton ci-dessous pour la t\u00e9l\u00e9charger.<\/p>\n          <\/div>\n        <\/div>\n      <\/div>\n\n      <\/section>\n\n<section class=\"block-grid-wrapper block-grid-for-core-buttons\">\n      <div class=\"default-editor-content grid-for-core-buttons grid-container\">\n        <div class=\"grid-x grid-padding-x align-center\">\n          <div class=\"cell\">\n            \n<div class=\"wp-block-buttons is-content-justification-left is-layout-flex wp-block-buttons-is-layout-flex\">\n<div class=\"wp-block-button\"><a class=\"wp-block-button__link\" href=\"https:\/\/archive.thegreenbow.com\/TheGreenBow\/TheGreenBow_VPN_Client_6_64_003.exe\">T\u00e9l\u00e9charger le binaire<\/a><\/div>\n<\/div>\n          <\/div>\n        <\/div>\n      <\/div>\n\n      <\/section>\n\n<section class=\"block-grid-wrapper block-grid-for-core-paragraph\">\n      <div class=\"default-editor-content grid-for-core-paragraph grid-container\">\n        <div class=\"grid-x grid-padding-x align-center\">\n          <div class=\"cell\">\n            \n<p><strong>Documentations disponibles :<\/strong><\/p>\n          <\/div>\n        <\/div>\n      <\/div>\n\n      <\/section>\n\n<section class=\"block-grid-wrapper block-grid-for-core-list\">\n      <div class=\"default-editor-content grid-for-core-list grid-container\">\n        <div class=\"grid-x grid-padding-x align-center\">\n          <div class=\"cell\">\n            \n<ul class=\"wp-block-list\"><li><a href=\"https:\/\/archive.thegreenbow.com\/TheGreenBow\/tgbvpn_win_std_ug_fr.pdf\" target=\"_blank\" rel=\"noreferrer noopener\">Guide utilisateur<\/a><\/li><\/ul>\n          <\/div>\n        <\/div>\n      <\/div>\n\n      <\/section>\n\n<section class=\"block-grid-wrapper block-grid-for-core-separator\">\n      <div class=\"default-editor-content grid-for-core-separator grid-container\">\n        <div class=\"grid-x grid-padding-x align-center\">\n          <div class=\"cell\">\n            \n<hr class=\"wp-block-separator\"\/>\n          <\/div>\n        <\/div>\n      <\/div>\n\n      <\/section>\n\n<section class=\"block-grid-wrapper block-grid-for-core-heading\">\n      <div class=\"default-editor-content grid-for-core-heading grid-container\">\n        <div class=\"grid-x grid-padding-x align-center\">\n          <div class=\"cell\">\n            \n<h3 class=\"wp-block-heading\"><strong><strong>Client VPN Standard Windows 5.55.001<\/strong><\/strong><\/h3>\n          <\/div>\n        <\/div>\n      <\/div>\n\n      <\/section>\n\n<section class=\"block-grid-wrapper block-grid-for-core-paragraph\">\n      <div class=\"default-editor-content grid-for-core-paragraph grid-container\">\n        <div class=\"grid-x grid-padding-x align-center\">\n          <div class=\"cell\">\n            \n<p>Cette version est compatible avec Windows XP \/ Serveur 2003. Cliquez sur le bouton ci-dessous pour la t\u00e9l\u00e9charger.<\/p>\n          <\/div>\n        <\/div>\n      <\/div>\n\n      <\/section>\n\n<section class=\"block-grid-wrapper block-grid-for-core-buttons\">\n      <div class=\"default-editor-content grid-for-core-buttons grid-container\">\n        <div class=\"grid-x grid-padding-x align-center\">\n          <div class=\"cell\">\n            \n<div class=\"wp-block-buttons is-layout-flex wp-block-buttons-is-layout-flex\">\n<div class=\"wp-block-button\"><a class=\"wp-block-button__link\" href=\"https:\/\/archive.thegreenbow.com\/TheGreenBow\/TheGreenBow_VPN_5_55_001.exe\">T\u00e9l\u00e9charger le binaire<\/a><\/div>\n<\/div>\n          <\/div>\n        <\/div>\n      <\/div>\n\n      <\/section>\n\n<section class=\"block-grid-wrapper block-grid-for-core-paragraph\">\n      <div class=\"default-editor-content grid-for-core-paragraph grid-container\">\n        <div class=\"grid-x grid-padding-x align-center\">\n          <div class=\"cell\">\n            \n<p><strong>Documentations disponibles :<\/strong><\/p>\n          <\/div>\n        <\/div>\n      <\/div>\n\n      <\/section>\n\n<section class=\"block-grid-wrapper block-grid-for-core-list\">\n      <div class=\"default-editor-content grid-for-core-list grid-container\">\n        <div class=\"grid-x grid-padding-x align-center\">\n          <div class=\"cell\">\n            \n<ul class=\"wp-block-list\"><li><a href=\"https:\/\/archive.thegreenbow.com\/TheGreenBow\/tgbvpn_ug_en_550.pdf\" target=\"_blank\" rel=\"noreferrer noopener\">Guide utilisateur<\/a><\/li><\/ul>\n          <\/div>\n        <\/div>\n      <\/div>\n\n      <\/section>\n\n<section class=\"block-grid-wrapper block-grid-for-core-separator\">\n      <div class=\"default-editor-content grid-for-core-separator grid-container\">\n        <div class=\"grid-x grid-padding-x align-center\">\n          <div class=\"cell\">\n            \n<hr class=\"wp-block-separator\"\/>\n          <\/div>\n        <\/div>\n      <\/div>\n\n      <\/section>\n\n<section class=\"block-grid-wrapper block-grid-for-core-heading\">\n      <div class=\"default-editor-content grid-for-core-heading grid-container\">\n        <div class=\"grid-x grid-padding-x align-center\">\n          <div class=\"cell\">\n            \n<h4 class=\"has-text-align-center wp-block-heading\">Pour tout autre VERSION, veuillez contacter le support technique :<\/h4>\n          <\/div>\n        <\/div>\n      <\/div>\n\n      <\/section>\n\n<section class=\"block-grid-wrapper block-grid-for-core-buttons\">\n      <div class=\"default-editor-content grid-for-core-buttons grid-container\">\n        <div class=\"grid-x grid-padding-x align-center\">\n          <div class=\"cell\">\n            \n<div class=\"wp-block-buttons is-content-justification-center is-layout-flex wp-block-buttons-is-layout-flex\">\n<div class=\"wp-block-button\"><a class=\"wp-block-button__link\" href=\"https:\/\/www.thegreenbow.com\/fr\/support\/assistance\/support-technique\/\">Contacter le support<\/a><\/div>\n<\/div>\n          <\/div>\n        <\/div>\n      <\/div>\n\n      <\/section>","protected":false},"excerpt":{"rendered":"<p>Client VPN Premium Windows 6.64.003 Cette version est compatible avec Windows 7 et Windows 8, 32 bits et 64 bits. Cliquez sur le bouton ci-dessous pour la t\u00e9l\u00e9charger. Documentations disponibles : Guide utilisateur Guide de d\u00e9ploiement Guide PKI Client VPN Standard Windows 6.64.003 Cette version est compatible avec Windows 7 et Windows 8, 32 bits [&hellip;]<\/p>\n","protected":false},"author":4,"featured_media":0,"parent":125,"menu_order":63,"comment_status":"closed","ping_status":"closed","template":"","meta":{"_acf_changed":false,"resource_type":"internal","footnotes":""},"class_list":["post-11283","page","type-page","status-publish","hentry"],"acf":[],"yoast_head":"<!-- This site is optimized with the Yoast SEO plugin v27.3 - https:\/\/yoast.com\/product\/yoast-seo-wordpress\/ -->\n<title>Anciennes versions du Client VPN TheGreenBow - TheGreenBow<\/title>\n<meta name=\"description\" content=\"Besoin de t\u00e9l\u00e9charger une ancienne version du Client VPN TheGreenBow ? Retrouver sur cette page les anciennes versions disponibles pour Windows.\" \/>\n<meta name=\"robots\" content=\"index, follow, max-snippet:-1, max-image-preview:large, max-video-preview:-1\" \/>\n<link rel=\"canonical\" href=\"https:\/\/www.thegreenbow.com\/fr\/faq\/anciennes-versions-du-client-vpn-thegreenbow\/\" \/>\n<meta property=\"og:locale\" content=\"fr_FR\" \/>\n<meta property=\"og:type\" content=\"article\" \/>\n<meta property=\"og:title\" content=\"Anciennes versions du Client VPN TheGreenBow - TheGreenBow\" \/>\n<meta property=\"og:description\" content=\"Besoin de t\u00e9l\u00e9charger une ancienne version du Client VPN TheGreenBow ? Retrouver sur cette page les anciennes versions disponibles pour Windows.\" \/>\n<meta property=\"og:url\" content=\"https:\/\/www.thegreenbow.com\/fr\/faq\/anciennes-versions-du-client-vpn-thegreenbow\/\" \/>\n<meta property=\"og:site_name\" content=\"TheGreenBow\" \/>\n<meta property=\"article:modified_time\" content=\"2021-10-20T08:59:02+00:00\" \/>\n<meta property=\"og:image\" content=\"https:\/\/www.thegreenbow.com\/wp-content\/uploads\/2021\/08\/TGB-social-image-1.jpg\" \/>\n\t<meta property=\"og:image:width\" content=\"683\" \/>\n\t<meta property=\"og:image:height\" content=\"384\" \/>\n\t<meta property=\"og:image:type\" content=\"image\/jpeg\" \/>\n<meta name=\"twitter:card\" content=\"summary_large_image\" \/>\n<meta name=\"twitter:site\" content=\"@thegreenbow\" \/>\n<meta name=\"twitter:label1\" content=\"Dur\u00e9e de lecture estim\u00e9e\" \/>\n\t<meta name=\"twitter:data1\" content=\"1 minute\" \/>\n<script type=\"application\/ld+json\" class=\"yoast-schema-graph\">{\"@context\":\"https:\\\/\\\/schema.org\",\"@graph\":[{\"@type\":\"WebPage\",\"@id\":\"https:\\\/\\\/www.thegreenbow.com\\\/fr\\\/faq\\\/anciennes-versions-du-client-vpn-thegreenbow\\\/\",\"url\":\"https:\\\/\\\/www.thegreenbow.com\\\/fr\\\/faq\\\/anciennes-versions-du-client-vpn-thegreenbow\\\/\",\"name\":\"Anciennes versions du Client VPN TheGreenBow - TheGreenBow\",\"isPartOf\":{\"@id\":\"https:\\\/\\\/www.thegreenbow.com\\\/fr\\\/#website\"},\"datePublished\":\"2021-10-14T12:51:47+00:00\",\"dateModified\":\"2021-10-20T08:59:02+00:00\",\"description\":\"Besoin de t\u00e9l\u00e9charger une ancienne version du Client VPN TheGreenBow ? Retrouver sur cette page les anciennes versions disponibles pour Windows.\",\"breadcrumb\":{\"@id\":\"https:\\\/\\\/www.thegreenbow.com\\\/fr\\\/faq\\\/anciennes-versions-du-client-vpn-thegreenbow\\\/#breadcrumb\"},\"inLanguage\":\"fr-FR\",\"potentialAction\":[{\"@type\":\"ReadAction\",\"target\":[\"https:\\\/\\\/www.thegreenbow.com\\\/fr\\\/faq\\\/anciennes-versions-du-client-vpn-thegreenbow\\\/\"]}]},{\"@type\":\"BreadcrumbList\",\"@id\":\"https:\\\/\\\/www.thegreenbow.com\\\/fr\\\/faq\\\/anciennes-versions-du-client-vpn-thegreenbow\\\/#breadcrumb\",\"itemListElement\":[{\"@type\":\"ListItem\",\"position\":1,\"name\":\"Accueil\",\"item\":\"https:\\\/\\\/www.thegreenbow.com\\\/fr\\\/\"},{\"@type\":\"ListItem\",\"position\":2,\"name\":\"Foire aux questions\",\"item\":\"https:\\\/\\\/www.thegreenbow.com\\\/fr\\\/faq\\\/\"},{\"@type\":\"ListItem\",\"position\":3,\"name\":\"Anciennes versions du Client VPN TheGreenBow\"}]},{\"@type\":\"WebSite\",\"@id\":\"https:\\\/\\\/www.thegreenbow.com\\\/fr\\\/#website\",\"url\":\"https:\\\/\\\/www.thegreenbow.com\\\/fr\\\/\",\"name\":\"TheGreenBow\",\"description\":\"\",\"publisher\":{\"@id\":\"https:\\\/\\\/www.thegreenbow.com\\\/fr\\\/#organization\"},\"potentialAction\":[{\"@type\":\"SearchAction\",\"target\":{\"@type\":\"EntryPoint\",\"urlTemplate\":\"https:\\\/\\\/www.thegreenbow.com\\\/fr\\\/?s={search_term_string}\"},\"query-input\":{\"@type\":\"PropertyValueSpecification\",\"valueRequired\":true,\"valueName\":\"search_term_string\"}}],\"inLanguage\":\"fr-FR\"},{\"@type\":\"Organization\",\"@id\":\"https:\\\/\\\/www.thegreenbow.com\\\/fr\\\/#organization\",\"name\":\"TheGreenBow\",\"url\":\"https:\\\/\\\/www.thegreenbow.com\\\/fr\\\/\",\"logo\":{\"@type\":\"ImageObject\",\"inLanguage\":\"fr-FR\",\"@id\":\"https:\\\/\\\/www.thegreenbow.com\\\/fr\\\/#\\\/schema\\\/logo\\\/image\\\/\",\"url\":\"https:\\\/\\\/www.thegreenbow.com\\\/wp-content\\\/uploads\\\/2021\\\/04\\\/Logotype@2x-min.png\",\"contentUrl\":\"https:\\\/\\\/www.thegreenbow.com\\\/wp-content\\\/uploads\\\/2021\\\/04\\\/Logotype@2x-min.png\",\"width\":422,\"height\":84,\"caption\":\"TheGreenBow\"},\"image\":{\"@id\":\"https:\\\/\\\/www.thegreenbow.com\\\/fr\\\/#\\\/schema\\\/logo\\\/image\\\/\"},\"sameAs\":[\"https:\\\/\\\/x.com\\\/thegreenbow\",\"https:\\\/\\\/fr.linkedin.com\\\/company\\\/thegreenbow\",\"https:\\\/\\\/www.youtube.com\\\/channel\\\/UCZKtI7_fmgFcmovgGSy8AnQ\"]}]}<\/script>\n<!-- \/ Yoast SEO plugin. -->","yoast_head_json":{"title":"Anciennes versions du Client VPN TheGreenBow - TheGreenBow","description":"Besoin de t\u00e9l\u00e9charger une ancienne version du Client VPN TheGreenBow ? Retrouver sur cette page les anciennes versions disponibles pour Windows.","robots":{"index":"index","follow":"follow","max-snippet":"max-snippet:-1","max-image-preview":"max-image-preview:large","max-video-preview":"max-video-preview:-1"},"canonical":"https:\/\/www.thegreenbow.com\/fr\/faq\/anciennes-versions-du-client-vpn-thegreenbow\/","og_locale":"fr_FR","og_type":"article","og_title":"Anciennes versions du Client VPN TheGreenBow - TheGreenBow","og_description":"Besoin de t\u00e9l\u00e9charger une ancienne version du Client VPN TheGreenBow ? Retrouver sur cette page les anciennes versions disponibles pour Windows.","og_url":"https:\/\/www.thegreenbow.com\/fr\/faq\/anciennes-versions-du-client-vpn-thegreenbow\/","og_site_name":"TheGreenBow","article_modified_time":"2021-10-20T08:59:02+00:00","og_image":[{"width":683,"height":384,"url":"https:\/\/www.thegreenbow.com\/wp-content\/uploads\/2021\/08\/TGB-social-image-1.jpg","type":"image\/jpeg"}],"twitter_card":"summary_large_image","twitter_site":"@thegreenbow","twitter_misc":{"Dur\u00e9e de lecture estim\u00e9e":"1 minute"},"schema":{"@context":"https:\/\/schema.org","@graph":[{"@type":"WebPage","@id":"https:\/\/www.thegreenbow.com\/fr\/faq\/anciennes-versions-du-client-vpn-thegreenbow\/","url":"https:\/\/www.thegreenbow.com\/fr\/faq\/anciennes-versions-du-client-vpn-thegreenbow\/","name":"Anciennes versions du Client VPN TheGreenBow - TheGreenBow","isPartOf":{"@id":"https:\/\/www.thegreenbow.com\/fr\/#website"},"datePublished":"2021-10-14T12:51:47+00:00","dateModified":"2021-10-20T08:59:02+00:00","description":"Besoin de t\u00e9l\u00e9charger une ancienne version du Client VPN TheGreenBow ? Retrouver sur cette page les anciennes versions disponibles pour Windows.","breadcrumb":{"@id":"https:\/\/www.thegreenbow.com\/fr\/faq\/anciennes-versions-du-client-vpn-thegreenbow\/#breadcrumb"},"inLanguage":"fr-FR","potentialAction":[{"@type":"ReadAction","target":["https:\/\/www.thegreenbow.com\/fr\/faq\/anciennes-versions-du-client-vpn-thegreenbow\/"]}]},{"@type":"BreadcrumbList","@id":"https:\/\/www.thegreenbow.com\/fr\/faq\/anciennes-versions-du-client-vpn-thegreenbow\/#breadcrumb","itemListElement":[{"@type":"ListItem","position":1,"name":"Accueil","item":"https:\/\/www.thegreenbow.com\/fr\/"},{"@type":"ListItem","position":2,"name":"Foire aux questions","item":"https:\/\/www.thegreenbow.com\/fr\/faq\/"},{"@type":"ListItem","position":3,"name":"Anciennes versions du Client VPN TheGreenBow"}]},{"@type":"WebSite","@id":"https:\/\/www.thegreenbow.com\/fr\/#website","url":"https:\/\/www.thegreenbow.com\/fr\/","name":"TheGreenBow","description":"","publisher":{"@id":"https:\/\/www.thegreenbow.com\/fr\/#organization"},"potentialAction":[{"@type":"SearchAction","target":{"@type":"EntryPoint","urlTemplate":"https:\/\/www.thegreenbow.com\/fr\/?s={search_term_string}"},"query-input":{"@type":"PropertyValueSpecification","valueRequired":true,"valueName":"search_term_string"}}],"inLanguage":"fr-FR"},{"@type":"Organization","@id":"https:\/\/www.thegreenbow.com\/fr\/#organization","name":"TheGreenBow","url":"https:\/\/www.thegreenbow.com\/fr\/","logo":{"@type":"ImageObject","inLanguage":"fr-FR","@id":"https:\/\/www.thegreenbow.com\/fr\/#\/schema\/logo\/image\/","url":"https:\/\/www.thegreenbow.com\/wp-content\/uploads\/2021\/04\/Logotype@2x-min.png","contentUrl":"https:\/\/www.thegreenbow.com\/wp-content\/uploads\/2021\/04\/Logotype@2x-min.png","width":422,"height":84,"caption":"TheGreenBow"},"image":{"@id":"https:\/\/www.thegreenbow.com\/fr\/#\/schema\/logo\/image\/"},"sameAs":["https:\/\/x.com\/thegreenbow","https:\/\/fr.linkedin.com\/company\/thegreenbow","https:\/\/www.youtube.com\/channel\/UCZKtI7_fmgFcmovgGSy8AnQ"]}]}},"_links":{"self":[{"href":"https:\/\/www.thegreenbow.com\/fr\/wp-json\/wp\/v2\/pages\/11283","targetHints":{"allow":["GET"]}}],"collection":[{"href":"https:\/\/www.thegreenbow.com\/fr\/wp-json\/wp\/v2\/pages"}],"about":[{"href":"https:\/\/www.thegreenbow.com\/fr\/wp-json\/wp\/v2\/types\/page"}],"author":[{"embeddable":true,"href":"https:\/\/www.thegreenbow.com\/fr\/wp-json\/wp\/v2\/users\/4"}],"replies":[{"embeddable":true,"href":"https:\/\/www.thegreenbow.com\/fr\/wp-json\/wp\/v2\/comments?post=11283"}],"version-history":[{"count":2,"href":"https:\/\/www.thegreenbow.com\/fr\/wp-json\/wp\/v2\/pages\/11283\/revisions"}],"predecessor-version":[{"id":11292,"href":"https:\/\/www.thegreenbow.com\/fr\/wp-json\/wp\/v2\/pages\/11283\/revisions\/11292"}],"up":[{"embeddable":true,"href":"https:\/\/www.thegreenbow.com\/fr\/wp-json\/wp\/v2\/pages\/125"}],"wp:attachment":[{"href":"https:\/\/www.thegreenbow.com\/fr\/wp-json\/wp\/v2\/media?parent=11283"}],"curies":[{"name":"wp","href":"https:\/\/api.w.org\/{rel}","templated":true}]}}