{"id":11404,"date":"2021-10-26T18:57:58","date_gmt":"2021-10-26T16:57:58","guid":{"rendered":"https:\/\/www.thegreenbow.com\/?page_id=11404"},"modified":"2025-07-24T16:47:23","modified_gmt":"2025-07-24T14:47:23","slug":"telecharger-clients-vpn-thegreenbow","status":"publish","type":"page","link":"https:\/\/www.thegreenbow.com\/fr\/produits-vpn-thegreenbow\/telecharger-clients-vpn-thegreenbow\/","title":{"rendered":"Clients VPN TheGreenBow en t\u00e9l\u00e9chargement"},"content":{"rendered":"\n<section  class=\"wp-block-acf-news-page-banner  post\" >\n  \n    <div class=\"section-content section-banner has-white-color img-align-top img-align-center\"  data-interchange=\"[https:\/\/www.thegreenbow.com\/wp-content\/uploads\/2021\/05\/Header_Produits-768x400.jpeg, small], [https:\/\/www.thegreenbow.com\/wp-content\/uploads\/2021\/05\/Header_Produits-1024x1024.jpeg, medium], [https:\/\/www.thegreenbow.com\/wp-content\/uploads\/2021\/05\/Header_Produits-1366x315.jpeg, large], [https:\/\/www.thegreenbow.com\/wp-content\/uploads\/2021\/05\/Header_Produits-1920x443.jpeg, xlarge], [https:\/\/www.thegreenbow.com\/wp-content\/uploads\/2021\/05\/Header_Produits-1536x800.jpeg, retina], [https:\/\/www.thegreenbow.com\/wp-content\/uploads\/2021\/05\/Header_Produits-1351x1351.jpeg, medium_retina], [https:\/\/www.thegreenbow.com\/wp-content\/uploads\/2021\/05\/Header_Produits-2732x630.jpeg, large_retina], [https:\/\/www.thegreenbow.com\/wp-content\/uploads\/2021\/05\/Header_Produits-3840x886.jpeg, xlarge_retina]\" data-interchange-sizes=\"{&quot;small&quot;:{&quot;w&quot;:768,&quot;h&quot;:400},&quot;medium&quot;:{&quot;w&quot;:1024,&quot;h&quot;:1024},&quot;large&quot;:{&quot;w&quot;:1366,&quot;h&quot;:315},&quot;xlarge&quot;:{&quot;w&quot;:1920,&quot;h&quot;:443},&quot;retina&quot;:{&quot;w&quot;:1536,&quot;h&quot;:800},&quot;medium_retina&quot;:{&quot;w&quot;:1351,&quot;h&quot;:1351},&quot;large_retina&quot;:{&quot;w&quot;:2732,&quot;h&quot;:630},&quot;xlarge_retina&quot;:{&quot;w&quot;:3840,&quot;h&quot;:886}}\" >\n\n              <h1 class=\"page-title\">Clients VPN TheGreenBow en t\u00e9l\u00e9chargement<\/h1>\n      \n    <\/div>\n\n  \n  \n  \n<\/section>\n\n\n<section class=\"block-grid-wrapper block-grid-for-core-heading\">\n      <div class=\"default-editor-content grid-for-core-heading grid-container\">\n        <div class=\"grid-x grid-padding-x align-center\">\n          <div class=\"cell\">\n            \n<h2 class=\"wp-block-heading\"><strong>T\u00e9l\u00e9chargez et testez pendant 30 jours gratuitement<\/strong> !<\/h2>\n          <\/div>\n        <\/div>\n      <\/div>\n\n      <\/section>\n\n<section class=\"block-grid-wrapper block-grid-for-core-paragraph\">\n      <div class=\"default-editor-content grid-for-core-paragraph grid-container\">\n        <div class=\"grid-x grid-padding-x align-center\">\n          <div class=\"cell\">\n            \n<p>Vous aimeriez tester un client VPN TheGreenBow pour savoir s&rsquo;il correspond bien \u00e0 vos besoins ? Rien de plus simple, t\u00e9l\u00e9chargez le client que vous souhaitez essayer. Vous avez ensuite <strong>30 jours <\/strong>pour l&rsquo;utiliser et d\u00e9couvrir<strong> l&rsquo;int\u00e9gralit\u00e9 des fonctionnalit\u00e9s<\/strong> !<\/p>\n          <\/div>\n        <\/div>\n      <\/div>\n\n      <\/section>\n\n<section class=\"block-grid-wrapper block-grid-for-core-paragraph\">\n      <div class=\"default-editor-content grid-for-core-paragraph grid-container\">\n        <div class=\"grid-x grid-padding-x align-center\">\n          <div class=\"cell\">\n            \n<p>Vous trouverez toutes les documentations relatives aux clients dans la page Support <a href=\"https:\/\/www.thegreenbow.com\/fr\/support\/documentations-produits\/\" target=\"_blank\" rel=\"noreferrer noopener\">ici<\/a>.<\/p>\n          <\/div>\n        <\/div>\n      <\/div>\n\n      <\/section>\n\n<section class=\"block-grid-wrapper block-grid-for-core-heading\">\n      <div class=\"default-editor-content grid-for-core-heading grid-container\">\n        <div class=\"grid-x grid-padding-x align-center\">\n          <div class=\"cell\">\n            \n<h2 class=\"wp-block-heading has-text-align-left\"><strong>Les clients VPN Windows<\/strong><\/h2>\n          <\/div>\n        <\/div>\n      <\/div>\n\n      <\/section>\n\n<section class=\"block-grid-wrapper block-grid-for-core-paragraph\">\n      <div class=\"default-editor-content grid-for-core-paragraph grid-container\">\n        <div class=\"grid-x grid-padding-x align-center\">\n          <div class=\"cell\">\n            \n<p>Pour t\u00e9l\u00e9charger l&rsquo;un des clients VPN Windows, rendez-vous sur la page de t\u00e9l\u00e9chargement. Vous recevrez votre lien de t\u00e9l\u00e9chargement par email.<\/p>\n          <\/div>\n        <\/div>\n      <\/div>\n\n      <\/section>\n\n<section class=\"block-grid-wrapper block-grid-for-core-columns\">\n      <div class=\"default-editor-content grid-for-core-columns grid-container\">\n        <div class=\"grid-x grid-padding-x align-center\">\n          <div class=\"cell\">\n            \n<div class=\"wp-block-columns is-layout-flex wp-container-core-columns-is-layout-9d6595d7 wp-block-columns-is-layout-flex\">\n<div class=\"wp-block-column is-layout-flow wp-block-column-is-layout-flow\">\n<figure class=\"wp-block-image size-large\"><a href=\"https:\/\/software.thegreenbow.net\/Client-VPN-Windows-Standard_essai-gratuit\" target=\"_blank\" rel=\"noopener\"><img loading=\"lazy\" decoding=\"async\" width=\"768\" height=\"628\" src=\"https:\/\/www.thegreenbow.com\/wp-content\/uploads\/2021\/06\/WindowsStandard.png\" alt=\"\" class=\"wp-image-9168\" srcset=\"https:\/\/www.thegreenbow.com\/wp-content\/uploads\/2021\/06\/WindowsStandard.png 768w, https:\/\/www.thegreenbow.com\/wp-content\/uploads\/2021\/06\/WindowsStandard-300x245.png 300w, https:\/\/www.thegreenbow.com\/wp-content\/uploads\/2021\/06\/WindowsStandard-100x82.png 100w\" sizes=\"auto, (max-width: 768px) 100vw, 768px\" \/><\/a><\/figure>\n\n\n\n<div class=\"wp-block-buttons is-layout-flex wp-block-buttons-is-layout-flex\">\n<div class=\"wp-block-button is-style-link\"><a class=\"wp-block-button__link wp-element-button\" href=\"https:\/\/software.thegreenbow.net\/Client-VPN-Windows-Standard_essai-gratuit\" target=\"_blank\" rel=\"noreferrer noopener\">Edition Standard<\/a><\/div>\n<\/div>\n\n\n\n<div class=\"wp-block-buttons is-layout-flex wp-block-buttons-is-layout-flex\"><\/div>\n<\/div>\n\n\n\n<div class=\"wp-block-column is-layout-flow wp-block-column-is-layout-flow\">\n<figure class=\"wp-block-image size-large\"><a href=\"https:\/\/software.thegreenbow.net\/Client-VPN-Windows-Enterprise_essai-gratuit\" target=\"_blank\" rel=\"noopener\"><img loading=\"lazy\" decoding=\"async\" width=\"768\" height=\"628\" src=\"https:\/\/www.thegreenbow.com\/wp-content\/uploads\/2021\/06\/Windows-Enterprise.png\" alt=\"\" class=\"wp-image-9165\" srcset=\"https:\/\/www.thegreenbow.com\/wp-content\/uploads\/2021\/06\/Windows-Enterprise.png 768w, https:\/\/www.thegreenbow.com\/wp-content\/uploads\/2021\/06\/Windows-Enterprise-300x245.png 300w, https:\/\/www.thegreenbow.com\/wp-content\/uploads\/2021\/06\/Windows-Enterprise-100x82.png 100w\" sizes=\"auto, (max-width: 768px) 100vw, 768px\" \/><\/a><\/figure>\n\n\n\n<div class=\"wp-block-buttons is-layout-flex wp-block-buttons-is-layout-flex\">\n<div class=\"wp-block-button is-style-link\"><a class=\"wp-block-button__link wp-element-button\" href=\"https:\/\/software.thegreenbow.net\/Client-VPN-Windows-Enterprise_essai-gratuit\" target=\"_blank\" rel=\"noreferrer noopener\">Edition Enterprise<\/a><\/div>\n<\/div>\n<\/div>\n\n\n\n<div class=\"wp-block-column is-layout-flow wp-block-column-is-layout-flow\">\n<div class=\"wp-block-buttons is-layout-flex wp-block-buttons-is-layout-flex\"><\/div>\n<\/div>\n<\/div>\n          <\/div>\n        <\/div>\n      <\/div>\n\n      <\/section>\n\n<section class=\"block-grid-wrapper block-grid-for-core-heading\">\n      <div class=\"default-editor-content grid-for-core-heading grid-container\">\n        <div class=\"grid-x grid-padding-x align-center\">\n          <div class=\"cell\">\n            \n<h2 class=\"wp-block-heading has-text-align-left\"><strong>Les autres Clients VPN TheGreenBow<\/strong><\/h2>\n          <\/div>\n        <\/div>\n      <\/div>\n\n      <\/section>\n\n<section class=\"block-grid-wrapper block-grid-for-core-paragraph\">\n      <div class=\"default-editor-content grid-for-core-paragraph grid-container\">\n        <div class=\"grid-x grid-padding-x align-center\">\n          <div class=\"cell\">\n            \n<p>Pour t\u00e9l\u00e9charger l&rsquo;un des clients VPN Linux, macOS ou Android, rendez-vous sur la page de t\u00e9l\u00e9chargement. Vous recevrez votre lien de t\u00e9l\u00e9chargement par email.<\/p>\n          <\/div>\n        <\/div>\n      <\/div>\n\n      <\/section>\n\n<section class=\"block-grid-wrapper block-grid-for-core-columns\">\n      <div class=\"default-editor-content grid-for-core-columns grid-container\">\n        <div class=\"grid-x grid-padding-x align-center\">\n          <div class=\"cell\">\n            \n<div class=\"wp-block-columns is-layout-flex wp-container-core-columns-is-layout-9d6595d7 wp-block-columns-is-layout-flex\">\n<div class=\"wp-block-column is-layout-flow wp-block-column-is-layout-flow\">\n<h3 class=\"wp-block-heading has-text-align-center\"><strong>Clients VPN Linux<\/strong><\/h3>\n\n\n\n<figure class=\"wp-block-image size-large is-resized\"><a href=\"https:\/\/www.thegreenbow.com\/fr\/contact\/\" target=\"_blank\" rel=\"noopener\"><img loading=\"lazy\" decoding=\"async\" width=\"768\" height=\"628\" src=\"https:\/\/www.thegreenbow.com\/wp-content\/uploads\/2021\/06\/Linux.png\" alt=\"\" class=\"wp-image-9177\" style=\"width:307px;height:auto\" srcset=\"https:\/\/www.thegreenbow.com\/wp-content\/uploads\/2021\/06\/Linux.png 768w, https:\/\/www.thegreenbow.com\/wp-content\/uploads\/2021\/06\/Linux-300x245.png 300w, https:\/\/www.thegreenbow.com\/wp-content\/uploads\/2021\/06\/Linux-100x82.png 100w\" sizes=\"auto, (max-width: 768px) 100vw, 768px\" \/><\/a><\/figure>\n\n\n\n<div class=\"wp-block-buttons is-layout-flex wp-block-buttons-is-layout-flex\">\n<div class=\"wp-block-button is-style-link\"><a class=\"wp-block-button__link wp-element-button\" href=\"https:\/\/www.thegreenbow.com\/fr\/contact\/\" target=\"_blank\" rel=\"noreferrer noopener\">Linux Ubuntu, CentOS\/RedHat (sur demande)<\/a><\/div>\n<\/div>\n<\/div>\n\n\n\n<div class=\"wp-block-column is-layout-flow wp-block-column-is-layout-flow\">\n<div class=\"wp-block-buttons is-layout-flex wp-block-buttons-is-layout-flex\"><\/div>\n<\/div>\n<\/div>\n          <\/div>\n        <\/div>\n      <\/div>\n\n      <\/section>\n\n\n<div class=\"wp-block-columns alignfull are-vertically-aligned-top is-layout-flex wp-container-core-columns-is-layout-9d6595d7 wp-block-columns-is-layout-flex\">\n<div class=\"wp-block-column is-vertically-aligned-top is-layout-flow wp-block-column-is-layout-flow\" style=\"flex-basis:100%\"><\/div>\n<\/div>\n\n\n<section class=\"block-grid-wrapper block-grid-for-core-heading\">\n      <div class=\"default-editor-content grid-for-core-heading grid-container\">\n        <div class=\"grid-x grid-padding-x align-center\">\n          <div class=\"cell\">\n            \n<h3 class=\"wp-block-heading has-text-align-center\">Retrouvez tous ces produits dans notre boutique en ligne !<\/h3>\n          <\/div>\n        <\/div>\n      <\/div>\n\n      <\/section>\n\n\n<div class=\"wp-block-buttons alignwide is-horizontal is-content-justification-center is-layout-flex wp-container-core-buttons-is-layout-499968f5 wp-block-buttons-is-layout-flex\">\n<div class=\"wp-block-button\"><a class=\"wp-block-button__link wp-element-button\" href=\"https:\/\/store.thegreenbow.com\/\" target=\"_blank\" rel=\"noreferrer noopener\">Visiter la boutique en ligne<\/a><\/div>\n<\/div>\n","protected":false},"excerpt":{"rendered":"<p>T\u00e9l\u00e9chargez et testez pendant 30 jours gratuitement ! Vous aimeriez tester un client VPN TheGreenBow pour savoir s&rsquo;il correspond bien \u00e0 vos besoins ? Rien de plus simple, t\u00e9l\u00e9chargez le client que vous souhaitez essayer. Vous avez ensuite 30 jours pour l&rsquo;utiliser et d\u00e9couvrir l&rsquo;int\u00e9gralit\u00e9 des fonctionnalit\u00e9s ! Vous trouverez toutes les documentations relatives aux [&hellip;]<\/p>\n","protected":false},"author":4,"featured_media":0,"parent":68,"menu_order":21,"comment_status":"closed","ping_status":"closed","template":"","meta":{"_acf_changed":false,"resource_type":"internal","footnotes":""},"class_list":["post-11404","page","type-page","status-publish","hentry"],"acf":[],"yoast_head":"<!-- This site is optimized with the Yoast SEO plugin v27.3 - https:\/\/yoast.com\/product\/yoast-seo-wordpress\/ -->\n<title>Clients VPN TheGreenBow en t\u00e9l\u00e9chargement - TheGreenBow<\/title>\n<meta name=\"description\" content=\"Envie d&#039;essayer l&#039;un des clients VPN IPsec TheGreenBow ? T\u00e9l\u00e9chargez le logiciel pour le tester gratuitement pendant 30 jours.\" \/>\n<meta name=\"robots\" content=\"index, follow, max-snippet:-1, max-image-preview:large, max-video-preview:-1\" \/>\n<link rel=\"canonical\" href=\"https:\/\/www.thegreenbow.com\/fr\/produits-vpn-thegreenbow\/telecharger-clients-vpn-thegreenbow\/\" \/>\n<meta property=\"og:locale\" content=\"fr_FR\" \/>\n<meta property=\"og:type\" content=\"article\" \/>\n<meta property=\"og:title\" content=\"Clients VPN TheGreenBow en t\u00e9l\u00e9chargement - TheGreenBow\" \/>\n<meta property=\"og:description\" content=\"Envie d&#039;essayer l&#039;un des clients VPN IPsec TheGreenBow ? T\u00e9l\u00e9chargez le logiciel pour le tester gratuitement pendant 30 jours.\" \/>\n<meta property=\"og:url\" content=\"https:\/\/www.thegreenbow.com\/fr\/produits-vpn-thegreenbow\/telecharger-clients-vpn-thegreenbow\/\" \/>\n<meta property=\"og:site_name\" content=\"TheGreenBow\" \/>\n<meta property=\"article:modified_time\" content=\"2025-07-24T14:47:23+00:00\" \/>\n<meta property=\"og:image\" content=\"https:\/\/www.thegreenbow.com\/wp-content\/uploads\/2021\/06\/WindowsStandard.png\" \/>\n\t<meta property=\"og:image:width\" content=\"768\" \/>\n\t<meta property=\"og:image:height\" content=\"628\" \/>\n\t<meta property=\"og:image:type\" content=\"image\/png\" \/>\n<meta name=\"twitter:card\" content=\"summary_large_image\" \/>\n<meta name=\"twitter:site\" content=\"@thegreenbow\" \/>\n<meta name=\"twitter:label1\" content=\"Dur\u00e9e de lecture estim\u00e9e\" \/>\n\t<meta name=\"twitter:data1\" content=\"2 minutes\" \/>\n<script type=\"application\/ld+json\" class=\"yoast-schema-graph\">{\"@context\":\"https:\\\/\\\/schema.org\",\"@graph\":[{\"@type\":\"WebPage\",\"@id\":\"https:\\\/\\\/www.thegreenbow.com\\\/fr\\\/produits-vpn-thegreenbow\\\/telecharger-clients-vpn-thegreenbow\\\/\",\"url\":\"https:\\\/\\\/www.thegreenbow.com\\\/fr\\\/produits-vpn-thegreenbow\\\/telecharger-clients-vpn-thegreenbow\\\/\",\"name\":\"Clients VPN TheGreenBow en t\u00e9l\u00e9chargement - TheGreenBow\",\"isPartOf\":{\"@id\":\"https:\\\/\\\/www.thegreenbow.com\\\/fr\\\/#website\"},\"primaryImageOfPage\":{\"@id\":\"https:\\\/\\\/www.thegreenbow.com\\\/fr\\\/produits-vpn-thegreenbow\\\/telecharger-clients-vpn-thegreenbow\\\/#primaryimage\"},\"image\":{\"@id\":\"https:\\\/\\\/www.thegreenbow.com\\\/fr\\\/produits-vpn-thegreenbow\\\/telecharger-clients-vpn-thegreenbow\\\/#primaryimage\"},\"thumbnailUrl\":\"https:\\\/\\\/www.thegreenbow.com\\\/wp-content\\\/uploads\\\/2021\\\/06\\\/WindowsStandard.png\",\"datePublished\":\"2021-10-26T16:57:58+00:00\",\"dateModified\":\"2025-07-24T14:47:23+00:00\",\"description\":\"Envie d'essayer l'un des clients VPN IPsec TheGreenBow ? T\u00e9l\u00e9chargez le logiciel pour le tester gratuitement pendant 30 jours.\",\"breadcrumb\":{\"@id\":\"https:\\\/\\\/www.thegreenbow.com\\\/fr\\\/produits-vpn-thegreenbow\\\/telecharger-clients-vpn-thegreenbow\\\/#breadcrumb\"},\"inLanguage\":\"fr-FR\",\"potentialAction\":[{\"@type\":\"ReadAction\",\"target\":[\"https:\\\/\\\/www.thegreenbow.com\\\/fr\\\/produits-vpn-thegreenbow\\\/telecharger-clients-vpn-thegreenbow\\\/\"]}]},{\"@type\":\"ImageObject\",\"inLanguage\":\"fr-FR\",\"@id\":\"https:\\\/\\\/www.thegreenbow.com\\\/fr\\\/produits-vpn-thegreenbow\\\/telecharger-clients-vpn-thegreenbow\\\/#primaryimage\",\"url\":\"https:\\\/\\\/www.thegreenbow.com\\\/wp-content\\\/uploads\\\/2021\\\/06\\\/WindowsStandard.png\",\"contentUrl\":\"https:\\\/\\\/www.thegreenbow.com\\\/wp-content\\\/uploads\\\/2021\\\/06\\\/WindowsStandard.png\"},{\"@type\":\"BreadcrumbList\",\"@id\":\"https:\\\/\\\/www.thegreenbow.com\\\/fr\\\/produits-vpn-thegreenbow\\\/telecharger-clients-vpn-thegreenbow\\\/#breadcrumb\",\"itemListElement\":[{\"@type\":\"ListItem\",\"position\":1,\"name\":\"Accueil\",\"item\":\"https:\\\/\\\/www.thegreenbow.com\\\/fr\\\/\"},{\"@type\":\"ListItem\",\"position\":2,\"name\":\"Produits\",\"item\":\"https:\\\/\\\/www.thegreenbow.com\\\/fr\\\/produits-vpn-thegreenbow\\\/endpoint-secure-connection\\\/\"},{\"@type\":\"ListItem\",\"position\":3,\"name\":\"Clients VPN TheGreenBow en t\u00e9l\u00e9chargement\"}]},{\"@type\":\"WebSite\",\"@id\":\"https:\\\/\\\/www.thegreenbow.com\\\/fr\\\/#website\",\"url\":\"https:\\\/\\\/www.thegreenbow.com\\\/fr\\\/\",\"name\":\"TheGreenBow\",\"description\":\"\",\"publisher\":{\"@id\":\"https:\\\/\\\/www.thegreenbow.com\\\/fr\\\/#organization\"},\"potentialAction\":[{\"@type\":\"SearchAction\",\"target\":{\"@type\":\"EntryPoint\",\"urlTemplate\":\"https:\\\/\\\/www.thegreenbow.com\\\/fr\\\/?s={search_term_string}\"},\"query-input\":{\"@type\":\"PropertyValueSpecification\",\"valueRequired\":true,\"valueName\":\"search_term_string\"}}],\"inLanguage\":\"fr-FR\"},{\"@type\":\"Organization\",\"@id\":\"https:\\\/\\\/www.thegreenbow.com\\\/fr\\\/#organization\",\"name\":\"TheGreenBow\",\"url\":\"https:\\\/\\\/www.thegreenbow.com\\\/fr\\\/\",\"logo\":{\"@type\":\"ImageObject\",\"inLanguage\":\"fr-FR\",\"@id\":\"https:\\\/\\\/www.thegreenbow.com\\\/fr\\\/#\\\/schema\\\/logo\\\/image\\\/\",\"url\":\"https:\\\/\\\/www.thegreenbow.com\\\/wp-content\\\/uploads\\\/2021\\\/04\\\/Logotype@2x-min.png\",\"contentUrl\":\"https:\\\/\\\/www.thegreenbow.com\\\/wp-content\\\/uploads\\\/2021\\\/04\\\/Logotype@2x-min.png\",\"width\":422,\"height\":84,\"caption\":\"TheGreenBow\"},\"image\":{\"@id\":\"https:\\\/\\\/www.thegreenbow.com\\\/fr\\\/#\\\/schema\\\/logo\\\/image\\\/\"},\"sameAs\":[\"https:\\\/\\\/x.com\\\/thegreenbow\",\"https:\\\/\\\/fr.linkedin.com\\\/company\\\/thegreenbow\",\"https:\\\/\\\/www.youtube.com\\\/channel\\\/UCZKtI7_fmgFcmovgGSy8AnQ\"]}]}<\/script>\n<!-- \/ Yoast SEO plugin. -->","yoast_head_json":{"title":"Clients VPN TheGreenBow en t\u00e9l\u00e9chargement - TheGreenBow","description":"Envie d'essayer l'un des clients VPN IPsec TheGreenBow ? T\u00e9l\u00e9chargez le logiciel pour le tester gratuitement pendant 30 jours.","robots":{"index":"index","follow":"follow","max-snippet":"max-snippet:-1","max-image-preview":"max-image-preview:large","max-video-preview":"max-video-preview:-1"},"canonical":"https:\/\/www.thegreenbow.com\/fr\/produits-vpn-thegreenbow\/telecharger-clients-vpn-thegreenbow\/","og_locale":"fr_FR","og_type":"article","og_title":"Clients VPN TheGreenBow en t\u00e9l\u00e9chargement - TheGreenBow","og_description":"Envie d'essayer l'un des clients VPN IPsec TheGreenBow ? T\u00e9l\u00e9chargez le logiciel pour le tester gratuitement pendant 30 jours.","og_url":"https:\/\/www.thegreenbow.com\/fr\/produits-vpn-thegreenbow\/telecharger-clients-vpn-thegreenbow\/","og_site_name":"TheGreenBow","article_modified_time":"2025-07-24T14:47:23+00:00","og_image":[{"width":768,"height":628,"url":"https:\/\/www.thegreenbow.com\/wp-content\/uploads\/2021\/06\/WindowsStandard.png","type":"image\/png"}],"twitter_card":"summary_large_image","twitter_site":"@thegreenbow","twitter_misc":{"Dur\u00e9e de lecture estim\u00e9e":"2 minutes"},"schema":{"@context":"https:\/\/schema.org","@graph":[{"@type":"WebPage","@id":"https:\/\/www.thegreenbow.com\/fr\/produits-vpn-thegreenbow\/telecharger-clients-vpn-thegreenbow\/","url":"https:\/\/www.thegreenbow.com\/fr\/produits-vpn-thegreenbow\/telecharger-clients-vpn-thegreenbow\/","name":"Clients VPN TheGreenBow en t\u00e9l\u00e9chargement - TheGreenBow","isPartOf":{"@id":"https:\/\/www.thegreenbow.com\/fr\/#website"},"primaryImageOfPage":{"@id":"https:\/\/www.thegreenbow.com\/fr\/produits-vpn-thegreenbow\/telecharger-clients-vpn-thegreenbow\/#primaryimage"},"image":{"@id":"https:\/\/www.thegreenbow.com\/fr\/produits-vpn-thegreenbow\/telecharger-clients-vpn-thegreenbow\/#primaryimage"},"thumbnailUrl":"https:\/\/www.thegreenbow.com\/wp-content\/uploads\/2021\/06\/WindowsStandard.png","datePublished":"2021-10-26T16:57:58+00:00","dateModified":"2025-07-24T14:47:23+00:00","description":"Envie d'essayer l'un des clients VPN IPsec TheGreenBow ? T\u00e9l\u00e9chargez le logiciel pour le tester gratuitement pendant 30 jours.","breadcrumb":{"@id":"https:\/\/www.thegreenbow.com\/fr\/produits-vpn-thegreenbow\/telecharger-clients-vpn-thegreenbow\/#breadcrumb"},"inLanguage":"fr-FR","potentialAction":[{"@type":"ReadAction","target":["https:\/\/www.thegreenbow.com\/fr\/produits-vpn-thegreenbow\/telecharger-clients-vpn-thegreenbow\/"]}]},{"@type":"ImageObject","inLanguage":"fr-FR","@id":"https:\/\/www.thegreenbow.com\/fr\/produits-vpn-thegreenbow\/telecharger-clients-vpn-thegreenbow\/#primaryimage","url":"https:\/\/www.thegreenbow.com\/wp-content\/uploads\/2021\/06\/WindowsStandard.png","contentUrl":"https:\/\/www.thegreenbow.com\/wp-content\/uploads\/2021\/06\/WindowsStandard.png"},{"@type":"BreadcrumbList","@id":"https:\/\/www.thegreenbow.com\/fr\/produits-vpn-thegreenbow\/telecharger-clients-vpn-thegreenbow\/#breadcrumb","itemListElement":[{"@type":"ListItem","position":1,"name":"Accueil","item":"https:\/\/www.thegreenbow.com\/fr\/"},{"@type":"ListItem","position":2,"name":"Produits","item":"https:\/\/www.thegreenbow.com\/fr\/produits-vpn-thegreenbow\/endpoint-secure-connection\/"},{"@type":"ListItem","position":3,"name":"Clients VPN TheGreenBow en t\u00e9l\u00e9chargement"}]},{"@type":"WebSite","@id":"https:\/\/www.thegreenbow.com\/fr\/#website","url":"https:\/\/www.thegreenbow.com\/fr\/","name":"TheGreenBow","description":"","publisher":{"@id":"https:\/\/www.thegreenbow.com\/fr\/#organization"},"potentialAction":[{"@type":"SearchAction","target":{"@type":"EntryPoint","urlTemplate":"https:\/\/www.thegreenbow.com\/fr\/?s={search_term_string}"},"query-input":{"@type":"PropertyValueSpecification","valueRequired":true,"valueName":"search_term_string"}}],"inLanguage":"fr-FR"},{"@type":"Organization","@id":"https:\/\/www.thegreenbow.com\/fr\/#organization","name":"TheGreenBow","url":"https:\/\/www.thegreenbow.com\/fr\/","logo":{"@type":"ImageObject","inLanguage":"fr-FR","@id":"https:\/\/www.thegreenbow.com\/fr\/#\/schema\/logo\/image\/","url":"https:\/\/www.thegreenbow.com\/wp-content\/uploads\/2021\/04\/Logotype@2x-min.png","contentUrl":"https:\/\/www.thegreenbow.com\/wp-content\/uploads\/2021\/04\/Logotype@2x-min.png","width":422,"height":84,"caption":"TheGreenBow"},"image":{"@id":"https:\/\/www.thegreenbow.com\/fr\/#\/schema\/logo\/image\/"},"sameAs":["https:\/\/x.com\/thegreenbow","https:\/\/fr.linkedin.com\/company\/thegreenbow","https:\/\/www.youtube.com\/channel\/UCZKtI7_fmgFcmovgGSy8AnQ"]}]}},"_links":{"self":[{"href":"https:\/\/www.thegreenbow.com\/fr\/wp-json\/wp\/v2\/pages\/11404","targetHints":{"allow":["GET"]}}],"collection":[{"href":"https:\/\/www.thegreenbow.com\/fr\/wp-json\/wp\/v2\/pages"}],"about":[{"href":"https:\/\/www.thegreenbow.com\/fr\/wp-json\/wp\/v2\/types\/page"}],"author":[{"embeddable":true,"href":"https:\/\/www.thegreenbow.com\/fr\/wp-json\/wp\/v2\/users\/4"}],"replies":[{"embeddable":true,"href":"https:\/\/www.thegreenbow.com\/fr\/wp-json\/wp\/v2\/comments?post=11404"}],"version-history":[{"count":64,"href":"https:\/\/www.thegreenbow.com\/fr\/wp-json\/wp\/v2\/pages\/11404\/revisions"}],"predecessor-version":[{"id":18117,"href":"https:\/\/www.thegreenbow.com\/fr\/wp-json\/wp\/v2\/pages\/11404\/revisions\/18117"}],"up":[{"embeddable":true,"href":"https:\/\/www.thegreenbow.com\/fr\/wp-json\/wp\/v2\/pages\/68"}],"wp:attachment":[{"href":"https:\/\/www.thegreenbow.com\/fr\/wp-json\/wp\/v2\/media?parent=11404"}],"curies":[{"name":"wp","href":"https:\/\/api.w.org\/{rel}","templated":true}]}}