{"id":1977,"date":"2021-04-19T09:49:32","date_gmt":"2021-04-19T09:49:32","guid":{"rendered":"https:\/\/www.thegreenbow.com\/?page_id=1977"},"modified":"2022-07-13T14:59:42","modified_gmt":"2022-07-13T12:59:42","slug":"conditions-generales-dutilisations","status":"publish","type":"page","link":"https:\/\/www.thegreenbow.com\/fr\/conditions-generales-dutilisation\/","title":{"rendered":"Conditions G\u00e9n\u00e9rales d\u2019Utilisation"},"content":{"rendered":"\n<section  class=\"wp-block-acf-news-page-banner  post\" >\n  \n  \n  \n<\/section>\n\n\n<section class=\"block-grid-wrapper block-grid-for-core-heading\">\n      <div class=\"default-editor-content grid-for-core-heading grid-container\">\n        <div class=\"grid-x grid-padding-x align-center\">\n          <div class=\"cell\">\n            \n<h2 class=\"wp-block-heading\"><strong>1.&nbsp;CGU \u2013 Acceptation<\/strong><\/h2>\n          <\/div>\n        <\/div>\n      <\/div>\n\n      <\/section>\n\n<section class=\"block-grid-wrapper block-grid-for-core-paragraph\">\n      <div class=\"default-editor-content grid-for-core-paragraph grid-container\">\n        <div class=\"grid-x grid-padding-x align-center\">\n          <div class=\"cell\">\n            \n<p>1.1.&nbsp;Les pr\u00e9sentes CGU s\u2019appliquent si vous d\u00e9cidez de naviguer sur le site web TheGreenBow.<\/p>\n          <\/div>\n        <\/div>\n      <\/div>\n\n      <\/section>\n\n<section class=\"block-grid-wrapper block-grid-for-core-paragraph\">\n      <div class=\"default-editor-content grid-for-core-paragraph grid-container\">\n        <div class=\"grid-x grid-padding-x align-center\">\n          <div class=\"cell\">\n            \n<p>1.2.&nbsp;Si vous n\u2019acceptez pas ces CGU, ne naviguez pas sur ce site web.<\/p>\n          <\/div>\n        <\/div>\n      <\/div>\n\n      <\/section>\n\n<section class=\"block-grid-wrapper block-grid-for-core-paragraph\">\n      <div class=\"default-editor-content grid-for-core-paragraph grid-container\">\n        <div class=\"grid-x grid-padding-x align-center\">\n          <div class=\"cell\">\n            \n<p>1.3.&nbsp;L\u2019acc\u00e8s \u00e0 ce site web est gratuit. Tout service propos\u00e9 \u00e0 titre on\u00e9reux par TheGreenBow depuis ce site web est susceptible d\u2019\u00eatre soumis \u00e0 des conditions sp\u00e9cifiques \u00e0 accepter au pr\u00e9alable en ligne par toute personne souhaitant en b\u00e9n\u00e9ficier.<\/p>\n          <\/div>\n        <\/div>\n      <\/div>\n\n      <\/section>\n\n<section class=\"block-grid-wrapper block-grid-for-core-heading\">\n      <div class=\"default-editor-content grid-for-core-heading grid-container\">\n        <div class=\"grid-x grid-padding-x align-center\">\n          <div class=\"cell\">\n            \n<h2 class=\"wp-block-heading\"><strong>2.&nbsp;CGU \u2013 Modifications des CGU<\/strong><\/h2>\n          <\/div>\n        <\/div>\n      <\/div>\n\n      <\/section>\n\n<section class=\"block-grid-wrapper block-grid-for-core-paragraph\">\n      <div class=\"default-editor-content grid-for-core-paragraph grid-container\">\n        <div class=\"grid-x grid-padding-x align-center\">\n          <div class=\"cell\">\n            \n<p>2.1. TheGreenBow se r\u00e9serve le droit de modifier \u00e0 tout moment, et sans communication pr\u00e9alable, les pr\u00e9sentes CGU, afin de les adapter aux \u00e9volutions de son site web et des services qui y seraient propos\u00e9s. Vous \u00eates invit\u00e9(e) \u00e0 consulter r\u00e9guli\u00e8rement la derni\u00e8re version mise \u00e0 jour des CGU qui sont compl\u00e9t\u00e9es par la politique de protection de vos donn\u00e9es personnelles.<\/p>\n          <\/div>\n        <\/div>\n      <\/div>\n\n      <\/section>\n\n<section class=\"block-grid-wrapper block-grid-for-core-heading\">\n      <div class=\"default-editor-content grid-for-core-heading grid-container\">\n        <div class=\"grid-x grid-padding-x align-center\">\n          <div class=\"cell\">\n            \n<h2 class=\"wp-block-heading\">3.&nbsp;CGU \u2013 Politique de protection de vos donn\u00e9es personnelles<\/h2>\n          <\/div>\n        <\/div>\n      <\/div>\n\n      <\/section>\n\n<section class=\"block-grid-wrapper block-grid-for-core-paragraph\">\n      <div class=\"default-editor-content grid-for-core-paragraph grid-container\">\n        <div class=\"grid-x grid-padding-x align-center\">\n          <div class=\"cell\">\n            \n<p>3.1.&nbsp;Conform\u00e9ment au R\u00e8glement UE \u00ab&nbsp;RGPD&nbsp;\u00bb&nbsp;<a href=\"http:\/\/eur-lex.europa.eu\/legal-content\/FR\/TXT\/?uri=uriserv:OJ.L_.2016.119.01.0001.01.FRA&amp;toc=OJ:L:2016:119:TOC\" target=\"_blank\" rel=\"noreferrer noopener\">n\u00b02016\/679 du 27 avril 2016&nbsp;<\/a>modifi\u00e9 par&nbsp;<a href=\"https:\/\/eur-lex.europa.eu\/legal-content\/FR\/TXT\/HTML\/?uri=CELEX:32016R0679R(02)&amp;qid=1528814703534&amp;from=en\">rectificatif du 23 mai 2018<\/a>, et \u00e0 la loi \u00ab&nbsp;Informatique et Libert\u00e9s&nbsp;\u00bb&nbsp;<a href=\"https:\/\/www.legifrance.gouv.fr\/affichTexte.do?cidTexte=JORFTEXT000000886460&amp;fastPos=1&amp;fastReqId=1246475506&amp;categorieLien=cid&amp;oldAction=rechTexte\" target=\"_blank\" rel=\"noreferrer noopener\">n\u00b078-17 du 6 janvier 1978<\/a>&nbsp;modifi\u00e9e par l\u2019Ordonnance&nbsp;<a href=\"https:\/\/www.legifrance.gouv.fr\/eli\/ordonnance\/2018\/12\/12\/JUSC1829503R\/jo\/texte\" target=\"_blank\" rel=\"noreferrer noopener\">n\u00b02018-1125 du 12 d\u00e9cembre 2018<\/a>, notre politique de collecte, de traitement et de protection de vos donn\u00e9es \u00e0 caract\u00e8re personnel sont accessible \u00e0 part, dans la rubrique \u00ab&nbsp;politique de protection de vos donn\u00e9es personnelles&nbsp;\u00bb.<\/p>\n          <\/div>\n        <\/div>\n      <\/div>\n\n      <\/section>\n\n<section class=\"block-grid-wrapper block-grid-for-core-heading\">\n      <div class=\"default-editor-content grid-for-core-heading grid-container\">\n        <div class=\"grid-x grid-padding-x align-center\">\n          <div class=\"cell\">\n            \n<h2 class=\"wp-block-heading\">4.&nbsp;CGU \u2013 Disponibilit\u00e9 du site web TheGreenBow<\/h2>\n          <\/div>\n        <\/div>\n      <\/div>\n\n      <\/section>\n\n<section class=\"block-grid-wrapper block-grid-for-core-paragraph\">\n      <div class=\"default-editor-content grid-for-core-paragraph grid-container\">\n        <div class=\"grid-x grid-padding-x align-center\">\n          <div class=\"cell\">\n            \n<p>4.1.&nbsp;TheGreenBow fait son possible pour que vous puissiez acc\u00e9der 24 heures sur 24 \u00e0 son site web.<\/p>\n          <\/div>\n        <\/div>\n      <\/div>\n\n      <\/section>\n\n<section class=\"block-grid-wrapper block-grid-for-core-heading\">\n      <div class=\"default-editor-content grid-for-core-heading grid-container\">\n        <div class=\"grid-x grid-padding-x align-center\">\n          <div class=\"cell\">\n            \n<h2 class=\"wp-block-heading\">5.&nbsp;CGU \u2013 Vos droits et vos devoirs sur le site web TheGreenBow<\/h2>\n          <\/div>\n        <\/div>\n      <\/div>\n\n      <\/section>\n\n<section class=\"block-grid-wrapper block-grid-for-core-paragraph\">\n      <div class=\"default-editor-content grid-for-core-paragraph grid-container\">\n        <div class=\"grid-x grid-padding-x align-center\">\n          <div class=\"cell\">\n            \n<p>5.1.&nbsp;Vous \u00eates libre de naviguer sur le site web TheGreenBow pour acc\u00e9der et visualiser les contenus qui y sont propos\u00e9s \u00e0 titre gratuit.<\/p>\n          <\/div>\n        <\/div>\n      <\/div>\n\n      <\/section>\n\n<section class=\"block-grid-wrapper block-grid-for-core-paragraph\">\n      <div class=\"default-editor-content grid-for-core-paragraph grid-container\">\n        <div class=\"grid-x grid-padding-x align-center\">\n          <div class=\"cell\">\n            \n<p>5.2.&nbsp;Vous pouvez librement partager les liens http donnant acc\u00e8s aux diff\u00e9rentes pages du site web TheGreenBow sans demander d\u2019autorisation \u00e0 TheGreenBow&nbsp;<strong>mais vous ne disposez pas du droit de reproduire tout ou partie des contenus propos\u00e9s sur le site web TheGreenBow, sauf accord pr\u00e9alable et \u00e9crit de TheGreenBow.<\/strong><\/p>\n          <\/div>\n        <\/div>\n      <\/div>\n\n      <\/section>\n\n<section class=\"block-grid-wrapper block-grid-for-core-paragraph\">\n      <div class=\"default-editor-content grid-for-core-paragraph grid-container\">\n        <div class=\"grid-x grid-padding-x align-center\">\n          <div class=\"cell\">\n            \n<p>5.3.&nbsp;TheGreenBow vous garantit (i) disposer de l\u2019ensemble des droits de propri\u00e9t\u00e9 intellectuelle sur chacune des pages web auxquelles vous acc\u00e9dez ainsi que sur chaque contenu que vous pouvez visualiser en ligne ou (ii) disposer du droit contractuel de proposer ces contenus \u00e0 la visualisation en ligne.<\/p>\n          <\/div>\n        <\/div>\n      <\/div>\n\n      <\/section>\n\n<section class=\"block-grid-wrapper block-grid-for-core-paragraph\">\n      <div class=\"default-editor-content grid-for-core-paragraph grid-container\">\n        <div class=\"grid-x grid-padding-x align-center\">\n          <div class=\"cell\">\n            \n<p>5.4.&nbsp;\u00ab&nbsp;TheGreenBow \u00bb est une marque d\u00e9pos\u00e9e par SISTECH.<\/p>\n          <\/div>\n        <\/div>\n      <\/div>\n\n      <\/section>\n\n<section class=\"block-grid-wrapper block-grid-for-core-heading\">\n      <div class=\"default-editor-content grid-for-core-heading grid-container\">\n        <div class=\"grid-x grid-padding-x align-center\">\n          <div class=\"cell\">\n            \n<h2 class=\"wp-block-heading\">6.&nbsp;CGU \u2013 Liens hypertexte<\/h2>\n          <\/div>\n        <\/div>\n      <\/div>\n\n      <\/section>\n\n<section class=\"block-grid-wrapper block-grid-for-core-paragraph\">\n      <div class=\"default-editor-content grid-for-core-paragraph grid-container\">\n        <div class=\"grid-x grid-padding-x align-center\">\n          <div class=\"cell\">\n            \n<p>6.1.&nbsp;Les liens http qui vous sont propos\u00e9s sur le site web TheGreenBow sont fournis \u201c<em>\u00e0 but non lucratif<\/em>\u201d. TheGreenBow n\u2019est donc pas pr\u00e9sum\u00e9 responsable du contenu des sites web vers lesquels les liens http propos\u00e9s vous permettraient d\u2019acc\u00e9der (<a href=\"https:\/\/www.ledieu-avocats.fr\/droit-lien-hypertexte-http\/\" target=\"_blank\" rel=\"noreferrer noopener\">arr\u00eat CJUE \u00ab&nbsp;GS Media&nbsp;\u00bb du 8 septembre 2016<\/a>).<\/p>\n          <\/div>\n        <\/div>\n      <\/div>\n\n      <\/section>\n\n<section class=\"block-grid-wrapper block-grid-for-core-paragraph\">\n      <div class=\"default-editor-content grid-for-core-paragraph grid-container\">\n        <div class=\"grid-x grid-padding-x align-center\">\n          <div class=\"cell\">\n            \n<p>6.2.&nbsp;Si vous identifiez un lien http d\u00e9fectueux (lien mort, renvoi inappropri\u00e9 ou contraire \u00e0 l\u2019ordre public ou aux bonnes m\u0153urs, etc.), merci de le signaler \u00e0 l\u2019adresse&nbsp;<a href=\"mailto:contact@thegreenbow.com\" target=\"_blank\" rel=\"noreferrer noopener\">contact@thegreenbow.com<\/a>. TheGreenBow corrigera ce lien http au plus vite (sans conserver ni votre nom, ni votre adresse mail d\u2019envoi de cette information. Lisez notre \u00ab&nbsp;politique de protection de vos donn\u00e9es personnelles&nbsp;\u00bb pour vous en assurer.<\/p>\n          <\/div>\n        <\/div>\n      <\/div>\n\n      <\/section>\n\n<section class=\"block-grid-wrapper block-grid-for-core-heading\">\n      <div class=\"default-editor-content grid-for-core-heading grid-container\">\n        <div class=\"grid-x grid-padding-x align-center\">\n          <div class=\"cell\">\n            \n<h2 class=\"wp-block-heading\">7.&nbsp;CGU \u2013 Acc\u00e8s ou maintien non autoris\u00e9s au site web TheGreenBow<\/h2>\n          <\/div>\n        <\/div>\n      <\/div>\n\n      <\/section>\n\n<section class=\"block-grid-wrapper block-grid-for-core-paragraph\">\n      <div class=\"default-editor-content grid-for-core-paragraph grid-container\">\n        <div class=\"grid-x grid-padding-x align-center\">\n          <div class=\"cell\">\n            \n<p>7.1.&nbsp;TheGreenBow est un syst\u00e8me de traitement automatis\u00e9 de donn\u00e9es.<\/p>\n          <\/div>\n        <\/div>\n      <\/div>\n\n      <\/section>\n\n<section class=\"block-grid-wrapper block-grid-for-core-paragraph\">\n      <div class=\"default-editor-content grid-for-core-paragraph grid-container\">\n        <div class=\"grid-x grid-padding-x align-center\">\n          <div class=\"cell\">\n            \n<p>7.2.&nbsp;TheGreenBow vous rappelle les termes des&nbsp;<a href=\"https:\/\/www.legifrance.gouv.fr\/affichCode.do;jsessionid=9CA251FD1F9357AA30A09DD24ED5D3FC.tplgfr34s_3?idSectionTA=LEGISCTA000006149839&amp;cidTexte=LEGITEXT000006070719&amp;dateTexte=20190410\" target=\"_blank\" rel=\"noreferrer noopener\">articles 323-1 \u00e0 323-8 du Code p\u00e9nal<\/a>:<\/p>\n          <\/div>\n        <\/div>\n      <\/div>\n\n      <\/section>\n\n<section class=\"block-grid-wrapper block-grid-for-core-paragraph\">\n      <div class=\"default-editor-content grid-for-core-paragraph grid-container\">\n        <div class=\"grid-x grid-padding-x align-center\">\n          <div class=\"cell\">\n            \n<p><em>\u00ab&nbsp;Le fait d\u2019acc\u00e9der ou de se maintenir, frauduleusement, dans tout ou partie d\u2019un syst\u00e8me de traitement automatis\u00e9 de donn\u00e9es est puni de deux ans d\u2019emprisonnement et de 60 000 \u20ac d\u2019amende.&nbsp;\u00bb<\/em><\/p>\n          <\/div>\n        <\/div>\n      <\/div>\n\n      <\/section>\n\n<section class=\"block-grid-wrapper block-grid-for-core-paragraph\">\n      <div class=\"default-editor-content grid-for-core-paragraph grid-container\">\n        <div class=\"grid-x grid-padding-x align-center\">\n          <div class=\"cell\">\n            \n<p><em>\u00ab&nbsp;Lorsqu\u2019il en est r\u00e9sult\u00e9 soit la suppression ou la modification de donn\u00e9es contenues dans le syst\u00e8me, soit une alt\u00e9ration du fonctionnement de ce syst\u00e8me, la peine est de trois ans d\u2019emprisonnement et de 100 000 \u20ac d\u2019amende.&nbsp;\u00bb<\/em><\/p>\n          <\/div>\n        <\/div>\n      <\/div>\n\n      <\/section>\n\n<section class=\"block-grid-wrapper block-grid-for-core-paragraph\">\n      <div class=\"default-editor-content grid-for-core-paragraph grid-container\">\n        <div class=\"grid-x grid-padding-x align-center\">\n          <div class=\"cell\">\n            \n<p><em>\u00ab&nbsp;Le fait d\u2019entraver ou de fausser le fonctionnement d\u2019un syst\u00e8me de traitement automatis\u00e9 de donn\u00e9es est puni de cinq ans d\u2019emprisonnement et de 150 000 \u20ac d\u2019amende.&nbsp;\u00bb<\/em><\/p>\n          <\/div>\n        <\/div>\n      <\/div>\n\n      <\/section>\n\n<section class=\"block-grid-wrapper block-grid-for-core-paragraph\">\n      <div class=\"default-editor-content grid-for-core-paragraph grid-container\">\n        <div class=\"grid-x grid-padding-x align-center\">\n          <div class=\"cell\">\n            \n<p><em>\u00ab&nbsp;Le fait d\u2019introduire frauduleusement des donn\u00e9es dans un syst\u00e8me de traitement automatis\u00e9, d\u2019extraire, de d\u00e9tenir, de reproduire, de transmettre, de supprimer ou de modifier frauduleusement les donn\u00e9es qu\u2019il contient est puni de cinq ans d\u2019emprisonnement et de 150 000 \u20ac d\u2019amende.&nbsp;\u00bb<\/em><\/p>\n          <\/div>\n        <\/div>\n      <\/div>\n\n      <\/section>","protected":false},"excerpt":{"rendered":"<p>1.&nbsp;CGU \u2013 Acceptation 1.1.&nbsp;Les pr\u00e9sentes CGU s\u2019appliquent si vous d\u00e9cidez de naviguer sur le site web TheGreenBow. 1.2.&nbsp;Si vous n\u2019acceptez pas ces CGU, ne naviguez pas sur ce site web. 1.3.&nbsp;L\u2019acc\u00e8s \u00e0 ce site web est gratuit. Tout service propos\u00e9 \u00e0 titre on\u00e9reux par TheGreenBow depuis ce site web est susceptible d\u2019\u00eatre soumis \u00e0 des [&hellip;]<\/p>\n","protected":false},"author":1,"featured_media":0,"parent":0,"menu_order":17,"comment_status":"closed","ping_status":"closed","template":"","meta":{"_acf_changed":false,"resource_type":"internal","footnotes":""},"class_list":["post-1977","page","type-page","status-publish","hentry"],"acf":[],"yoast_head":"<!-- This site is optimized with the Yoast SEO plugin v27.4 - https:\/\/yoast.com\/product\/yoast-seo-wordpress\/ -->\n<title>Conditions G\u00e9n\u00e9rales d\u2019Utilisation - TheGreenBow<\/title>\n<meta name=\"description\" content=\"Consulter les conditions g\u00e9n\u00e9rales d&#039;utilisation du site TheGreenBow.\" \/>\n<meta name=\"robots\" content=\"index, follow, max-snippet:-1, max-image-preview:large, max-video-preview:-1\" \/>\n<link rel=\"canonical\" href=\"https:\/\/www.thegreenbow.com\/fr\/conditions-generales-dutilisation\/\" \/>\n<meta property=\"og:locale\" content=\"fr_FR\" \/>\n<meta property=\"og:type\" content=\"article\" \/>\n<meta property=\"og:title\" content=\"Conditions G\u00e9n\u00e9rales d\u2019Utilisation - TheGreenBow\" \/>\n<meta property=\"og:description\" content=\"Consulter les conditions g\u00e9n\u00e9rales d&#039;utilisation du site TheGreenBow.\" \/>\n<meta property=\"og:url\" content=\"https:\/\/www.thegreenbow.com\/fr\/conditions-generales-dutilisation\/\" \/>\n<meta property=\"og:site_name\" content=\"TheGreenBow\" \/>\n<meta property=\"article:modified_time\" content=\"2022-07-13T12:59:42+00:00\" \/>\n<meta property=\"og:image\" content=\"https:\/\/www.thegreenbow.com\/wp-content\/uploads\/2021\/08\/TGB-social-image-1.jpg\" \/>\n\t<meta property=\"og:image:width\" content=\"683\" \/>\n\t<meta property=\"og:image:height\" content=\"384\" \/>\n\t<meta property=\"og:image:type\" content=\"image\/jpeg\" \/>\n<meta name=\"twitter:card\" content=\"summary_large_image\" \/>\n<meta name=\"twitter:site\" content=\"@thegreenbow\" \/>\n<meta name=\"twitter:label1\" content=\"Dur\u00e9e de lecture estim\u00e9e\" \/>\n\t<meta name=\"twitter:data1\" content=\"4 minutes\" \/>\n<script type=\"application\/ld+json\" class=\"yoast-schema-graph\">{\"@context\":\"https:\\\/\\\/schema.org\",\"@graph\":[{\"@type\":\"WebPage\",\"@id\":\"https:\\\/\\\/www.thegreenbow.com\\\/fr\\\/conditions-generales-dutilisation\\\/\",\"url\":\"https:\\\/\\\/www.thegreenbow.com\\\/fr\\\/conditions-generales-dutilisation\\\/\",\"name\":\"Conditions G\u00e9n\u00e9rales d\u2019Utilisation - TheGreenBow\",\"isPartOf\":{\"@id\":\"https:\\\/\\\/www.thegreenbow.com\\\/fr\\\/#website\"},\"datePublished\":\"2021-04-19T09:49:32+00:00\",\"dateModified\":\"2022-07-13T12:59:42+00:00\",\"description\":\"Consulter les conditions g\u00e9n\u00e9rales d'utilisation du site TheGreenBow.\",\"breadcrumb\":{\"@id\":\"https:\\\/\\\/www.thegreenbow.com\\\/fr\\\/conditions-generales-dutilisation\\\/#breadcrumb\"},\"inLanguage\":\"fr-FR\",\"potentialAction\":[{\"@type\":\"ReadAction\",\"target\":[\"https:\\\/\\\/www.thegreenbow.com\\\/fr\\\/conditions-generales-dutilisation\\\/\"]}]},{\"@type\":\"BreadcrumbList\",\"@id\":\"https:\\\/\\\/www.thegreenbow.com\\\/fr\\\/conditions-generales-dutilisation\\\/#breadcrumb\",\"itemListElement\":[{\"@type\":\"ListItem\",\"position\":1,\"name\":\"Accueil\",\"item\":\"https:\\\/\\\/www.thegreenbow.com\\\/fr\\\/\"},{\"@type\":\"ListItem\",\"position\":2,\"name\":\"Conditions G\u00e9n\u00e9rales d\u2019Utilisation\"}]},{\"@type\":\"WebSite\",\"@id\":\"https:\\\/\\\/www.thegreenbow.com\\\/fr\\\/#website\",\"url\":\"https:\\\/\\\/www.thegreenbow.com\\\/fr\\\/\",\"name\":\"TheGreenBow\",\"description\":\"\",\"publisher\":{\"@id\":\"https:\\\/\\\/www.thegreenbow.com\\\/fr\\\/#organization\"},\"potentialAction\":[{\"@type\":\"SearchAction\",\"target\":{\"@type\":\"EntryPoint\",\"urlTemplate\":\"https:\\\/\\\/www.thegreenbow.com\\\/fr\\\/?s={search_term_string}\"},\"query-input\":{\"@type\":\"PropertyValueSpecification\",\"valueRequired\":true,\"valueName\":\"search_term_string\"}}],\"inLanguage\":\"fr-FR\"},{\"@type\":\"Organization\",\"@id\":\"https:\\\/\\\/www.thegreenbow.com\\\/fr\\\/#organization\",\"name\":\"TheGreenBow\",\"url\":\"https:\\\/\\\/www.thegreenbow.com\\\/fr\\\/\",\"logo\":{\"@type\":\"ImageObject\",\"inLanguage\":\"fr-FR\",\"@id\":\"https:\\\/\\\/www.thegreenbow.com\\\/fr\\\/#\\\/schema\\\/logo\\\/image\\\/\",\"url\":\"https:\\\/\\\/www.thegreenbow.com\\\/wp-content\\\/uploads\\\/2021\\\/04\\\/Logotype@2x-min.png\",\"contentUrl\":\"https:\\\/\\\/www.thegreenbow.com\\\/wp-content\\\/uploads\\\/2021\\\/04\\\/Logotype@2x-min.png\",\"width\":422,\"height\":84,\"caption\":\"TheGreenBow\"},\"image\":{\"@id\":\"https:\\\/\\\/www.thegreenbow.com\\\/fr\\\/#\\\/schema\\\/logo\\\/image\\\/\"},\"sameAs\":[\"https:\\\/\\\/x.com\\\/thegreenbow\",\"https:\\\/\\\/fr.linkedin.com\\\/company\\\/thegreenbow\",\"https:\\\/\\\/www.youtube.com\\\/channel\\\/UCZKtI7_fmgFcmovgGSy8AnQ\"]}]}<\/script>\n<!-- \/ Yoast SEO plugin. -->","yoast_head_json":{"title":"Conditions G\u00e9n\u00e9rales d\u2019Utilisation - TheGreenBow","description":"Consulter les conditions g\u00e9n\u00e9rales d'utilisation du site TheGreenBow.","robots":{"index":"index","follow":"follow","max-snippet":"max-snippet:-1","max-image-preview":"max-image-preview:large","max-video-preview":"max-video-preview:-1"},"canonical":"https:\/\/www.thegreenbow.com\/fr\/conditions-generales-dutilisation\/","og_locale":"fr_FR","og_type":"article","og_title":"Conditions G\u00e9n\u00e9rales d\u2019Utilisation - TheGreenBow","og_description":"Consulter les conditions g\u00e9n\u00e9rales d'utilisation du site TheGreenBow.","og_url":"https:\/\/www.thegreenbow.com\/fr\/conditions-generales-dutilisation\/","og_site_name":"TheGreenBow","article_modified_time":"2022-07-13T12:59:42+00:00","og_image":[{"width":683,"height":384,"url":"https:\/\/www.thegreenbow.com\/wp-content\/uploads\/2021\/08\/TGB-social-image-1.jpg","type":"image\/jpeg"}],"twitter_card":"summary_large_image","twitter_site":"@thegreenbow","twitter_misc":{"Dur\u00e9e de lecture estim\u00e9e":"4 minutes"},"schema":{"@context":"https:\/\/schema.org","@graph":[{"@type":"WebPage","@id":"https:\/\/www.thegreenbow.com\/fr\/conditions-generales-dutilisation\/","url":"https:\/\/www.thegreenbow.com\/fr\/conditions-generales-dutilisation\/","name":"Conditions G\u00e9n\u00e9rales d\u2019Utilisation - TheGreenBow","isPartOf":{"@id":"https:\/\/www.thegreenbow.com\/fr\/#website"},"datePublished":"2021-04-19T09:49:32+00:00","dateModified":"2022-07-13T12:59:42+00:00","description":"Consulter les conditions g\u00e9n\u00e9rales d'utilisation du site TheGreenBow.","breadcrumb":{"@id":"https:\/\/www.thegreenbow.com\/fr\/conditions-generales-dutilisation\/#breadcrumb"},"inLanguage":"fr-FR","potentialAction":[{"@type":"ReadAction","target":["https:\/\/www.thegreenbow.com\/fr\/conditions-generales-dutilisation\/"]}]},{"@type":"BreadcrumbList","@id":"https:\/\/www.thegreenbow.com\/fr\/conditions-generales-dutilisation\/#breadcrumb","itemListElement":[{"@type":"ListItem","position":1,"name":"Accueil","item":"https:\/\/www.thegreenbow.com\/fr\/"},{"@type":"ListItem","position":2,"name":"Conditions G\u00e9n\u00e9rales d\u2019Utilisation"}]},{"@type":"WebSite","@id":"https:\/\/www.thegreenbow.com\/fr\/#website","url":"https:\/\/www.thegreenbow.com\/fr\/","name":"TheGreenBow","description":"","publisher":{"@id":"https:\/\/www.thegreenbow.com\/fr\/#organization"},"potentialAction":[{"@type":"SearchAction","target":{"@type":"EntryPoint","urlTemplate":"https:\/\/www.thegreenbow.com\/fr\/?s={search_term_string}"},"query-input":{"@type":"PropertyValueSpecification","valueRequired":true,"valueName":"search_term_string"}}],"inLanguage":"fr-FR"},{"@type":"Organization","@id":"https:\/\/www.thegreenbow.com\/fr\/#organization","name":"TheGreenBow","url":"https:\/\/www.thegreenbow.com\/fr\/","logo":{"@type":"ImageObject","inLanguage":"fr-FR","@id":"https:\/\/www.thegreenbow.com\/fr\/#\/schema\/logo\/image\/","url":"https:\/\/www.thegreenbow.com\/wp-content\/uploads\/2021\/04\/Logotype@2x-min.png","contentUrl":"https:\/\/www.thegreenbow.com\/wp-content\/uploads\/2021\/04\/Logotype@2x-min.png","width":422,"height":84,"caption":"TheGreenBow"},"image":{"@id":"https:\/\/www.thegreenbow.com\/fr\/#\/schema\/logo\/image\/"},"sameAs":["https:\/\/x.com\/thegreenbow","https:\/\/fr.linkedin.com\/company\/thegreenbow","https:\/\/www.youtube.com\/channel\/UCZKtI7_fmgFcmovgGSy8AnQ"]}]}},"_links":{"self":[{"href":"https:\/\/www.thegreenbow.com\/fr\/wp-json\/wp\/v2\/pages\/1977","targetHints":{"allow":["GET"]}}],"collection":[{"href":"https:\/\/www.thegreenbow.com\/fr\/wp-json\/wp\/v2\/pages"}],"about":[{"href":"https:\/\/www.thegreenbow.com\/fr\/wp-json\/wp\/v2\/types\/page"}],"author":[{"embeddable":true,"href":"https:\/\/www.thegreenbow.com\/fr\/wp-json\/wp\/v2\/users\/1"}],"replies":[{"embeddable":true,"href":"https:\/\/www.thegreenbow.com\/fr\/wp-json\/wp\/v2\/comments?post=1977"}],"version-history":[{"count":22,"href":"https:\/\/www.thegreenbow.com\/fr\/wp-json\/wp\/v2\/pages\/1977\/revisions"}],"predecessor-version":[{"id":13029,"href":"https:\/\/www.thegreenbow.com\/fr\/wp-json\/wp\/v2\/pages\/1977\/revisions\/13029"}],"wp:attachment":[{"href":"https:\/\/www.thegreenbow.com\/fr\/wp-json\/wp\/v2\/media?parent=1977"}],"curies":[{"name":"wp","href":"https:\/\/api.w.org\/{rel}","templated":true}]}}