{"id":47,"date":"2021-03-26T12:28:20","date_gmt":"2021-03-26T12:28:20","guid":{"rendered":"https:\/\/www.thegreenbow.com\/?page_id=47"},"modified":"2025-09-26T16:03:50","modified_gmt":"2025-09-26T14:03:50","slug":"alertes-securite","status":"publish","type":"page","link":"https:\/\/www.thegreenbow.com\/fr\/support\/alertes-securite\/","title":{"rendered":"Alertes s\u00e9curit\u00e9"},"content":{"rendered":"\n<section  class=\"wp-block-acf-news-page-banner  post\" >\n  \n    <div class=\"section-content section-banner has-white-color img-align-top img-align-center\"  data-interchange=\"[https:\/\/www.thegreenbow.com\/wp-content\/uploads\/2021\/05\/thegreenbow-header-support-min-768x400.jpg, small], [https:\/\/www.thegreenbow.com\/wp-content\/uploads\/2021\/05\/thegreenbow-header-support-min-1024x1024.jpg, medium], [https:\/\/www.thegreenbow.com\/wp-content\/uploads\/2021\/05\/thegreenbow-header-support-min-1366x218.jpg, large], [https:\/\/www.thegreenbow.com\/wp-content\/uploads\/2021\/05\/thegreenbow-header-support-min-e1636998247612.jpg, xlarge], [https:\/\/www.thegreenbow.com\/wp-content\/uploads\/2021\/05\/thegreenbow-header-support-min-1366x712.jpg, retina], [https:\/\/www.thegreenbow.com\/wp-content\/uploads\/2021\/05\/thegreenbow-header-support-min-1366x1366.jpg, medium_retina], [https:\/\/www.thegreenbow.com\/wp-content\/uploads\/2021\/05\/thegreenbow-header-support-min-e1636998247612.jpg, large_retina]\" data-interchange-sizes=\"{&quot;small&quot;:{&quot;w&quot;:768,&quot;h&quot;:400},&quot;medium&quot;:{&quot;w&quot;:1024,&quot;h&quot;:1024},&quot;large&quot;:{&quot;w&quot;:1366,&quot;h&quot;:218},&quot;xlarge&quot;:{&quot;w&quot;:1920,&quot;h&quot;:307},&quot;retina&quot;:{&quot;w&quot;:1366,&quot;h&quot;:712},&quot;medium_retina&quot;:{&quot;w&quot;:1366,&quot;h&quot;:1366},&quot;large_retina&quot;:{&quot;w&quot;:1920,&quot;h&quot;:307},&quot;xlarge_retina&quot;:{&quot;w&quot;:1920,&quot;h&quot;:307}}\" >\n\n              <h1 class=\"page-title\">Alertes s\u00e9curit\u00e9<\/h1>\n      \n    <\/div>\n\n  \n  \n  \n<\/section>\n\n\n<section class=\"block-grid-wrapper block-grid-for-core-paragraph\">\n      <div class=\"default-editor-content grid-for-core-paragraph grid-container\">\n        <div class=\"grid-x grid-padding-x align-center\">\n          <div class=\"cell\">\n            \n<p class=\"has-text-align-left\">Les solutions VPN TheGreenBow sont r\u00e9put\u00e9es pour leur robustesse et leur s\u00e9curit\u00e9. Nous veillons \u00e0 anticiper au maximum les probl\u00e8mes de s\u00e9curit\u00e9 en contr\u00f4lant nos produits en permanence afin de garder une longueur d\u2019avance sur les derni\u00e8res menaces. Nous suivons de pr\u00e8s les derniers d\u00e9veloppements relatifs \u00e0 la s\u00e9curit\u00e9 en collaborant avec des entreprises et des chercheurs en s\u00e9curit\u00e9.<\/p>\n          <\/div>\n        <\/div>\n      <\/div>\n\n      <\/section>\n\n<section class=\"block-grid-wrapper block-grid-for-core-paragraph\">\n      <div class=\"default-editor-content grid-for-core-paragraph grid-container\">\n        <div class=\"grid-x grid-padding-x align-center\">\n          <div class=\"cell\">\n            \n<p class=\"has-text-align-left\">Nous restons \u00e9galement tr\u00e8s \u00e0 l\u2019\u00e9coute de nos clients. <br>Si vous souhaitez nous faire part d\u2019une vuln\u00e9rabilit\u00e9, contactez-nous \u00e0&nbsp;: <a href=\"mailto:advisory@thegreenbow.com?subject=vulnerability\">advisory@thegreenbow.com<\/a>.<\/p>\n          <\/div>\n        <\/div>\n      <\/div>\n\n      <\/section>\n\n<section class=\"block-grid-wrapper block-grid-for-core-heading\">\n      <div class=\"default-editor-content grid-for-core-heading grid-container\">\n        <div class=\"grid-x grid-padding-x align-center\">\n          <div class=\"cell\">\n            \n<h2 class=\"has-text-align-left wp-block-heading\">Patches de s\u00e9curit\u00e9<\/h2>\n          <\/div>\n        <\/div>\n      <\/div>\n\n      <\/section>\n\n<section class=\"block-grid-wrapper block-grid-for-core-list\">\n      <div class=\"default-editor-content grid-for-core-list grid-container\">\n        <div class=\"grid-x grid-padding-x align-center\">\n          <div class=\"cell\">\n            \n<ul class=\"wp-block-list\">\n<li>Patch de s\u00e9curit\u00e9 (CVE-2024-45750) pour le Client VPN Windows Standard version 6.87.x : <strong><a href=\"https:\/\/www.thegreenbow.com\/wp-content\/uploads\/2024\/09\/Patch-VULN-EC-IS1992.zip\">t\u00e9l\u00e9charger ici<\/a><\/strong><\/li>\n\n\n\n<li>Patch de s\u00e9curit\u00e9 (CVE-2024-45750) pour le Client VPN Windows Enterprise version Windows 7.5.x : <strong><a href=\"https:\/\/www.thegreenbow.com\/wp-content\/uploads\/2024\/09\/Patch-EC-VULN-IS-1986.zip\">t\u00e9l\u00e9char<\/a><a href=\"https:\/\/www.thegreenbow.com\/wp-content\/uploads\/2023\/11\/Patch-VULN-Registry-6.52.006.zip\" target=\"_blank\" rel=\"noreferrer noopener\">ger ici<\/a><\/strong><\/li>\n\n\n\n<li>Patch de s\u00e9curit\u00e9 (CVE-2023-47267) pour le Client VPN Windows Certifi\u00e9 version 6.52.006 : <strong><a href=\"https:\/\/www.thegreenbow.com\/wp-content\/uploads\/2023\/11\/Patch-VULN-Registry-6.52.006.zip\">t\u00e9l\u00e9charger ici<\/a><\/strong><\/li>\n\n\n\n<li>Patch de s\u00e9curit\u00e9 (r\u00e9f\u00e9rence TGB_2022_001) pour le Client VPN Windows Certifi\u00e9 version 6.52.006 : <strong><a href=\"https:\/\/www.thegreenbow.com\/wp-content\/uploads\/2022\/05\/Windows_Certified_VPN_Client_6.52.006-patch2.zip\" target=\"_blank\" rel=\"noreferrer noopener\">t\u00e9l\u00e9charger ici<\/a><\/strong><\/li>\n<\/ul>\n          <\/div>\n        <\/div>\n      <\/div>\n\n      <\/section>\n\n<section class=\"block-grid-wrapper block-grid-for-core-buttons\">\n      <div class=\"default-editor-content grid-for-core-buttons grid-container\">\n        <div class=\"grid-x grid-padding-x align-center\">\n          <div class=\"cell\">\n            \n<div class=\"wp-block-buttons is-layout-flex wp-block-buttons-is-layout-flex\"><\/div>\n          <\/div>\n        <\/div>\n      <\/div>\n\n      <\/section>\n\n<section class=\"block-grid-wrapper block-grid-for-core-heading\">\n      <div class=\"default-editor-content grid-for-core-heading grid-container\">\n        <div class=\"grid-x grid-padding-x align-center\">\n          <div class=\"cell\">\n            \n<h2 class=\"has-text-align-left wp-block-heading\">Avis et mises \u00e0 jour de s\u00e9curit\u00e9<\/h2>\n          <\/div>\n        <\/div>\n      <\/div>\n\n      <\/section>\n\n<section class=\"block-grid-wrapper block-grid-for-core-paragraph\">\n      <div class=\"default-editor-content grid-for-core-paragraph grid-container\">\n        <div class=\"grid-x grid-padding-x align-center\">\n          <div class=\"cell\">\n            \n<p>Si vous souhaitez \u00eatre tenu au courant des nouvelles vuln\u00e9rabilit\u00e9s, veuillez nous envoyer les coordonn\u00e9es du r\u00e9f\u00e9rent s\u00e9curit\u00e9 de votre entreprise ou de votre organisation, \u00e0 l&rsquo;adresse mail :&nbsp;<a href=\"mailto:referent@thegreenbow.com\">referent@thegreenbow.com<\/a>.<\/p>\n          <\/div>\n        <\/div>\n      <\/div>\n\n      <\/section>","protected":false},"excerpt":{"rendered":"<p>Les solutions VPN TheGreenBow sont r\u00e9put\u00e9es pour leur robustesse et leur s\u00e9curit\u00e9. Nous veillons \u00e0 anticiper au maximum les probl\u00e8mes de s\u00e9curit\u00e9 en contr\u00f4lant nos produits en permanence afin de garder une longueur d\u2019avance sur les derni\u00e8res menaces. Nous suivons de pr\u00e8s les derniers d\u00e9veloppements relatifs \u00e0 la s\u00e9curit\u00e9 en collaborant avec des entreprises et [&hellip;]<\/p>\n","protected":false},"author":1,"featured_media":0,"parent":45,"menu_order":77,"comment_status":"closed","ping_status":"closed","template":"p-security_alert.php","meta":{"_acf_changed":false,"resource_type":"internal","footnotes":""},"class_list":["post-47","page","type-page","status-publish","hentry"],"acf":[],"yoast_head":"<!-- This site is optimized with the Yoast SEO plugin v27.3 - https:\/\/yoast.com\/product\/yoast-seo-wordpress\/ -->\n<title>Alertes s\u00e9curit\u00e9 - TheGreenBow<\/title>\n<meta name=\"description\" content=\"Les solutions VPN TheGreenBow sont r\u00e9put\u00e9es pour leur robustesse et leur s\u00e9curit\u00e9. Restez inform\u00e9 des avis et mises \u00e0 jour de s\u00e9curit\u00e9.\" \/>\n<meta name=\"robots\" content=\"index, follow, max-snippet:-1, max-image-preview:large, max-video-preview:-1\" \/>\n<link rel=\"canonical\" href=\"https:\/\/www.thegreenbow.com\/fr\/support\/alertes-securite\/\" \/>\n<meta property=\"og:locale\" content=\"fr_FR\" \/>\n<meta property=\"og:type\" content=\"article\" \/>\n<meta property=\"og:title\" content=\"Alertes s\u00e9curit\u00e9 - TheGreenBow\" \/>\n<meta property=\"og:description\" content=\"Les solutions VPN TheGreenBow sont r\u00e9put\u00e9es pour leur robustesse et leur s\u00e9curit\u00e9. Restez inform\u00e9 des avis et mises \u00e0 jour de s\u00e9curit\u00e9.\" \/>\n<meta property=\"og:url\" content=\"https:\/\/www.thegreenbow.com\/fr\/support\/alertes-securite\/\" \/>\n<meta property=\"og:site_name\" content=\"TheGreenBow\" \/>\n<meta property=\"article:modified_time\" content=\"2025-09-26T14:03:50+00:00\" \/>\n<meta property=\"og:image\" content=\"https:\/\/www.thegreenbow.com\/wp-content\/uploads\/2021\/08\/TGB-social-image-1.jpg\" \/>\n\t<meta property=\"og:image:width\" content=\"683\" \/>\n\t<meta property=\"og:image:height\" content=\"384\" \/>\n\t<meta property=\"og:image:type\" content=\"image\/jpeg\" \/>\n<meta name=\"twitter:card\" content=\"summary_large_image\" \/>\n<meta name=\"twitter:site\" content=\"@thegreenbow\" \/>\n<meta name=\"twitter:label1\" content=\"Dur\u00e9e de lecture estim\u00e9e\" \/>\n\t<meta name=\"twitter:data1\" content=\"1 minute\" \/>\n<script type=\"application\/ld+json\" class=\"yoast-schema-graph\">{\"@context\":\"https:\\\/\\\/schema.org\",\"@graph\":[{\"@type\":\"WebPage\",\"@id\":\"https:\\\/\\\/www.thegreenbow.com\\\/fr\\\/support\\\/alertes-securite\\\/\",\"url\":\"https:\\\/\\\/www.thegreenbow.com\\\/fr\\\/support\\\/alertes-securite\\\/\",\"name\":\"Alertes s\u00e9curit\u00e9 - TheGreenBow\",\"isPartOf\":{\"@id\":\"https:\\\/\\\/www.thegreenbow.com\\\/fr\\\/#website\"},\"datePublished\":\"2021-03-26T12:28:20+00:00\",\"dateModified\":\"2025-09-26T14:03:50+00:00\",\"description\":\"Les solutions VPN TheGreenBow sont r\u00e9put\u00e9es pour leur robustesse et leur s\u00e9curit\u00e9. Restez inform\u00e9 des avis et mises \u00e0 jour de s\u00e9curit\u00e9.\",\"breadcrumb\":{\"@id\":\"https:\\\/\\\/www.thegreenbow.com\\\/fr\\\/support\\\/alertes-securite\\\/#breadcrumb\"},\"inLanguage\":\"fr-FR\",\"potentialAction\":[{\"@type\":\"ReadAction\",\"target\":[\"https:\\\/\\\/www.thegreenbow.com\\\/fr\\\/support\\\/alertes-securite\\\/\"]}]},{\"@type\":\"BreadcrumbList\",\"@id\":\"https:\\\/\\\/www.thegreenbow.com\\\/fr\\\/support\\\/alertes-securite\\\/#breadcrumb\",\"itemListElement\":[{\"@type\":\"ListItem\",\"position\":1,\"name\":\"Accueil\",\"item\":\"https:\\\/\\\/www.thegreenbow.com\\\/fr\\\/\"},{\"@type\":\"ListItem\",\"position\":2,\"name\":\"Support\",\"item\":\"https:\\\/\\\/www.thegreenbow.com\\\/fr\\\/support\\\/assistance\\\/\"},{\"@type\":\"ListItem\",\"position\":3,\"name\":\"Alertes s\u00e9curit\u00e9\"}]},{\"@type\":\"WebSite\",\"@id\":\"https:\\\/\\\/www.thegreenbow.com\\\/fr\\\/#website\",\"url\":\"https:\\\/\\\/www.thegreenbow.com\\\/fr\\\/\",\"name\":\"TheGreenBow\",\"description\":\"\",\"publisher\":{\"@id\":\"https:\\\/\\\/www.thegreenbow.com\\\/fr\\\/#organization\"},\"potentialAction\":[{\"@type\":\"SearchAction\",\"target\":{\"@type\":\"EntryPoint\",\"urlTemplate\":\"https:\\\/\\\/www.thegreenbow.com\\\/fr\\\/?s={search_term_string}\"},\"query-input\":{\"@type\":\"PropertyValueSpecification\",\"valueRequired\":true,\"valueName\":\"search_term_string\"}}],\"inLanguage\":\"fr-FR\"},{\"@type\":\"Organization\",\"@id\":\"https:\\\/\\\/www.thegreenbow.com\\\/fr\\\/#organization\",\"name\":\"TheGreenBow\",\"url\":\"https:\\\/\\\/www.thegreenbow.com\\\/fr\\\/\",\"logo\":{\"@type\":\"ImageObject\",\"inLanguage\":\"fr-FR\",\"@id\":\"https:\\\/\\\/www.thegreenbow.com\\\/fr\\\/#\\\/schema\\\/logo\\\/image\\\/\",\"url\":\"https:\\\/\\\/www.thegreenbow.com\\\/wp-content\\\/uploads\\\/2021\\\/04\\\/Logotype@2x-min.png\",\"contentUrl\":\"https:\\\/\\\/www.thegreenbow.com\\\/wp-content\\\/uploads\\\/2021\\\/04\\\/Logotype@2x-min.png\",\"width\":422,\"height\":84,\"caption\":\"TheGreenBow\"},\"image\":{\"@id\":\"https:\\\/\\\/www.thegreenbow.com\\\/fr\\\/#\\\/schema\\\/logo\\\/image\\\/\"},\"sameAs\":[\"https:\\\/\\\/x.com\\\/thegreenbow\",\"https:\\\/\\\/fr.linkedin.com\\\/company\\\/thegreenbow\",\"https:\\\/\\\/www.youtube.com\\\/channel\\\/UCZKtI7_fmgFcmovgGSy8AnQ\"]}]}<\/script>\n<!-- \/ Yoast SEO plugin. -->","yoast_head_json":{"title":"Alertes s\u00e9curit\u00e9 - TheGreenBow","description":"Les solutions VPN TheGreenBow sont r\u00e9put\u00e9es pour leur robustesse et leur s\u00e9curit\u00e9. Restez inform\u00e9 des avis et mises \u00e0 jour de s\u00e9curit\u00e9.","robots":{"index":"index","follow":"follow","max-snippet":"max-snippet:-1","max-image-preview":"max-image-preview:large","max-video-preview":"max-video-preview:-1"},"canonical":"https:\/\/www.thegreenbow.com\/fr\/support\/alertes-securite\/","og_locale":"fr_FR","og_type":"article","og_title":"Alertes s\u00e9curit\u00e9 - TheGreenBow","og_description":"Les solutions VPN TheGreenBow sont r\u00e9put\u00e9es pour leur robustesse et leur s\u00e9curit\u00e9. Restez inform\u00e9 des avis et mises \u00e0 jour de s\u00e9curit\u00e9.","og_url":"https:\/\/www.thegreenbow.com\/fr\/support\/alertes-securite\/","og_site_name":"TheGreenBow","article_modified_time":"2025-09-26T14:03:50+00:00","og_image":[{"width":683,"height":384,"url":"https:\/\/www.thegreenbow.com\/wp-content\/uploads\/2021\/08\/TGB-social-image-1.jpg","type":"image\/jpeg"}],"twitter_card":"summary_large_image","twitter_site":"@thegreenbow","twitter_misc":{"Dur\u00e9e de lecture estim\u00e9e":"1 minute"},"schema":{"@context":"https:\/\/schema.org","@graph":[{"@type":"WebPage","@id":"https:\/\/www.thegreenbow.com\/fr\/support\/alertes-securite\/","url":"https:\/\/www.thegreenbow.com\/fr\/support\/alertes-securite\/","name":"Alertes s\u00e9curit\u00e9 - TheGreenBow","isPartOf":{"@id":"https:\/\/www.thegreenbow.com\/fr\/#website"},"datePublished":"2021-03-26T12:28:20+00:00","dateModified":"2025-09-26T14:03:50+00:00","description":"Les solutions VPN TheGreenBow sont r\u00e9put\u00e9es pour leur robustesse et leur s\u00e9curit\u00e9. Restez inform\u00e9 des avis et mises \u00e0 jour de s\u00e9curit\u00e9.","breadcrumb":{"@id":"https:\/\/www.thegreenbow.com\/fr\/support\/alertes-securite\/#breadcrumb"},"inLanguage":"fr-FR","potentialAction":[{"@type":"ReadAction","target":["https:\/\/www.thegreenbow.com\/fr\/support\/alertes-securite\/"]}]},{"@type":"BreadcrumbList","@id":"https:\/\/www.thegreenbow.com\/fr\/support\/alertes-securite\/#breadcrumb","itemListElement":[{"@type":"ListItem","position":1,"name":"Accueil","item":"https:\/\/www.thegreenbow.com\/fr\/"},{"@type":"ListItem","position":2,"name":"Support","item":"https:\/\/www.thegreenbow.com\/fr\/support\/assistance\/"},{"@type":"ListItem","position":3,"name":"Alertes s\u00e9curit\u00e9"}]},{"@type":"WebSite","@id":"https:\/\/www.thegreenbow.com\/fr\/#website","url":"https:\/\/www.thegreenbow.com\/fr\/","name":"TheGreenBow","description":"","publisher":{"@id":"https:\/\/www.thegreenbow.com\/fr\/#organization"},"potentialAction":[{"@type":"SearchAction","target":{"@type":"EntryPoint","urlTemplate":"https:\/\/www.thegreenbow.com\/fr\/?s={search_term_string}"},"query-input":{"@type":"PropertyValueSpecification","valueRequired":true,"valueName":"search_term_string"}}],"inLanguage":"fr-FR"},{"@type":"Organization","@id":"https:\/\/www.thegreenbow.com\/fr\/#organization","name":"TheGreenBow","url":"https:\/\/www.thegreenbow.com\/fr\/","logo":{"@type":"ImageObject","inLanguage":"fr-FR","@id":"https:\/\/www.thegreenbow.com\/fr\/#\/schema\/logo\/image\/","url":"https:\/\/www.thegreenbow.com\/wp-content\/uploads\/2021\/04\/Logotype@2x-min.png","contentUrl":"https:\/\/www.thegreenbow.com\/wp-content\/uploads\/2021\/04\/Logotype@2x-min.png","width":422,"height":84,"caption":"TheGreenBow"},"image":{"@id":"https:\/\/www.thegreenbow.com\/fr\/#\/schema\/logo\/image\/"},"sameAs":["https:\/\/x.com\/thegreenbow","https:\/\/fr.linkedin.com\/company\/thegreenbow","https:\/\/www.youtube.com\/channel\/UCZKtI7_fmgFcmovgGSy8AnQ"]}]}},"_links":{"self":[{"href":"https:\/\/www.thegreenbow.com\/fr\/wp-json\/wp\/v2\/pages\/47","targetHints":{"allow":["GET"]}}],"collection":[{"href":"https:\/\/www.thegreenbow.com\/fr\/wp-json\/wp\/v2\/pages"}],"about":[{"href":"https:\/\/www.thegreenbow.com\/fr\/wp-json\/wp\/v2\/types\/page"}],"author":[{"embeddable":true,"href":"https:\/\/www.thegreenbow.com\/fr\/wp-json\/wp\/v2\/users\/1"}],"replies":[{"embeddable":true,"href":"https:\/\/www.thegreenbow.com\/fr\/wp-json\/wp\/v2\/comments?post=47"}],"version-history":[{"count":43,"href":"https:\/\/www.thegreenbow.com\/fr\/wp-json\/wp\/v2\/pages\/47\/revisions"}],"predecessor-version":[{"id":17047,"href":"https:\/\/www.thegreenbow.com\/fr\/wp-json\/wp\/v2\/pages\/47\/revisions\/17047"}],"up":[{"embeddable":true,"href":"https:\/\/www.thegreenbow.com\/fr\/wp-json\/wp\/v2\/pages\/45"}],"wp:attachment":[{"href":"https:\/\/www.thegreenbow.com\/fr\/wp-json\/wp\/v2\/media?parent=47"}],"curies":[{"name":"wp","href":"https:\/\/api.w.org\/{rel}","templated":true}]}}