{"id":70,"date":"2021-03-26T12:52:46","date_gmt":"2021-03-26T12:52:46","guid":{"rendered":"https:\/\/www.thegreenbow.com\/?page_id=70"},"modified":"2026-04-13T18:07:35","modified_gmt":"2026-04-13T16:07:35","slug":"endpoint-secure-connection","status":"publish","type":"page","link":"https:\/\/www.thegreenbow.com\/fr\/produits-vpn-thegreenbow\/endpoint-secure-connection\/","title":{"rendered":"Endpoint Secure Connection"},"content":{"rendered":"\n<section  class=\"wp-block-acf-news-page-banner  post\" >\n  \n    <div class=\"section-content section-banner has-white-color img-align-top img-align-center\"  data-interchange=\"[https:\/\/www.thegreenbow.com\/wp-content\/uploads\/2021\/05\/Header_Produits-768x400.jpeg, small], [https:\/\/www.thegreenbow.com\/wp-content\/uploads\/2021\/05\/Header_Produits-1024x1024.jpeg, medium], [https:\/\/www.thegreenbow.com\/wp-content\/uploads\/2021\/05\/Header_Produits-1366x315.jpeg, large], [https:\/\/www.thegreenbow.com\/wp-content\/uploads\/2021\/05\/Header_Produits-1920x443.jpeg, xlarge], [https:\/\/www.thegreenbow.com\/wp-content\/uploads\/2021\/05\/Header_Produits-1536x800.jpeg, retina], [https:\/\/www.thegreenbow.com\/wp-content\/uploads\/2021\/05\/Header_Produits-1351x1351.jpeg, medium_retina], [https:\/\/www.thegreenbow.com\/wp-content\/uploads\/2021\/05\/Header_Produits-2732x630.jpeg, large_retina], [https:\/\/www.thegreenbow.com\/wp-content\/uploads\/2021\/05\/Header_Produits-3840x886.jpeg, xlarge_retina]\" data-interchange-sizes=\"{&quot;small&quot;:{&quot;w&quot;:768,&quot;h&quot;:400},&quot;medium&quot;:{&quot;w&quot;:1024,&quot;h&quot;:1024},&quot;large&quot;:{&quot;w&quot;:1366,&quot;h&quot;:315},&quot;xlarge&quot;:{&quot;w&quot;:1920,&quot;h&quot;:443},&quot;retina&quot;:{&quot;w&quot;:1536,&quot;h&quot;:800},&quot;medium_retina&quot;:{&quot;w&quot;:1351,&quot;h&quot;:1351},&quot;large_retina&quot;:{&quot;w&quot;:2732,&quot;h&quot;:630},&quot;xlarge_retina&quot;:{&quot;w&quot;:3840,&quot;h&quot;:886}}\" >\n\n              <h1 class=\"page-title\">Endpoint Secure Connection<\/h1>\n      \n    <\/div>\n\n  \n  \n  \n<\/section>\n\n\n<section class=\"block-grid-wrapper block-grid-for-core-heading\">\n      <div class=\"default-editor-content grid-for-core-heading grid-container\">\n        <div class=\"grid-x grid-padding-x align-center\">\n          <div class=\"cell\">\n            \n<h2 class=\"wp-block-heading\">Pourquoi utiliser un client VPN IPsec ?<\/h2>\n          <\/div>\n        <\/div>\n      <\/div>\n\n      <\/section>\n\n<section class=\"block-grid-wrapper block-grid-for-core-paragraph\">\n      <div class=\"default-editor-content grid-for-core-paragraph grid-container\">\n        <div class=\"grid-x grid-padding-x align-center\">\n          <div class=\"cell\">\n            \n<p class=\"has-text-align-left\">Acronyme de Virtual Private Network ou R\u00e9seau Priv\u00e9 Virtuel, le VPN \u00e9tablit un tunnel \u00e0 l&rsquo;int\u00e9rieur d&rsquo;un r\u00e9seau r\u00e9put\u00e9 \u00ab\u00a0non s\u00fbr\u00a0\u00bb comme Internet.<\/p>\n          <\/div>\n        <\/div>\n      <\/div>\n\n      <\/section>\n\n<section class=\"block-grid-wrapper block-grid-for-core-image\">\n      <div class=\"default-editor-content grid-for-core-image grid-container\">\n        <div class=\"grid-x grid-padding-x align-center\">\n          <div class=\"cell\">\n            \n<figure class=\"wp-block-image size-large is-resized\"><img loading=\"lazy\" decoding=\"async\" width=\"1024\" height=\"266\" src=\"https:\/\/www.thegreenbow.com\/wp-content\/uploads\/2021\/07\/Schema-VPN-FR-1-1024x266.png\" alt=\"\" class=\"wp-image-9633\" style=\"width:1018px;height:264px\" srcset=\"https:\/\/www.thegreenbow.com\/wp-content\/uploads\/2021\/07\/Schema-VPN-FR-1-1024x266.png 1024w, https:\/\/www.thegreenbow.com\/wp-content\/uploads\/2021\/07\/Schema-VPN-FR-1-300x78.png 300w, https:\/\/www.thegreenbow.com\/wp-content\/uploads\/2021\/07\/Schema-VPN-FR-1-768x199.png 768w, https:\/\/www.thegreenbow.com\/wp-content\/uploads\/2021\/07\/Schema-VPN-FR-1-1536x399.png 1536w, https:\/\/www.thegreenbow.com\/wp-content\/uploads\/2021\/07\/Schema-VPN-FR-1-2048x531.png 2048w, https:\/\/www.thegreenbow.com\/wp-content\/uploads\/2021\/07\/Schema-VPN-FR-1-100x26.png 100w\" sizes=\"auto, (max-width: 1024px) 100vw, 1024px\" \/><\/figure>\n          <\/div>\n        <\/div>\n      <\/div>\n\n      <\/section>\n\n<section class=\"block-grid-wrapper block-grid-for-core-paragraph\">\n      <div class=\"default-editor-content grid-for-core-paragraph grid-container\">\n        <div class=\"grid-x grid-padding-x align-center\">\n          <div class=\"cell\">\n            \n<p class=\"has-text-align-left\">Pour garantir la s\u00e9curit\u00e9 des \u00e9changes de donn\u00e9es, un  VPN assure trois fonctions :<\/p>\n          <\/div>\n        <\/div>\n      <\/div>\n\n      <\/section>\n\n<section class=\"block-grid-wrapper block-grid-for-core-list\">\n      <div class=\"default-editor-content grid-for-core-list grid-container\">\n        <div class=\"grid-x grid-padding-x align-center\">\n          <div class=\"cell\">\n            \n<ul class=\"wp-block-list\">\n<li><strong>Authentification<\/strong> par cl\u00e9 pour v\u00e9rifier que les \u00e9quipements sont bien autoris\u00e9s \u00e0 communiquer ensemble<\/li>\n\n\n\n<li><strong>Chiffrement des donn\u00e9es<\/strong> pour assurer la confidentialit\u00e9 des \u00e9changes<\/li>\n\n\n\n<li><strong>Int\u00e9grit\u00e9 des donn\u00e9es<\/strong> pour garantir que les donn\u00e9es ne subissent aucune alt\u00e9ration<\/li>\n<\/ul>\n          <\/div>\n        <\/div>\n      <\/div>\n\n      <\/section>\n\n\n  <section  class=\"wp-block-acf-linked-pages  section-content linked-pages-section\"  itemprop=\"hasPart\" itemscope itemtype=\"https:\/\/schema.org\/WebPageElement\">\n    <div class=\"grid-container\">\n     <div class=\"grid-x grid-padding-x align-center mobile-slider\">\n                <div class=\"cell medium-4 article\">\n            <div class=\"wrapper\">\n              \n                              <a  href=\"https:\/\/www.thegreenbow.com\/fr\/support\/documentations-produits\/\" >\n\n                                          <figure>\n                        <img decoding=\"async\"  data-fade-in loading=\"lazy\" src=\"data:image\/png;base64,R0lGODlhAQABAAD\/ACwAAAAAAQABAAACADs=\" data-lazy-interchange=\"[https:\/\/www.thegreenbow.com\/wp-content\/uploads\/2021\/11\/Header_Support_3-727x486.jpeg, small], [https:\/\/www.thegreenbow.com\/wp-content\/uploads\/2021\/11\/Header_Support_3-301x201.jpeg, medium], [https:\/\/www.thegreenbow.com\/wp-content\/uploads\/2021\/11\/Header_Support_3-343x229.jpeg, large], [https:\/\/www.thegreenbow.com\/wp-content\/uploads\/2021\/11\/Header_Support_3-1454x972.jpeg, retina], [https:\/\/www.thegreenbow.com\/wp-content\/uploads\/2021\/11\/Header_Support_3-602x402.jpeg, medium_retina], [https:\/\/www.thegreenbow.com\/wp-content\/uploads\/2021\/11\/Header_Support_3-686x458.jpeg, large_retina]\" data-interchange-sizes=\"{&quot;small&quot;:{&quot;w&quot;:727,&quot;h&quot;:486},&quot;medium&quot;:{&quot;w&quot;:301,&quot;h&quot;:201},&quot;large&quot;:{&quot;w&quot;:343,&quot;h&quot;:229},&quot;retina&quot;:{&quot;w&quot;:1454,&quot;h&quot;:972},&quot;medium_retina&quot;:{&quot;w&quot;:602,&quot;h&quot;:402},&quot;large_retina&quot;:{&quot;w&quot;:686,&quot;h&quot;:458}}\"  alt=\"Endpoint Secure Connection\" itemprop=\"image\" data-fade-in \/>\n                      <\/figure>\n                    \n                                      <h4 class=\"block-title\">Documentations produits<\/h4>\n                  \n                  \n                <\/a>\n              \n            <\/div>\n          <\/div>\n\n                  <div class=\"cell medium-4 article\">\n            <div class=\"wrapper\">\n              \n                              <a  href=\"https:\/\/www.thegreenbow.com\/fr\/produits-vpn-thegreenbow\/telecharger-clients-vpn-thegreenbow\/\" >\n\n                                          <figure>\n                        <img decoding=\"async\"  data-fade-in loading=\"lazy\" src=\"data:image\/png;base64,R0lGODlhAQABAAD\/ACwAAAAAAQABAAACADs=\" data-lazy-interchange=\"[https:\/\/www.thegreenbow.com\/wp-content\/uploads\/2021\/11\/Header_Use-Case_31-727x486.jpeg, small], [https:\/\/www.thegreenbow.com\/wp-content\/uploads\/2021\/11\/Header_Use-Case_31-301x201.jpeg, medium], [https:\/\/www.thegreenbow.com\/wp-content\/uploads\/2021\/11\/Header_Use-Case_31-343x229.jpeg, large], [https:\/\/www.thegreenbow.com\/wp-content\/uploads\/2021\/11\/Header_Use-Case_31-1366x913.jpeg, retina], [https:\/\/www.thegreenbow.com\/wp-content\/uploads\/2021\/11\/Header_Use-Case_31-602x402.jpeg, medium_retina], [https:\/\/www.thegreenbow.com\/wp-content\/uploads\/2021\/11\/Header_Use-Case_31-686x458.jpeg, large_retina]\" data-interchange-sizes=\"{&quot;small&quot;:{&quot;w&quot;:727,&quot;h&quot;:486},&quot;medium&quot;:{&quot;w&quot;:301,&quot;h&quot;:201},&quot;large&quot;:{&quot;w&quot;:343,&quot;h&quot;:229},&quot;retina&quot;:{&quot;w&quot;:1366,&quot;h&quot;:913},&quot;medium_retina&quot;:{&quot;w&quot;:602,&quot;h&quot;:402},&quot;large_retina&quot;:{&quot;w&quot;:686,&quot;h&quot;:458}}\"  alt=\"Endpoint Secure Connection\" itemprop=\"image\" data-fade-in \/>\n                      <\/figure>\n                    \n                                      <h4 class=\"block-title\">Test 30 jours<\/h4>\n                  \n                  \n                <\/a>\n              \n            <\/div>\n          <\/div>\n\n        \n\t\t<\/div>\n    <\/div>\n  <\/section>\n\n\n<section class=\"block-grid-wrapper block-grid-for-core-heading\">\n      <div class=\"default-editor-content grid-for-core-heading grid-container\">\n        <div class=\"grid-x grid-padding-x align-center\">\n          <div class=\"cell\">\n            \n<h2 class=\"wp-block-heading has-text-align-left\"><strong>D\u00e9couvrez la gamme clients VPN TheGreenBow<\/strong><\/h2>\n          <\/div>\n        <\/div>\n      <\/div>\n\n      <\/section>\n\n<section class=\"block-grid-wrapper block-grid-for-core-paragraph\">\n      <div class=\"default-editor-content grid-for-core-paragraph grid-container\">\n        <div class=\"grid-x grid-padding-x align-center\">\n          <div class=\"cell\">\n            \n<p class=\"has-text-align-left\">Pour des besoins aussi vari\u00e9s que la protection de connexions en t\u00e9l\u00e9travail ou avec des objets connect\u00e9s, ou encore la s\u00e9curisation de communications \u00e0 l\u2019int\u00e9rieur d\u2019un r\u00e9seau de communications critiques, nous proposons la gamme de Clients VPN la plus fiable et la plus polyvalente du march\u00e9 : <strong>interop\u00e9rables avec toute passerelle<\/strong> VPN IPsec ou OpenVPN, fonctionnant sur tout type de r\u00e9seau (WiFi, 4G\/5G, Satellite, \u2026), con\u00e7us pour s\u2019int\u00e9grer dans <strong>toute Infrastructure de Gestion de Cl\u00e9<\/strong> (IGC \/ PKI) et pour \u00eatre d\u00e9ploy\u00e9s \u00e0 large \u00e9chelle.<\/p>\n          <\/div>\n        <\/div>\n      <\/div>\n\n      <\/section>\n\n<section class=\"block-grid-wrapper block-grid-for-core-paragraph\">\n      <div class=\"default-editor-content grid-for-core-paragraph grid-container\">\n        <div class=\"grid-x grid-padding-x align-center\">\n          <div class=\"cell\">\n            \n<p>Nos clients VPN sont disponibles pour Windows, Linux, Android et macOS. Vous pouvez les <strong>tester gratuitement pendant 30 jours<\/strong>.<\/p>\n          <\/div>\n        <\/div>\n      <\/div>\n\n      <\/section>","protected":false},"excerpt":{"rendered":"<p>Pourquoi utiliser un client VPN IPsec ? Acronyme de Virtual Private Network ou R\u00e9seau Priv\u00e9 Virtuel, le VPN \u00e9tablit un tunnel \u00e0 l&rsquo;int\u00e9rieur d&rsquo;un r\u00e9seau r\u00e9put\u00e9 \u00ab\u00a0non s\u00fbr\u00a0\u00bb comme Internet. Pour garantir la s\u00e9curit\u00e9 des \u00e9changes de donn\u00e9es, un VPN assure trois fonctions : D\u00e9couvrez la gamme clients VPN TheGreenBow Pour des besoins aussi vari\u00e9s [&hellip;]<\/p>\n","protected":false},"author":1,"featured_media":0,"parent":68,"menu_order":22,"comment_status":"closed","ping_status":"closed","template":"p-range.php","meta":{"_acf_changed":false,"resource_type":"internal","footnotes":""},"class_list":["post-70","page","type-page","status-publish","hentry"],"acf":[],"yoast_head":"<!-- This site is optimized with the Yoast SEO plugin v27.4 - https:\/\/yoast.com\/product\/yoast-seo-wordpress\/ -->\n<title>Endpoint Secure Connection - TheGreenBow<\/title>\n<meta name=\"description\" content=\"D\u00e9couvrez la gamme de Client VPN IPSec TheGreenBow la plus fiable et la plus polyvalente du march\u00e9 pour Windows, Linux, Android et macOS\" \/>\n<meta name=\"robots\" content=\"index, follow, max-snippet:-1, max-image-preview:large, max-video-preview:-1\" \/>\n<link rel=\"canonical\" href=\"https:\/\/www.thegreenbow.com\/fr\/produits-vpn-thegreenbow\/endpoint-secure-connection\/\" \/>\n<meta property=\"og:locale\" content=\"fr_FR\" \/>\n<meta property=\"og:type\" content=\"article\" \/>\n<meta property=\"og:title\" content=\"Endpoint Secure Connection - TheGreenBow\" \/>\n<meta property=\"og:description\" content=\"D\u00e9couvrez la gamme de Client VPN IPSec TheGreenBow la plus fiable et la plus polyvalente du march\u00e9 pour Windows, Linux, Android et macOS\" \/>\n<meta property=\"og:url\" content=\"https:\/\/www.thegreenbow.com\/fr\/produits-vpn-thegreenbow\/endpoint-secure-connection\/\" \/>\n<meta property=\"og:site_name\" content=\"TheGreenBow\" \/>\n<meta property=\"article:modified_time\" content=\"2026-04-13T16:07:35+00:00\" \/>\n<meta property=\"og:image\" content=\"https:\/\/www.thegreenbow.com\/wp-content\/uploads\/2021\/07\/Schema-VPN-FR-1.png\" \/>\n\t<meta property=\"og:image:width\" content=\"4243\" \/>\n\t<meta property=\"og:image:height\" content=\"1101\" \/>\n\t<meta property=\"og:image:type\" content=\"image\/png\" \/>\n<meta name=\"twitter:card\" content=\"summary_large_image\" \/>\n<meta name=\"twitter:site\" content=\"@thegreenbow\" \/>\n<meta name=\"twitter:label1\" content=\"Dur\u00e9e de lecture estim\u00e9e\" \/>\n\t<meta name=\"twitter:data1\" content=\"2 minutes\" \/>\n<script type=\"application\/ld+json\" class=\"yoast-schema-graph\">{\"@context\":\"https:\\\/\\\/schema.org\",\"@graph\":[{\"@type\":\"WebPage\",\"@id\":\"https:\\\/\\\/www.thegreenbow.com\\\/fr\\\/produits-vpn-thegreenbow\\\/endpoint-secure-connection\\\/\",\"url\":\"https:\\\/\\\/www.thegreenbow.com\\\/fr\\\/produits-vpn-thegreenbow\\\/endpoint-secure-connection\\\/\",\"name\":\"Endpoint Secure Connection - TheGreenBow\",\"isPartOf\":{\"@id\":\"https:\\\/\\\/www.thegreenbow.com\\\/fr\\\/#website\"},\"primaryImageOfPage\":{\"@id\":\"https:\\\/\\\/www.thegreenbow.com\\\/fr\\\/produits-vpn-thegreenbow\\\/endpoint-secure-connection\\\/#primaryimage\"},\"image\":{\"@id\":\"https:\\\/\\\/www.thegreenbow.com\\\/fr\\\/produits-vpn-thegreenbow\\\/endpoint-secure-connection\\\/#primaryimage\"},\"thumbnailUrl\":\"https:\\\/\\\/www.thegreenbow.com\\\/wp-content\\\/uploads\\\/2021\\\/07\\\/Schema-VPN-FR-1-1024x266.png\",\"datePublished\":\"2021-03-26T12:52:46+00:00\",\"dateModified\":\"2026-04-13T16:07:35+00:00\",\"description\":\"D\u00e9couvrez la gamme de Client VPN IPSec TheGreenBow la plus fiable et la plus polyvalente du march\u00e9 pour Windows, Linux, Android et macOS\",\"breadcrumb\":{\"@id\":\"https:\\\/\\\/www.thegreenbow.com\\\/fr\\\/produits-vpn-thegreenbow\\\/endpoint-secure-connection\\\/#breadcrumb\"},\"inLanguage\":\"fr-FR\",\"potentialAction\":[{\"@type\":\"ReadAction\",\"target\":[\"https:\\\/\\\/www.thegreenbow.com\\\/fr\\\/produits-vpn-thegreenbow\\\/endpoint-secure-connection\\\/\"]}]},{\"@type\":\"ImageObject\",\"inLanguage\":\"fr-FR\",\"@id\":\"https:\\\/\\\/www.thegreenbow.com\\\/fr\\\/produits-vpn-thegreenbow\\\/endpoint-secure-connection\\\/#primaryimage\",\"url\":\"https:\\\/\\\/www.thegreenbow.com\\\/wp-content\\\/uploads\\\/2021\\\/07\\\/Schema-VPN-FR-1-1024x266.png\",\"contentUrl\":\"https:\\\/\\\/www.thegreenbow.com\\\/wp-content\\\/uploads\\\/2021\\\/07\\\/Schema-VPN-FR-1-1024x266.png\"},{\"@type\":\"BreadcrumbList\",\"@id\":\"https:\\\/\\\/www.thegreenbow.com\\\/fr\\\/produits-vpn-thegreenbow\\\/endpoint-secure-connection\\\/#breadcrumb\",\"itemListElement\":[{\"@type\":\"ListItem\",\"position\":1,\"name\":\"Accueil\",\"item\":\"https:\\\/\\\/www.thegreenbow.com\\\/fr\\\/\"},{\"@type\":\"ListItem\",\"position\":2,\"name\":\"Produits\",\"item\":\"https:\\\/\\\/www.thegreenbow.com\\\/fr\\\/produits-vpn-thegreenbow\\\/endpoint-secure-connection\\\/\"},{\"@type\":\"ListItem\",\"position\":3,\"name\":\"Endpoint Secure Connection\"}]},{\"@type\":\"WebSite\",\"@id\":\"https:\\\/\\\/www.thegreenbow.com\\\/fr\\\/#website\",\"url\":\"https:\\\/\\\/www.thegreenbow.com\\\/fr\\\/\",\"name\":\"TheGreenBow\",\"description\":\"\",\"publisher\":{\"@id\":\"https:\\\/\\\/www.thegreenbow.com\\\/fr\\\/#organization\"},\"potentialAction\":[{\"@type\":\"SearchAction\",\"target\":{\"@type\":\"EntryPoint\",\"urlTemplate\":\"https:\\\/\\\/www.thegreenbow.com\\\/fr\\\/?s={search_term_string}\"},\"query-input\":{\"@type\":\"PropertyValueSpecification\",\"valueRequired\":true,\"valueName\":\"search_term_string\"}}],\"inLanguage\":\"fr-FR\"},{\"@type\":\"Organization\",\"@id\":\"https:\\\/\\\/www.thegreenbow.com\\\/fr\\\/#organization\",\"name\":\"TheGreenBow\",\"url\":\"https:\\\/\\\/www.thegreenbow.com\\\/fr\\\/\",\"logo\":{\"@type\":\"ImageObject\",\"inLanguage\":\"fr-FR\",\"@id\":\"https:\\\/\\\/www.thegreenbow.com\\\/fr\\\/#\\\/schema\\\/logo\\\/image\\\/\",\"url\":\"https:\\\/\\\/www.thegreenbow.com\\\/wp-content\\\/uploads\\\/2021\\\/04\\\/Logotype@2x-min.png\",\"contentUrl\":\"https:\\\/\\\/www.thegreenbow.com\\\/wp-content\\\/uploads\\\/2021\\\/04\\\/Logotype@2x-min.png\",\"width\":422,\"height\":84,\"caption\":\"TheGreenBow\"},\"image\":{\"@id\":\"https:\\\/\\\/www.thegreenbow.com\\\/fr\\\/#\\\/schema\\\/logo\\\/image\\\/\"},\"sameAs\":[\"https:\\\/\\\/x.com\\\/thegreenbow\",\"https:\\\/\\\/fr.linkedin.com\\\/company\\\/thegreenbow\",\"https:\\\/\\\/www.youtube.com\\\/channel\\\/UCZKtI7_fmgFcmovgGSy8AnQ\"]}]}<\/script>\n<!-- \/ Yoast SEO plugin. -->","yoast_head_json":{"title":"Endpoint Secure Connection - TheGreenBow","description":"D\u00e9couvrez la gamme de Client VPN IPSec TheGreenBow la plus fiable et la plus polyvalente du march\u00e9 pour Windows, Linux, Android et macOS","robots":{"index":"index","follow":"follow","max-snippet":"max-snippet:-1","max-image-preview":"max-image-preview:large","max-video-preview":"max-video-preview:-1"},"canonical":"https:\/\/www.thegreenbow.com\/fr\/produits-vpn-thegreenbow\/endpoint-secure-connection\/","og_locale":"fr_FR","og_type":"article","og_title":"Endpoint Secure Connection - TheGreenBow","og_description":"D\u00e9couvrez la gamme de Client VPN IPSec TheGreenBow la plus fiable et la plus polyvalente du march\u00e9 pour Windows, Linux, Android et macOS","og_url":"https:\/\/www.thegreenbow.com\/fr\/produits-vpn-thegreenbow\/endpoint-secure-connection\/","og_site_name":"TheGreenBow","article_modified_time":"2026-04-13T16:07:35+00:00","og_image":[{"width":4243,"height":1101,"url":"https:\/\/www.thegreenbow.com\/wp-content\/uploads\/2021\/07\/Schema-VPN-FR-1.png","type":"image\/png"}],"twitter_card":"summary_large_image","twitter_site":"@thegreenbow","twitter_misc":{"Dur\u00e9e de lecture estim\u00e9e":"2 minutes"},"schema":{"@context":"https:\/\/schema.org","@graph":[{"@type":"WebPage","@id":"https:\/\/www.thegreenbow.com\/fr\/produits-vpn-thegreenbow\/endpoint-secure-connection\/","url":"https:\/\/www.thegreenbow.com\/fr\/produits-vpn-thegreenbow\/endpoint-secure-connection\/","name":"Endpoint Secure Connection - TheGreenBow","isPartOf":{"@id":"https:\/\/www.thegreenbow.com\/fr\/#website"},"primaryImageOfPage":{"@id":"https:\/\/www.thegreenbow.com\/fr\/produits-vpn-thegreenbow\/endpoint-secure-connection\/#primaryimage"},"image":{"@id":"https:\/\/www.thegreenbow.com\/fr\/produits-vpn-thegreenbow\/endpoint-secure-connection\/#primaryimage"},"thumbnailUrl":"https:\/\/www.thegreenbow.com\/wp-content\/uploads\/2021\/07\/Schema-VPN-FR-1-1024x266.png","datePublished":"2021-03-26T12:52:46+00:00","dateModified":"2026-04-13T16:07:35+00:00","description":"D\u00e9couvrez la gamme de Client VPN IPSec TheGreenBow la plus fiable et la plus polyvalente du march\u00e9 pour Windows, Linux, Android et macOS","breadcrumb":{"@id":"https:\/\/www.thegreenbow.com\/fr\/produits-vpn-thegreenbow\/endpoint-secure-connection\/#breadcrumb"},"inLanguage":"fr-FR","potentialAction":[{"@type":"ReadAction","target":["https:\/\/www.thegreenbow.com\/fr\/produits-vpn-thegreenbow\/endpoint-secure-connection\/"]}]},{"@type":"ImageObject","inLanguage":"fr-FR","@id":"https:\/\/www.thegreenbow.com\/fr\/produits-vpn-thegreenbow\/endpoint-secure-connection\/#primaryimage","url":"https:\/\/www.thegreenbow.com\/wp-content\/uploads\/2021\/07\/Schema-VPN-FR-1-1024x266.png","contentUrl":"https:\/\/www.thegreenbow.com\/wp-content\/uploads\/2021\/07\/Schema-VPN-FR-1-1024x266.png"},{"@type":"BreadcrumbList","@id":"https:\/\/www.thegreenbow.com\/fr\/produits-vpn-thegreenbow\/endpoint-secure-connection\/#breadcrumb","itemListElement":[{"@type":"ListItem","position":1,"name":"Accueil","item":"https:\/\/www.thegreenbow.com\/fr\/"},{"@type":"ListItem","position":2,"name":"Produits","item":"https:\/\/www.thegreenbow.com\/fr\/produits-vpn-thegreenbow\/endpoint-secure-connection\/"},{"@type":"ListItem","position":3,"name":"Endpoint Secure Connection"}]},{"@type":"WebSite","@id":"https:\/\/www.thegreenbow.com\/fr\/#website","url":"https:\/\/www.thegreenbow.com\/fr\/","name":"TheGreenBow","description":"","publisher":{"@id":"https:\/\/www.thegreenbow.com\/fr\/#organization"},"potentialAction":[{"@type":"SearchAction","target":{"@type":"EntryPoint","urlTemplate":"https:\/\/www.thegreenbow.com\/fr\/?s={search_term_string}"},"query-input":{"@type":"PropertyValueSpecification","valueRequired":true,"valueName":"search_term_string"}}],"inLanguage":"fr-FR"},{"@type":"Organization","@id":"https:\/\/www.thegreenbow.com\/fr\/#organization","name":"TheGreenBow","url":"https:\/\/www.thegreenbow.com\/fr\/","logo":{"@type":"ImageObject","inLanguage":"fr-FR","@id":"https:\/\/www.thegreenbow.com\/fr\/#\/schema\/logo\/image\/","url":"https:\/\/www.thegreenbow.com\/wp-content\/uploads\/2021\/04\/Logotype@2x-min.png","contentUrl":"https:\/\/www.thegreenbow.com\/wp-content\/uploads\/2021\/04\/Logotype@2x-min.png","width":422,"height":84,"caption":"TheGreenBow"},"image":{"@id":"https:\/\/www.thegreenbow.com\/fr\/#\/schema\/logo\/image\/"},"sameAs":["https:\/\/x.com\/thegreenbow","https:\/\/fr.linkedin.com\/company\/thegreenbow","https:\/\/www.youtube.com\/channel\/UCZKtI7_fmgFcmovgGSy8AnQ"]}]}},"_links":{"self":[{"href":"https:\/\/www.thegreenbow.com\/fr\/wp-json\/wp\/v2\/pages\/70","targetHints":{"allow":["GET"]}}],"collection":[{"href":"https:\/\/www.thegreenbow.com\/fr\/wp-json\/wp\/v2\/pages"}],"about":[{"href":"https:\/\/www.thegreenbow.com\/fr\/wp-json\/wp\/v2\/types\/page"}],"author":[{"embeddable":true,"href":"https:\/\/www.thegreenbow.com\/fr\/wp-json\/wp\/v2\/users\/1"}],"replies":[{"embeddable":true,"href":"https:\/\/www.thegreenbow.com\/fr\/wp-json\/wp\/v2\/comments?post=70"}],"version-history":[{"count":80,"href":"https:\/\/www.thegreenbow.com\/fr\/wp-json\/wp\/v2\/pages\/70\/revisions"}],"predecessor-version":[{"id":18415,"href":"https:\/\/www.thegreenbow.com\/fr\/wp-json\/wp\/v2\/pages\/70\/revisions\/18415"}],"up":[{"embeddable":true,"href":"https:\/\/www.thegreenbow.com\/fr\/wp-json\/wp\/v2\/pages\/68"}],"wp:attachment":[{"href":"https:\/\/www.thegreenbow.com\/fr\/wp-json\/wp\/v2\/media?parent=70"}],"curies":[{"name":"wp","href":"https:\/\/api.w.org\/{rel}","templated":true}]}}