{"id":94,"date":"2021-03-26T14:04:50","date_gmt":"2021-03-26T14:04:50","guid":{"rendered":"https:\/\/www.thegreenbow.com\/?page_id=94"},"modified":"2021-07-27T12:30:44","modified_gmt":"2021-07-27T12:30:44","slug":"programme-partenaire","status":"publish","type":"page","link":"https:\/\/www.thegreenbow.com\/fr\/partenaires\/programme-partenaire\/","title":{"rendered":"Programme partenaire"},"content":{"rendered":"\n<section  class=\"wp-block-acf-news-page-banner  post\" >\n  \n    <div class=\"section-content section-banner has-white-color img-align-center img-align-center\"  data-interchange=\"[https:\/\/www.thegreenbow.com\/wp-content\/uploads\/2021\/05\/thegreenbow-header-partenaires-min-768x400.jpg, small], [https:\/\/www.thegreenbow.com\/wp-content\/uploads\/2021\/05\/thegreenbow-header-partenaires-min-1024x1024.jpg, medium], [https:\/\/www.thegreenbow.com\/wp-content\/uploads\/2021\/05\/thegreenbow-header-partenaires-min-1366x218.jpg, large], [https:\/\/www.thegreenbow.com\/wp-content\/uploads\/2021\/05\/thegreenbow-header-partenaires-min.jpg, xlarge], [https:\/\/www.thegreenbow.com\/wp-content\/uploads\/2021\/05\/thegreenbow-header-partenaires-min-1366x712.jpg, retina], [https:\/\/www.thegreenbow.com\/wp-content\/uploads\/2021\/05\/thegreenbow-header-partenaires-min-1366x1366.jpg, medium_retina], [https:\/\/www.thegreenbow.com\/wp-content\/uploads\/2021\/05\/thegreenbow-header-partenaires-min.jpg, large_retina]\" data-interchange-sizes=\"{&quot;small&quot;:{&quot;w&quot;:768,&quot;h&quot;:400},&quot;medium&quot;:{&quot;w&quot;:1024,&quot;h&quot;:1024},&quot;large&quot;:{&quot;w&quot;:1366,&quot;h&quot;:218},&quot;xlarge&quot;:{&quot;w&quot;:1920,&quot;h&quot;:307},&quot;retina&quot;:{&quot;w&quot;:1366,&quot;h&quot;:712},&quot;medium_retina&quot;:{&quot;w&quot;:1366,&quot;h&quot;:1366},&quot;large_retina&quot;:{&quot;w&quot;:1920,&quot;h&quot;:307},&quot;xlarge_retina&quot;:{&quot;w&quot;:1920,&quot;h&quot;:307}}\" >\n\n              <h1 class=\"page-title\">Programme partenaire<\/h1>\n      \n    <\/div>\n\n  \n  \n  \n<\/section>\n\n\n<section class=\"block-grid-wrapper block-grid-for-core-heading\">\n      <div class=\"default-editor-content grid-for-core-heading grid-container\">\n        <div class=\"grid-x grid-padding-x align-center\">\n          <div class=\"cell\">\n            \n<h2 class=\"has-text-align-left wp-block-heading\">Ensemble nous cr\u00e9ons plus de valeur <br>pour les clients finaux<\/h2>\n          <\/div>\n        <\/div>\n      <\/div>\n\n      <\/section>\n\n<section class=\"block-grid-wrapper block-grid-for-core-paragraph\">\n      <div class=\"default-editor-content grid-for-core-paragraph grid-container\">\n        <div class=\"grid-x grid-padding-x align-center\">\n          <div class=\"cell\">\n            \n<p>Avec la mont\u00e9e en puissance du t\u00e9l\u00e9travail, les organisations ont un besoin croissant de prot\u00e9ger les \u00e9changes d\u2019information entre des \u00e9quipements nomades et leur syst\u00e8me d\u2019information. Pour renforcer leur politique de cybers\u00e9curit\u00e9, elles se tournent en priorit\u00e9 vers les solutions VPN.<\/p>\n          <\/div>\n        <\/div>\n      <\/div>\n\n      <\/section>\n\n<section class=\"block-grid-wrapper block-grid-for-core-paragraph\">\n      <div class=\"default-editor-content grid-for-core-paragraph grid-container\">\n        <div class=\"grid-x grid-padding-x align-center\">\n          <div class=\"cell\">\n            \n<p>TheGreenBow \u00e9dite un client VPN universel qui s\u2019int\u00e8gre dans des architectures de s\u00e9curit\u00e9 existantes et se configure facilement. Pour accompagner nos clients et \u00eatre au plus proche de leurs besoins, nous avons d\u00e9velopp\u00e9 un \u00e9cosyst\u00e8me international de partenaires. Leur expertise compl\u00e9mentaire permet de proposer une offre compl\u00e8te de bout en bout et un support local, quels que soient la taille et le m\u00e9tier des clients finaux.<\/p>\n          <\/div>\n        <\/div>\n      <\/div>\n\n      <\/section>\n\n<section class=\"block-grid-wrapper block-grid-for-core-image\">\n      <div class=\"default-editor-content grid-for-core-image grid-container\">\n        <div class=\"grid-x grid-padding-x align-center\">\n          <div class=\"cell\">\n            \n<div class=\"wp-block-image\"><figure class=\"aligncenter size-large\"><img loading=\"lazy\" decoding=\"async\" width=\"1024\" height=\"687\" src=\"https:\/\/www.thegreenbow.com\/wp-content\/uploads\/2021\/07\/Map-TGB-2-1024x687.jpg\" alt=\"thegreenbow-partenaire-programme-carte\" class=\"wp-image-9761\" srcset=\"https:\/\/www.thegreenbow.com\/wp-content\/uploads\/2021\/07\/Map-TGB-2-1024x687.jpg 1024w, https:\/\/www.thegreenbow.com\/wp-content\/uploads\/2021\/07\/Map-TGB-2-300x201.jpg 300w, https:\/\/www.thegreenbow.com\/wp-content\/uploads\/2021\/07\/Map-TGB-2-768x515.jpg 768w, https:\/\/www.thegreenbow.com\/wp-content\/uploads\/2021\/07\/Map-TGB-2-100x67.jpg 100w, https:\/\/www.thegreenbow.com\/wp-content\/uploads\/2021\/07\/Map-TGB-2-301x201.jpg 301w, https:\/\/www.thegreenbow.com\/wp-content\/uploads\/2021\/07\/Map-TGB-2-343x229.jpg 343w, https:\/\/www.thegreenbow.com\/wp-content\/uploads\/2021\/07\/Map-TGB-2.jpg 1236w\" sizes=\"auto, (max-width: 1024px) 100vw, 1024px\" \/><\/figure><\/div>\n          <\/div>\n        <\/div>\n      <\/div>\n\n      <\/section>\n\n<section class=\"block-grid-wrapper block-grid-for-core-heading\">\n      <div class=\"default-editor-content grid-for-core-heading grid-container\">\n        <div class=\"grid-x grid-padding-x align-center\">\n          <div class=\"cell\">\n            \n<h2 class=\"has-text-align-left wp-block-heading\">Cet \u00e9cosyst\u00e8me se compose <br>de diff\u00e9rents types de partenaires <\/h2>\n          <\/div>\n        <\/div>\n      <\/div>\n\n      <\/section>\n\n<section class=\"block-grid-wrapper block-grid-for-core-heading\">\n      <div class=\"default-editor-content grid-for-core-heading grid-container\">\n        <div class=\"grid-x grid-padding-x align-center\">\n          <div class=\"cell\">\n            \n<h3 class=\"wp-block-heading\">Revendeurs<\/h3>\n          <\/div>\n        <\/div>\n      <\/div>\n\n      <\/section>\n\n<section class=\"block-grid-wrapper block-grid-for-core-paragraph\">\n      <div class=\"default-editor-content grid-for-core-paragraph grid-container\">\n        <div class=\"grid-x grid-padding-x align-center\">\n          <div class=\"cell\">\n            \n<p>Nos revendeurs s\u00e9lectionnent les logiciels qui r\u00e9pondent le mieux aux besoins de leurs clients locaux. Pour eux, nous proposons un accord de revente avantageux afin qu\u2019ils enrichissent leur catalogue avec les clients VPN TheGreenBow.<\/p>\n          <\/div>\n        <\/div>\n      <\/div>\n\n      <\/section>\n\n<section class=\"block-grid-wrapper block-grid-for-core-buttons\">\n      <div class=\"default-editor-content grid-for-core-buttons grid-container\">\n        <div class=\"grid-x grid-padding-x align-center\">\n          <div class=\"cell\">\n            \n<div class=\"wp-block-buttons is-content-justification-center is-layout-flex wp-block-buttons-is-layout-flex\">\n<div class=\"wp-block-button is-style-fill\"><a class=\"wp-block-button__link\" href=\"https:\/\/www.thegreenbow.com\/fr\/partenaires\/devenir-revendeur\/\">Demande d&rsquo;agr\u00e9ment<\/a><\/div>\n<\/div>\n          <\/div>\n        <\/div>\n      <\/div>\n\n      <\/section>\n\n<section class=\"block-grid-wrapper block-grid-for-core-heading\">\n      <div class=\"default-editor-content grid-for-core-heading grid-container\">\n        <div class=\"grid-x grid-padding-x align-center\">\n          <div class=\"cell\">\n            \n<h3 class=\"wp-block-heading\">VAR (Value-Added Reseller)<\/h3>\n          <\/div>\n        <\/div>\n      <\/div>\n\n      <\/section>\n\n<section class=\"block-grid-wrapper block-grid-for-core-paragraph\">\n      <div class=\"default-editor-content grid-for-core-paragraph grid-container\">\n        <div class=\"grid-x grid-padding-x align-center\">\n          <div class=\"cell\">\n            \n<p>En proposant une offre packag\u00e9e avec plusieurs composantes compl\u00e9mentaires (mat\u00e9riel, logiciel, services), nos revendeurs \u00e0 valeur ajout\u00e9e accompagnent leurs clients dans une approche cl\u00e9 en main. Nous leur proposons un accord de distribution qui s\u2019inscrit totalement dans cette d\u00e9marche.<\/p>\n          <\/div>\n        <\/div>\n      <\/div>\n\n      <\/section>\n\n<section class=\"block-grid-wrapper block-grid-for-core-buttons\">\n      <div class=\"default-editor-content grid-for-core-buttons grid-container\">\n        <div class=\"grid-x grid-padding-x align-center\">\n          <div class=\"cell\">\n            \n<div class=\"wp-block-buttons is-content-justification-center is-layout-flex wp-block-buttons-is-layout-flex\">\n<div class=\"wp-block-button\"><a class=\"wp-block-button__link\" href=\"https:\/\/www.thegreenbow.com\/fr\/contact\/\">Discutons ensemble<\/a><\/div>\n<\/div>\n          <\/div>\n        <\/div>\n      <\/div>\n\n      <\/section>\n\n<section class=\"block-grid-wrapper block-grid-for-core-heading\">\n      <div class=\"default-editor-content grid-for-core-heading grid-container\">\n        <div class=\"grid-x grid-padding-x align-center\">\n          <div class=\"cell\">\n            \n<h3 class=\"wp-block-heading\">Int\u00e9grateurs de Syst\u00e8mes<\/h3>\n          <\/div>\n        <\/div>\n      <\/div>\n\n      <\/section>\n\n<section class=\"block-grid-wrapper block-grid-for-core-paragraph\">\n      <div class=\"default-editor-content grid-for-core-paragraph grid-container\">\n        <div class=\"grid-x grid-padding-x align-center\">\n          <div class=\"cell\">\n            \n<p>Les ESN (soci\u00e9t\u00e9s de services num\u00e9riques) sont les championnes du sur-mesure. Elles partent du besoin exprim\u00e9 par le client final pour lui construire une solution personnalis\u00e9e. Pour cela, elles associent le conseil, les logiciels, le d\u00e9veloppement, la configuration, les outils de monitoring les plus adapt\u00e9s. Notre programme partenaire a pour vocation de construire une relation durable avec nos int\u00e9grateurs de syst\u00e8mes.<\/p>\n          <\/div>\n        <\/div>\n      <\/div>\n\n      <\/section>\n\n<section class=\"block-grid-wrapper block-grid-for-core-buttons\">\n      <div class=\"default-editor-content grid-for-core-buttons grid-container\">\n        <div class=\"grid-x grid-padding-x align-center\">\n          <div class=\"cell\">\n            \n<div class=\"wp-block-buttons is-content-justification-center is-layout-flex wp-block-buttons-is-layout-flex\">\n<div class=\"wp-block-button\"><a class=\"wp-block-button__link\" href=\"https:\/\/www.thegreenbow.com\/fr\/contact\/\">Discutons ensemble<\/a><\/div>\n<\/div>\n          <\/div>\n        <\/div>\n      <\/div>\n\n      <\/section>\n\n<section class=\"block-grid-wrapper block-grid-for-core-heading\">\n      <div class=\"default-editor-content grid-for-core-heading grid-container\">\n        <div class=\"grid-x grid-padding-x align-center\">\n          <div class=\"cell\">\n            \n<h3 class=\"has-text-align-left wp-block-heading\">ODM (Original Design Manufacturer)<\/h3>\n          <\/div>\n        <\/div>\n      <\/div>\n\n      <\/section>\n\n<section class=\"block-grid-wrapper block-grid-for-core-paragraph\">\n      <div class=\"default-editor-content grid-for-core-paragraph grid-container\">\n        <div class=\"grid-x grid-padding-x align-center\">\n          <div class=\"cell\">\n            \n<p class=\"has-text-align-left\">Le volume des communications \u00e0 prot\u00e9ger ne cesse d\u2019augmenter. Pour s\u00e9curiser ces communications, certains fournisseurs recherchent des partenariats technologiques leur permettant d\u2019int\u00e9grer un client VPN dans leur offre produit. La technologie VPN est au c\u0153ur du savoir-faire de TheGreenBow. Dans la conception et le d\u00e9veloppement de nos logiciels, nous prenons en compte la possibilit\u00e9 de les mettre \u00e0 disposition de nos partenaires ODM. Ils peuvent ainsi b\u00e9n\u00e9ficier d\u2019un client VPN parfaitement int\u00e9gr\u00e9 \u00e0 leur offre avec un minimum d\u2019effort.<\/p>\n          <\/div>\n        <\/div>\n      <\/div>\n\n      <\/section>\n\n<section class=\"block-grid-wrapper block-grid-for-core-buttons\">\n      <div class=\"default-editor-content grid-for-core-buttons grid-container\">\n        <div class=\"grid-x grid-padding-x align-center\">\n          <div class=\"cell\">\n            \n<div class=\"wp-block-buttons is-content-justification-center is-layout-flex wp-block-buttons-is-layout-flex\">\n<div class=\"wp-block-button\"><a class=\"wp-block-button__link\" href=\"https:\/\/www.thegreenbow.com\/fr\/contact\/\">Discutons ensemble<\/a><\/div>\n<\/div>\n          <\/div>\n        <\/div>\n      <\/div>\n\n      <\/section>\n\n\n  <section class=\"linked-page-section\" itemprop=\"hasPart\" itemscope itemtype=\"https:\/\/schema.org\/WebPageElement\">\n    <div class=\"grid-container\">\n      <div class=\"grid-x grid-padding-x align-center\">\n        <div class=\"cell large-6 text-center\">\n          <div class=\"bkg-wrapper\">\n            <a href=\"https:\/\/www.thegreenbow.com\/fr\/partenaires\/espace-prive-partenaires\/\" target=\"_self\">\n                              <figure class=\"page-image-1\">\n                  <img decoding=\"async\"  data-fade-in loading=\"lazy\" src=\"data:image\/png;base64,R0lGODlhAQABAAD\/ACwAAAAAAQABAAACADs=\" data-lazy-interchange=\"[https:\/\/www.thegreenbow.com\/wp-content\/uploads\/2021\/05\/thegreenbow-header-partenaires-min-335x125.jpg, small], [https:\/\/www.thegreenbow.com\/wp-content\/uploads\/2021\/05\/thegreenbow-header-partenaires-min-536x200.jpg, xlarge], [https:\/\/www.thegreenbow.com\/wp-content\/uploads\/2021\/05\/thegreenbow-header-partenaires-min-670x250.jpg, retina], [https:\/\/www.thegreenbow.com\/wp-content\/uploads\/2021\/05\/thegreenbow-header-partenaires-min-1072x400.jpg, medium_retina]\" data-interchange-sizes=\"{&quot;small&quot;:{&quot;w&quot;:335,&quot;h&quot;:125},&quot;xlarge&quot;:{&quot;w&quot;:536,&quot;h&quot;:200},&quot;retina&quot;:{&quot;w&quot;:670,&quot;h&quot;:250},&quot;medium_retina&quot;:{&quot;w&quot;:1072,&quot;h&quot;:400},&quot;xlarge_retina&quot;:{&quot;w&quot;:1072,&quot;h&quot;:400}}\"  alt=\"Programme partenaire\" itemprop=\"image\" data-fade-in \/>\n                <\/figure>\n              \n              <h2 itemprop=\"name\">D\u00e9j\u00e0 partenaire ? Acc\u00e9dez \u00e0 votre espace<\/h2>\n            <\/a>\n          <\/div>\n        <\/div>\n      <\/div>\n    <\/div>\n  <\/section>\n","protected":false},"excerpt":{"rendered":"<p>Ensemble nous cr\u00e9ons plus de valeur pour les clients finaux Avec la mont\u00e9e en puissance du t\u00e9l\u00e9travail, les organisations ont un besoin croissant de prot\u00e9ger les \u00e9changes d\u2019information entre des \u00e9quipements nomades et leur syst\u00e8me d\u2019information. Pour renforcer leur politique de cybers\u00e9curit\u00e9, elles se tournent en priorit\u00e9 vers les solutions VPN. TheGreenBow \u00e9dite un client [&hellip;]<\/p>\n","protected":false},"author":1,"featured_media":0,"parent":92,"menu_order":53,"comment_status":"closed","ping_status":"closed","template":"","meta":{"_acf_changed":false,"resource_type":"internal","footnotes":""},"class_list":["post-94","page","type-page","status-publish","hentry"],"acf":[],"yoast_head":"<!-- This site is optimized with the Yoast SEO plugin v27.3 - https:\/\/yoast.com\/product\/yoast-seo-wordpress\/ -->\n<title>Programme partenaire - TheGreenBow<\/title>\n<meta name=\"description\" content=\"Pour \u00eatre proche des besoins clients, TheGreenBow a d\u00e9velopp\u00e9 un \u00e9cosyst\u00e8me international de partenaires revendeurs, int\u00e9grateurs et ODM.\" \/>\n<meta name=\"robots\" content=\"index, follow, max-snippet:-1, max-image-preview:large, max-video-preview:-1\" \/>\n<link rel=\"canonical\" href=\"https:\/\/www.thegreenbow.com\/fr\/partenaires\/programme-partenaire\/\" \/>\n<meta property=\"og:locale\" content=\"fr_FR\" \/>\n<meta property=\"og:type\" content=\"article\" \/>\n<meta property=\"og:title\" content=\"Programme partenaire - TheGreenBow\" \/>\n<meta property=\"og:description\" content=\"Pour \u00eatre proche des besoins clients, TheGreenBow a d\u00e9velopp\u00e9 un \u00e9cosyst\u00e8me international de partenaires revendeurs, int\u00e9grateurs et ODM.\" \/>\n<meta property=\"og:url\" content=\"https:\/\/www.thegreenbow.com\/fr\/partenaires\/programme-partenaire\/\" \/>\n<meta property=\"og:site_name\" content=\"TheGreenBow\" \/>\n<meta property=\"article:modified_time\" content=\"2021-07-27T12:30:44+00:00\" \/>\n<meta property=\"og:image\" content=\"https:\/\/www.thegreenbow.com\/wp-content\/uploads\/2021\/07\/Map-TGB-2-1024x687.jpg\" \/>\n<meta name=\"twitter:card\" content=\"summary_large_image\" \/>\n<meta name=\"twitter:site\" content=\"@thegreenbow\" \/>\n<meta name=\"twitter:label1\" content=\"Dur\u00e9e de lecture estim\u00e9e\" \/>\n\t<meta name=\"twitter:data1\" content=\"2 minutes\" \/>\n<script type=\"application\/ld+json\" class=\"yoast-schema-graph\">{\"@context\":\"https:\\\/\\\/schema.org\",\"@graph\":[{\"@type\":\"WebPage\",\"@id\":\"https:\\\/\\\/www.thegreenbow.com\\\/fr\\\/partenaires\\\/programme-partenaire\\\/\",\"url\":\"https:\\\/\\\/www.thegreenbow.com\\\/fr\\\/partenaires\\\/programme-partenaire\\\/\",\"name\":\"Programme partenaire - TheGreenBow\",\"isPartOf\":{\"@id\":\"https:\\\/\\\/www.thegreenbow.com\\\/fr\\\/#website\"},\"primaryImageOfPage\":{\"@id\":\"https:\\\/\\\/www.thegreenbow.com\\\/fr\\\/partenaires\\\/programme-partenaire\\\/#primaryimage\"},\"image\":{\"@id\":\"https:\\\/\\\/www.thegreenbow.com\\\/fr\\\/partenaires\\\/programme-partenaire\\\/#primaryimage\"},\"thumbnailUrl\":\"https:\\\/\\\/www.thegreenbow.com\\\/wp-content\\\/uploads\\\/2021\\\/07\\\/Map-TGB-2-1024x687.jpg\",\"datePublished\":\"2021-03-26T14:04:50+00:00\",\"dateModified\":\"2021-07-27T12:30:44+00:00\",\"description\":\"Pour \u00eatre proche des besoins clients, TheGreenBow a d\u00e9velopp\u00e9 un \u00e9cosyst\u00e8me international de partenaires revendeurs, int\u00e9grateurs et ODM.\",\"breadcrumb\":{\"@id\":\"https:\\\/\\\/www.thegreenbow.com\\\/fr\\\/partenaires\\\/programme-partenaire\\\/#breadcrumb\"},\"inLanguage\":\"fr-FR\",\"potentialAction\":[{\"@type\":\"ReadAction\",\"target\":[\"https:\\\/\\\/www.thegreenbow.com\\\/fr\\\/partenaires\\\/programme-partenaire\\\/\"]}]},{\"@type\":\"ImageObject\",\"inLanguage\":\"fr-FR\",\"@id\":\"https:\\\/\\\/www.thegreenbow.com\\\/fr\\\/partenaires\\\/programme-partenaire\\\/#primaryimage\",\"url\":\"https:\\\/\\\/www.thegreenbow.com\\\/wp-content\\\/uploads\\\/2021\\\/07\\\/Map-TGB-2-1024x687.jpg\",\"contentUrl\":\"https:\\\/\\\/www.thegreenbow.com\\\/wp-content\\\/uploads\\\/2021\\\/07\\\/Map-TGB-2-1024x687.jpg\"},{\"@type\":\"BreadcrumbList\",\"@id\":\"https:\\\/\\\/www.thegreenbow.com\\\/fr\\\/partenaires\\\/programme-partenaire\\\/#breadcrumb\",\"itemListElement\":[{\"@type\":\"ListItem\",\"position\":1,\"name\":\"Accueil\",\"item\":\"https:\\\/\\\/www.thegreenbow.com\\\/fr\\\/\"},{\"@type\":\"ListItem\",\"position\":2,\"name\":\"Partenaires\",\"item\":\"https:\\\/\\\/www.thegreenbow.com\\\/fr\\\/partenaires\\\/programme-partenaire\\\/\"},{\"@type\":\"ListItem\",\"position\":3,\"name\":\"Programme partenaire\"}]},{\"@type\":\"WebSite\",\"@id\":\"https:\\\/\\\/www.thegreenbow.com\\\/fr\\\/#website\",\"url\":\"https:\\\/\\\/www.thegreenbow.com\\\/fr\\\/\",\"name\":\"TheGreenBow\",\"description\":\"\",\"publisher\":{\"@id\":\"https:\\\/\\\/www.thegreenbow.com\\\/fr\\\/#organization\"},\"potentialAction\":[{\"@type\":\"SearchAction\",\"target\":{\"@type\":\"EntryPoint\",\"urlTemplate\":\"https:\\\/\\\/www.thegreenbow.com\\\/fr\\\/?s={search_term_string}\"},\"query-input\":{\"@type\":\"PropertyValueSpecification\",\"valueRequired\":true,\"valueName\":\"search_term_string\"}}],\"inLanguage\":\"fr-FR\"},{\"@type\":\"Organization\",\"@id\":\"https:\\\/\\\/www.thegreenbow.com\\\/fr\\\/#organization\",\"name\":\"TheGreenBow\",\"url\":\"https:\\\/\\\/www.thegreenbow.com\\\/fr\\\/\",\"logo\":{\"@type\":\"ImageObject\",\"inLanguage\":\"fr-FR\",\"@id\":\"https:\\\/\\\/www.thegreenbow.com\\\/fr\\\/#\\\/schema\\\/logo\\\/image\\\/\",\"url\":\"https:\\\/\\\/www.thegreenbow.com\\\/wp-content\\\/uploads\\\/2021\\\/04\\\/Logotype@2x-min.png\",\"contentUrl\":\"https:\\\/\\\/www.thegreenbow.com\\\/wp-content\\\/uploads\\\/2021\\\/04\\\/Logotype@2x-min.png\",\"width\":422,\"height\":84,\"caption\":\"TheGreenBow\"},\"image\":{\"@id\":\"https:\\\/\\\/www.thegreenbow.com\\\/fr\\\/#\\\/schema\\\/logo\\\/image\\\/\"},\"sameAs\":[\"https:\\\/\\\/x.com\\\/thegreenbow\",\"https:\\\/\\\/fr.linkedin.com\\\/company\\\/thegreenbow\",\"https:\\\/\\\/www.youtube.com\\\/channel\\\/UCZKtI7_fmgFcmovgGSy8AnQ\"]}]}<\/script>\n<!-- \/ Yoast SEO plugin. -->","yoast_head_json":{"title":"Programme partenaire - TheGreenBow","description":"Pour \u00eatre proche des besoins clients, TheGreenBow a d\u00e9velopp\u00e9 un \u00e9cosyst\u00e8me international de partenaires revendeurs, int\u00e9grateurs et ODM.","robots":{"index":"index","follow":"follow","max-snippet":"max-snippet:-1","max-image-preview":"max-image-preview:large","max-video-preview":"max-video-preview:-1"},"canonical":"https:\/\/www.thegreenbow.com\/fr\/partenaires\/programme-partenaire\/","og_locale":"fr_FR","og_type":"article","og_title":"Programme partenaire - TheGreenBow","og_description":"Pour \u00eatre proche des besoins clients, TheGreenBow a d\u00e9velopp\u00e9 un \u00e9cosyst\u00e8me international de partenaires revendeurs, int\u00e9grateurs et ODM.","og_url":"https:\/\/www.thegreenbow.com\/fr\/partenaires\/programme-partenaire\/","og_site_name":"TheGreenBow","article_modified_time":"2021-07-27T12:30:44+00:00","og_image":[{"url":"https:\/\/www.thegreenbow.com\/wp-content\/uploads\/2021\/07\/Map-TGB-2-1024x687.jpg","type":"","width":"","height":""}],"twitter_card":"summary_large_image","twitter_site":"@thegreenbow","twitter_misc":{"Dur\u00e9e de lecture estim\u00e9e":"2 minutes"},"schema":{"@context":"https:\/\/schema.org","@graph":[{"@type":"WebPage","@id":"https:\/\/www.thegreenbow.com\/fr\/partenaires\/programme-partenaire\/","url":"https:\/\/www.thegreenbow.com\/fr\/partenaires\/programme-partenaire\/","name":"Programme partenaire - TheGreenBow","isPartOf":{"@id":"https:\/\/www.thegreenbow.com\/fr\/#website"},"primaryImageOfPage":{"@id":"https:\/\/www.thegreenbow.com\/fr\/partenaires\/programme-partenaire\/#primaryimage"},"image":{"@id":"https:\/\/www.thegreenbow.com\/fr\/partenaires\/programme-partenaire\/#primaryimage"},"thumbnailUrl":"https:\/\/www.thegreenbow.com\/wp-content\/uploads\/2021\/07\/Map-TGB-2-1024x687.jpg","datePublished":"2021-03-26T14:04:50+00:00","dateModified":"2021-07-27T12:30:44+00:00","description":"Pour \u00eatre proche des besoins clients, TheGreenBow a d\u00e9velopp\u00e9 un \u00e9cosyst\u00e8me international de partenaires revendeurs, int\u00e9grateurs et ODM.","breadcrumb":{"@id":"https:\/\/www.thegreenbow.com\/fr\/partenaires\/programme-partenaire\/#breadcrumb"},"inLanguage":"fr-FR","potentialAction":[{"@type":"ReadAction","target":["https:\/\/www.thegreenbow.com\/fr\/partenaires\/programme-partenaire\/"]}]},{"@type":"ImageObject","inLanguage":"fr-FR","@id":"https:\/\/www.thegreenbow.com\/fr\/partenaires\/programme-partenaire\/#primaryimage","url":"https:\/\/www.thegreenbow.com\/wp-content\/uploads\/2021\/07\/Map-TGB-2-1024x687.jpg","contentUrl":"https:\/\/www.thegreenbow.com\/wp-content\/uploads\/2021\/07\/Map-TGB-2-1024x687.jpg"},{"@type":"BreadcrumbList","@id":"https:\/\/www.thegreenbow.com\/fr\/partenaires\/programme-partenaire\/#breadcrumb","itemListElement":[{"@type":"ListItem","position":1,"name":"Accueil","item":"https:\/\/www.thegreenbow.com\/fr\/"},{"@type":"ListItem","position":2,"name":"Partenaires","item":"https:\/\/www.thegreenbow.com\/fr\/partenaires\/programme-partenaire\/"},{"@type":"ListItem","position":3,"name":"Programme partenaire"}]},{"@type":"WebSite","@id":"https:\/\/www.thegreenbow.com\/fr\/#website","url":"https:\/\/www.thegreenbow.com\/fr\/","name":"TheGreenBow","description":"","publisher":{"@id":"https:\/\/www.thegreenbow.com\/fr\/#organization"},"potentialAction":[{"@type":"SearchAction","target":{"@type":"EntryPoint","urlTemplate":"https:\/\/www.thegreenbow.com\/fr\/?s={search_term_string}"},"query-input":{"@type":"PropertyValueSpecification","valueRequired":true,"valueName":"search_term_string"}}],"inLanguage":"fr-FR"},{"@type":"Organization","@id":"https:\/\/www.thegreenbow.com\/fr\/#organization","name":"TheGreenBow","url":"https:\/\/www.thegreenbow.com\/fr\/","logo":{"@type":"ImageObject","inLanguage":"fr-FR","@id":"https:\/\/www.thegreenbow.com\/fr\/#\/schema\/logo\/image\/","url":"https:\/\/www.thegreenbow.com\/wp-content\/uploads\/2021\/04\/Logotype@2x-min.png","contentUrl":"https:\/\/www.thegreenbow.com\/wp-content\/uploads\/2021\/04\/Logotype@2x-min.png","width":422,"height":84,"caption":"TheGreenBow"},"image":{"@id":"https:\/\/www.thegreenbow.com\/fr\/#\/schema\/logo\/image\/"},"sameAs":["https:\/\/x.com\/thegreenbow","https:\/\/fr.linkedin.com\/company\/thegreenbow","https:\/\/www.youtube.com\/channel\/UCZKtI7_fmgFcmovgGSy8AnQ"]}]}},"_links":{"self":[{"href":"https:\/\/www.thegreenbow.com\/fr\/wp-json\/wp\/v2\/pages\/94","targetHints":{"allow":["GET"]}}],"collection":[{"href":"https:\/\/www.thegreenbow.com\/fr\/wp-json\/wp\/v2\/pages"}],"about":[{"href":"https:\/\/www.thegreenbow.com\/fr\/wp-json\/wp\/v2\/types\/page"}],"author":[{"embeddable":true,"href":"https:\/\/www.thegreenbow.com\/fr\/wp-json\/wp\/v2\/users\/1"}],"replies":[{"embeddable":true,"href":"https:\/\/www.thegreenbow.com\/fr\/wp-json\/wp\/v2\/comments?post=94"}],"version-history":[{"count":86,"href":"https:\/\/www.thegreenbow.com\/fr\/wp-json\/wp\/v2\/pages\/94\/revisions"}],"predecessor-version":[{"id":10195,"href":"https:\/\/www.thegreenbow.com\/fr\/wp-json\/wp\/v2\/pages\/94\/revisions\/10195"}],"up":[{"embeddable":true,"href":"https:\/\/www.thegreenbow.com\/fr\/wp-json\/wp\/v2\/pages\/92"}],"wp:attachment":[{"href":"https:\/\/www.thegreenbow.com\/fr\/wp-json\/wp\/v2\/media?parent=94"}],"curies":[{"name":"wp","href":"https:\/\/api.w.org\/{rel}","templated":true}]}}